{"id":672,"date":"2020-04-22T14:01:17","date_gmt":"2020-04-22T12:01:17","guid":{"rendered":"https:\/\/www.magnolio.shop\/ylang-ylang-ylang-ylang\/"},"modified":"2025-11-17T15:36:27","modified_gmt":"2025-11-17T14:36:27","slug":"ylang-ylang-oel-doterra-ylang-ylang","status":"publish","type":"product","link":"https:\/\/www.magnolioworld.com\/green-ch\/ylang-ylang-oel-doterra-ylang-ylang\/","title":{"rendered":"Ylang Ylang \u00d6l &#8211; doTERRA Ylang Ylang"},"content":{"rendered":"<p><strong>doTERRA Ylang Ylang<\/strong> &#8211; Eine Wohltat f\u00fcr Herz und Seele<\/p>\n<p>Ylang Ylang ist ein in der Natur bis zu 25 Meter hoch wachsender immergr\u00fcner Baum, der seinen Ursprung auf den Philippinen und Indonesien hat. Die gelblich-gr\u00fcnen Bl\u00fcten werden destilliert und liefern das s\u00fcss-w\u00fcrzige \u00e4therische <strong>doTERRA Ylang Ylang.<\/strong> In der Aromatherapie wird das \u00e4therische \u00d6l zum Abbau von Spannungen bei gleichzeitiger F\u00f6rderung einer positiven Einstellung eingesetzt. Innerlich wirkt Ylang Ylang antioxidativ.<\/p>\n<p>W\u00e4rmt Herz und Seele, l\u00e4sst das innere Kind aufleben und das Herz vor Freude h\u00fcpfen. Ideal auch f\u00fcr Yoga und die spirituelle Praxis.<\/p>\n<p>Die beruhigende und herzerw\u00e4rmende Wirkung dieses exotischen Ylang Ylang \u00d6ls kann besonders \u00fcber den Diffuser erzeugt werden. Au\u00dferdem kann es \u00fcber die Handgelenke inhaliert bzw. bei nerv\u00f6ser Unruhe zusammen mit Tr\u00e4ger\u00f6l \u00fcber die Herzgegend aufgetragen werden.<br \/>\nAls wohltuende Spa-Anwendung im Badewasser bzw. mit Tr\u00e4ger\u00f6l zur Massage f\u00fcr ein Gef\u00fchl der Ruhe und Entspannung verwende.<\/p>\n<p><strong>Empfehlung<\/strong><br \/>\nAromatisch: Vernebele\u00a0 3-4 Tropfen doTERRA Ylang Ylang um dein Herz und deine Seele zu erfreuen und das innere Kind in Dir zu wecken. F\u00fcr eine optimale emotionale Wirkung das \u00d6l \u00fcber die Pulspunkte oder Handfl\u00e4chen inhalieren. Ideal f\u00fcr Coaching und die therapeutische sowie spirituelle Praxis. <br \/>\nTopisch: Nutze f\u00fcr einen duftenden und erhebenden Effekt das \u00d6l in der t\u00e4glichen K\u00f6rperpflege. Optimal auch, um die Kopfhaut zu st\u00e4rken und f\u00fcr gl\u00e4nzende Haare durch die Zugabe in Shampoo oder Conditioner. <br \/>\nF\u00fcr eine entspannende Massage nach einem langen Arbeitstag 5 Tropfen doTERRA Ylang Ylang zusammen mit 10 ml Tr\u00e4ger\u00f6l vermischen.<br \/>\nParf\u00fcm: Kreiere dein individuelles Dufterlebnis, indem du den intensiven Bl\u00fctenduft mit Bergamotte und anderen Lieblings\u00f6len mischt.<\/p>\n<p><strong>Sichere Verwendung<\/strong><br \/>\nKann Hautreizungen verursachen. Au\u00dferhalb der Reichweite von Kindern aufbewahren. Wenn du schwanger bist oder in \u00e4rztlicher Behandlung stehst, konsultiere bitte deinen Arzt. Kontakt mit Augen, Innenohren, Gesicht, empfindlichen Stellen und Schleimh\u00e4uten vermeiden. Topisch bitte die \u00d6le stets mit Tr\u00e4ger\u00f6l (z.B. fraktioniertem Kokos\u00f6l) verd\u00fcnnen.<\/p>\n","protected":false},"excerpt":{"rendered":"<h2 style=\"font-size: 28px;\">Das \u00d6l des Inneren Kindes<\/h2>\n<p>doTERRA Ylang Ylang &#8211; W\u00e4rmt Herz und Seele und l\u00e4sst das innere Kind aufleben. Dazu Ylang Ylang \u00d6l \u00fcber die Pulspunkte tief inhalieren bzw. den Diffuser vernebeln. Als wohltuende Spa-Anwendung im Badewasser bzw. mit Tr\u00e4ger\u00f6l zur Massage f\u00fcr ein Gef\u00fchl der Ruhe und Entspannung verwenden. Ideal auch f\u00fcr Yoga und die spirituelle Praxis.<\/p>\n","protected":false},"featured_media":613,"template":"","meta":{"_et_pb_use_builder":"","_et_pb_old_content":"","_et_gb_content_width":""},"product_cat":[15,50,38,42,1939,1941,1970,1968],"product_tag":[224],"_links":{"self":[{"href":"https:\/\/www.magnolioworld.com\/green-ch\/wp-json\/wp\/v2\/product\/672"}],"collection":[{"href":"https:\/\/www.magnolioworld.com\/green-ch\/wp-json\/wp\/v2\/product"}],"about":[{"href":"https:\/\/www.magnolioworld.com\/green-ch\/wp-json\/wp\/v2\/types\/product"}],"wp:featuredmedia":[{"embeddable":true,"href":"https:\/\/www.magnolioworld.com\/green-ch\/wp-json\/wp\/v2\/media\/613"}],"wp:attachment":[{"href":"https:\/\/www.magnolioworld.com\/green-ch\/wp-json\/wp\/v2\/media?parent=672"}],"wp:term":[{"taxonomy":"product_cat","embeddable":true,"href":"https:\/\/www.magnolioworld.com\/green-ch\/wp-json\/wp\/v2\/product_cat?post=672"},{"taxonomy":"product_tag","embeddable":true,"href":"https:\/\/www.magnolioworld.com\/green-ch\/wp-json\/wp\/v2\/product_tag?post=672"}],"curies":[{"name":"wp","href":"https:\/\/api.w.org\/{rel}","templated":true}]}}