{"id":669,"date":"2020-04-22T14:01:17","date_gmt":"2020-04-22T12:01:17","guid":{"rendered":"https:\/\/www.magnolio.shop\/wild-orange-wildorange\/"},"modified":"2025-11-17T16:00:48","modified_gmt":"2025-11-17T15:00:48","slug":"orangenoel-doterra-wild-orange","status":"publish","type":"product","link":"https:\/\/www.magnolioworld.com\/green-ch\/orangenoel-doterra-wild-orange\/","title":{"rendered":"Orangen\u00f6l &#8211; doTERRA Wild Orange"},"content":{"rendered":"<p><strong>doTERRA Wild Orange<\/strong> &#8211; Das \u00d6l f\u00fcr F\u00fclle und Reichtum<\/p>\n<p>Die Wild Orange ist eine bis zu 10 Meter hohe immergr\u00fcne Zitruspflanze. Wie die Bitterorange (Petitgrain) ist sie vermutlich aus einer Kreuzung zwischen Pampelmuse und Mandarine hervorgegangen.<\/p>\n<p><strong>doTERRA Wild Orange<\/strong> wird aus den Fruchtschalen der besten sizilianischen Orangen kaltgepresst. Dabei werden f\u00fcr 15 ml Orangen\u00f6<strong>l<\/strong> etwa 155 reife Orangen verwendet. <br \/>\nDas Orangen\u00f6l hat eine hohe Konzentration an Monoterpenen und reichlich Antioxidantien. In der Naturheilkunde empfiehlt man die \u00e4therischen \u00d6le der Wildorange f\u00fcr ihre stimulierenden und Energie gebenden Eigenschaften. Sie hat ebenso reinigende und erfrischende Eigenschaften.<\/p>\n<p>Gerade in tr\u00fcben und herausfordernden Zeiten ist dieses die Stimmung hebende \u00d6l eine Wohltat f\u00fcr die Seele. Wenn man die Augen schlie\u00dft, meint man durch einen Orangenhain zu laufen.<\/p>\n<p>Bei Kindern ist dieses aromatische s\u00fcsse und sanfte \u00d6l sehr beliebt.<\/p>\n<p><strong>Empfehlung<\/strong><br \/>\nAromatisch: Zur Steigerung des Wohlbefindens und einem belebenden Raumklima 3-4 Tropfen doTERRA Wild Orange im Diffuser vernebeln. F\u00fcr eine optimale emotionale Wirkung das \u00d6l \u00fcber die Handgelenke oder Handfl\u00e4chen inhalieren. Ideal auch als Energiekick beim Lernen oder zur Motivation.<br \/>\nInnerlich: Orange ist ideal f\u00fcr mehr Energie und Wachheit. Daf\u00fcr empfiehlt sich, 1-2 Tropfen des \u00d6ls in 125 ml Wasser zu geben und dies zur t\u00e4glichen Routine und bei Bedarf zu machen. <br \/>\nMische als besonderen Duftkick f\u00fcr den Raum 10-15 Tropfen des \u00d6ls mit 125 ml Wasser in einer Spr\u00fchflasche und erfrische damit Deine Raumluft.<br \/>\nBeim Kochen und Backen kann doTERRA Wild Orange ebenfalls sehr gut verwendet werden und auch Mixgetr\u00e4nke herrlich abrunden.<br \/>\nTopisch: Gib 1-2 Tropfen zu deiner K\u00f6rperlotion oder deinem Duschbad dazu und geniesse den mediterranen Duft, der dich \u00fcber den Tag begleitet. Als entspannende Massage nach einem langen Tag 5 Tropfen des \u00d6ls mit Tr\u00e4ger\u00f6l mischen. F\u00fcr ein die Sinne belebendes Wohlf\u00fchlbad 5 Tropfen mit 5 ml Tr\u00e4ger\u00f6l, Mandelmilch oder Sahne mischen.<br \/>\nParf\u00fcm: Kreiere Deine eigene Duftkreation, indem Du das Orangen\u00f6l mit herzerw\u00e4rmenden Bl\u00fcten\u00f6len und erdenden Baum\u00f6len mischt.<\/p>\n<p><strong>Sichere Anwendung<\/strong><br \/>\nKann Hautreizungen verursachen. Au\u00dferhalb der Reichweite von Kindern aufbewahren. Wenn du schwanger bist oder in \u00e4rztlicher Behandlung stehst, konsultiere bitte deinen Arzt. Kontakt mit Augen, Innenohren, Gesicht, empfindlichen Stellen und Schleimh\u00e4uten vermeiden. \u00c4u\u00dferlich bitte die \u00d6le stets mit Tr\u00e4ger\u00f6l (z.B. fraktioniertem Kokos\u00f6l) verd\u00fcnnen. Da Zitrus\u00f6le photosensitiv sind, nach Hautkontakt mindestens 12 Stunden lang keiner Sonne und UV-Strahlung aussetzen.<\/p>\n","protected":false},"excerpt":{"rendered":"<h2 style=\"font-size: 28px;\">Das \u00d6l f\u00fcr F\u00fclle und Reichtum<\/h2>\n<p>doTERRA Wild Orange &#8211; F\u00fcr mehr Wachheit und Energie \u00fcber die Pulspunkte tief inhalieren bzw. dem Wasserglas hinzuf\u00fcgen f\u00fcr einen gro\u00dfartigen Geschmack. Emotional verschafft es \u00fcber den Diffuser oder Inhalation ein Gef\u00fchl der Lebensf\u00fclle und des inneren Reichtums. Auch bei Kindern sehr beliebt.<\/p>\n","protected":false},"featured_media":609,"template":"","meta":{"_et_pb_use_builder":"","_et_pb_old_content":"","_et_gb_content_width":""},"product_cat":[15,50,36,38,46,45,2110,1937,1938,1951,1959,1967,1974,1979,1985,1904],"product_tag":[218,219],"_links":{"self":[{"href":"https:\/\/www.magnolioworld.com\/green-ch\/wp-json\/wp\/v2\/product\/669"}],"collection":[{"href":"https:\/\/www.magnolioworld.com\/green-ch\/wp-json\/wp\/v2\/product"}],"about":[{"href":"https:\/\/www.magnolioworld.com\/green-ch\/wp-json\/wp\/v2\/types\/product"}],"wp:featuredmedia":[{"embeddable":true,"href":"https:\/\/www.magnolioworld.com\/green-ch\/wp-json\/wp\/v2\/media\/609"}],"wp:attachment":[{"href":"https:\/\/www.magnolioworld.com\/green-ch\/wp-json\/wp\/v2\/media?parent=669"}],"wp:term":[{"taxonomy":"product_cat","embeddable":true,"href":"https:\/\/www.magnolioworld.com\/green-ch\/wp-json\/wp\/v2\/product_cat?post=669"},{"taxonomy":"product_tag","embeddable":true,"href":"https:\/\/www.magnolioworld.com\/green-ch\/wp-json\/wp\/v2\/product_tag?post=669"}],"curies":[{"name":"wp","href":"https:\/\/api.w.org\/{rel}","templated":true}]}}