{"id":668,"date":"2020-04-22T14:01:16","date_gmt":"2020-04-22T12:01:16","guid":{"rendered":"https:\/\/www.magnolio.shop\/vetiver-vetiver\/"},"modified":"2025-11-17T14:14:36","modified_gmt":"2025-11-17T13:14:36","slug":"vetiveroel-doterra-vetiver","status":"publish","type":"product","link":"https:\/\/www.magnolioworld.com\/green-ch\/vetiveroel-doterra-vetiver\/","title":{"rendered":"Vetiver\u00f6l &#8211; doTERRA Vetiver"},"content":{"rendered":"<p><strong>doTERRA Vetiver<\/strong> &#8211; Der Fels in der Brandung auch in st\u00fcrmischen Zeiten<\/p>\n<p>Vetiver ist ein tropisches S\u00fc\u00dfgras mit Wuchsh\u00f6he bis 1,5 Meter. Das sehr dichte Wurzelwerk dringt bis in Tiefen von 3 Meter vor und stabilisiert den Feuchtigkeitshaushalt im Untergrund. Der exotisch schwere Erdduft von Vetiver\u00f6l erinnert an Patchouli und wirkt positiv auf Emotionen. <\/p>\n<p>Das aus den Wurzeln des Haitianisches S\u00fc\u00dfgras gewonnenes \u00d6l wird auch als beruhigend und erdend beschrieben. Die Naturheilkunde lobt hingegen die St\u00e4rkung des Immunsystems und einen gesunden Schlaf als Hauptnutzen.<\/p>\n<p><strong>doTERRA Vetiver<\/strong> &#8211; F\u00fcr Ruhe, Ausgeglichenheit und eine ruhige Nacht. Es verschafft tiefe Verwurzelung, gibt Orientierung und l\u00e4sst so auch die st\u00e4rksten St\u00fcrme des Lebens sicher durchstehen. Wunderbar auch zur Zentrierung beim Lernen und gegen Unruhe geeignet.<\/p>\n<p><strong>Empfehlung<\/strong><br \/>\nAromatisch: F\u00fcr Ruhe und Ausgleich 3-4 Tropfen doTERRA Vetiver in den Diffuser geben oder \u00fcber die Handgelenke tief inhalieren. Ideal zusammen mit Lavendel, doTERRA Serenity und doTERRA Balance. F\u00fcr die t\u00e4gliche Einschlafroutine 1-2 Tropfen des \u00d6ls auf die Fu\u00dfsohlen geben. Bei unruhigen und unkonzentrierten Kindern 1-2 Tropfen morgens verd\u00fcnnt f\u00fcr einen ruhigen Start auf die F\u00fc\u00dfe geben.<br \/>\nTopisch: Massiere 5 Tropfen des \u00d6ls zusammen mit 10 ml Tr\u00e4ger\u00f6l ein und lasse Deinen K\u00f6rper nach einem langen Tag tief entspannen. Gib 5 Tropfen doTERRA Vetiver mit Tr\u00e4ger\u00f6l, Mandelmilch oder Sahne in ein wohltuendes Entspannungsbad.<br \/>\nZur einfacheren Anwendung. Da Vetiver\u00f6l wie Myrrhe sehr z\u00e4h ist und etwas schwerf\u00e4llig aus der Flasche kommt, ist es einfacher sich f\u00fcr den t\u00e4glichen Gebrauch einen Roll-On mit 5-10 Tropfen des \u00d6l aufgef\u00fcllt mit fraktioniertem Kokos\u00f6l zu erstellen.<\/p>\n<p><strong>Sichere Verwendung<\/strong><br \/>\nKann Hautreizungen verursachen. Au\u00dferhalb der Reichweite von Kindern aufbewahren. Wenn du schwanger bist oder in \u00e4rztlicher Behandlung stehst, konsultiere bitte deinen Arzt. Kontakt mit Augen, Innenohren, Gesicht, empfindlichen Stellen und Schleimh\u00e4uten vermeiden. Topisch bitte die \u00d6le stets mit Tr\u00e4ger\u00f6l (z.B. fraktioniertem Kokos\u00f6l) verd\u00fcnnen.<\/p>\n","protected":false},"excerpt":{"rendered":"<h2 style=\"font-size: 28px;\">Das \u00d6l der Zentrierung und Herkunft<\/h2>\n<p>doTERRA Vetiver &#8211; F\u00fcr Ruhe und Ausgeglichenheit und eine ruhige Nacht. Vetiver\u00f6l verschafft\u00a0 tiefe Verwurzelung, gibt Orientierung und l\u00e4sst so auch die st\u00e4rksten St\u00fcrme des Lebens sicher durchstehen. Wunderbar auch zur Zentrierung beim Lernen und gegen Unruhe geeignet.<\/p>\n","protected":false},"featured_media":605,"template":"","meta":{"_et_pb_use_builder":"","_et_pb_old_content":"","_et_gb_content_width":""},"product_cat":[15,50,38,46,45,1958,1974,1984],"product_tag":[217],"_links":{"self":[{"href":"https:\/\/www.magnolioworld.com\/green-ch\/wp-json\/wp\/v2\/product\/668"}],"collection":[{"href":"https:\/\/www.magnolioworld.com\/green-ch\/wp-json\/wp\/v2\/product"}],"about":[{"href":"https:\/\/www.magnolioworld.com\/green-ch\/wp-json\/wp\/v2\/types\/product"}],"wp:featuredmedia":[{"embeddable":true,"href":"https:\/\/www.magnolioworld.com\/green-ch\/wp-json\/wp\/v2\/media\/605"}],"wp:attachment":[{"href":"https:\/\/www.magnolioworld.com\/green-ch\/wp-json\/wp\/v2\/media?parent=668"}],"wp:term":[{"taxonomy":"product_cat","embeddable":true,"href":"https:\/\/www.magnolioworld.com\/green-ch\/wp-json\/wp\/v2\/product_cat?post=668"},{"taxonomy":"product_tag","embeddable":true,"href":"https:\/\/www.magnolioworld.com\/green-ch\/wp-json\/wp\/v2\/product_tag?post=668"}],"curies":[{"name":"wp","href":"https:\/\/api.w.org\/{rel}","templated":true}]}}