{"id":663,"date":"2020-04-22T14:01:16","date_gmt":"2020-04-22T12:01:16","guid":{"rendered":"https:\/\/www.magnolio.shop\/siberian-fir-sibirische-tanne\/"},"modified":"2025-11-17T16:26:27","modified_gmt":"2025-11-17T15:26:27","slug":"sibirisches-tannenoel-doterra-siberian-fir","status":"publish","type":"product","link":"https:\/\/www.magnolioworld.com\/green-ch\/sibirisches-tannenoel-doterra-siberian-fir\/","title":{"rendered":"Sibirisches Tannen\u00f6l &#8211; doTERRA Siberian Fir"},"content":{"rendered":"<p><strong>doTERRA Siberian Fir <\/strong>&#8211; Beruhigend und erdend in allen Lebenslagen<\/p>\n<p>Die Sibirische Tanne ist ein bis zu 40 Meter hohes immergr\u00fcnes Kieferngew\u00e4chs. Ihr Verbreitungsgebiet erstreckt sich von Nordeuropa bis nach Kamtschatka. Sie ist dabei Temperaturen tiefer als -60\u00b0C ausgesetzt. Aus ihren Nadeln und Zweigen wird das erfrischend holzige \u00e4therisches <strong>doTERRA Siberian Fir<\/strong> destilliert, das f\u00fcr seine beruhigenden und entspannenden Eigenschaften bekannt ist.<\/p>\n<p>Siberian Fir kann die Beruhigung und Entspannung der Atmung unterst\u00fctzen. Zudem hat es bei Massagen einen ausgleichenden Effekt auf die Haut und erdet die Emotionen.<\/p>\n<p>Emotional wirkt das \u00d6l des Alterns und der Perspektive dem Festhalten an Vergangenem entgegen, indem es eine positive und nach vorne gerichtete Stimmung erzeugt. Emotional unterst\u00fctzt es die positive Annahme des Alterungsprozesses und hilft bei allen Anti-Aging Anwendungen.<\/p>\n<p>Es ist wie Waldbaden zuhause.<\/p>\n<p><strong>Empfehlung<\/strong><br \/>\nAromatisch: Vernebele\u00a0 3-4 Tropfen doTERRA Siberian Fir f\u00fcr ein erholsames Waldbaden zuhause. F\u00fcr eine optimale emotionale Wirkung das \u00d6l \u00fcber die Handgelenke tief inhalieren.<br \/>\nTopisch: Zur Linderung von Hautunreinheiten verd\u00fcnnt auf die gew\u00fcnschten Stellen auftragen. Geniesse nach einem langen und anstrengenden Tag eine erholsame Massage indem Du 5 Tropfen des \u00d6ls mit 10 ml Tr\u00e4ger\u00f6l vermischt.\u00a0 Als Wellness-Bad 5 Tropfen mit 5 ml Tr\u00e4ger\u00f6l bzw. Mandelmilch oder Sahne dem Badewasser zuf\u00fcgen.<br \/>\nParf\u00fcm: Mische 1-2 Tropfen des holzig frischen Duftes zusammen mit Deinen Lieblings\u00f6len und gestalte ein besonderes individuelles Dufterlebnis. Die fertige Mischung einfach in einem Roll-On mit fraktioniertem Kokos\u00f6l auff\u00fcllen. Fertig ist das Parf\u00fcm to go.<\/p>\n<p><strong>Sichere Verwendung<\/strong><br \/>\nKann Hautreizungen verursachen. Au\u00dferhalb der Reichweite von Kindern aufbewahren. Wenn du schwanger bist oder in \u00e4rztlicher Behandlung stehst, konsultiere bitte deinen Arzt. Kontakt mit Augen, Innenohren, Gesicht, empfindlichen Stellen und Schleimh\u00e4uten vermeiden. Topisch bitte die \u00d6le stets mit Tr\u00e4ger\u00f6l (z.B. fraktioniertem Kokos\u00f6l) verd\u00fcnnen.<\/p>\n","protected":false},"excerpt":{"rendered":"<h2 style=\"font-size: 28px;\">Das \u00d6l des Alterns und der Perspektive<\/h2>\n<p>doTERRA Siberian Fir\u00a0 &#8211; Beruhigend und erdend in allen Lebenslagen. Ideal f\u00fcr Massage und Muskelentspannung. Im Diffuser kann Sibirisches Tannen\u00f6l die Erholung der Atemwege unterst\u00fctzen.. Emotional kann es dazu beitragen, den Alterungsprozess anzunehmen und\u00a0 Anti-Aging Anwendungen positiv zu begleiten.<\/p>\n","protected":false},"featured_media":5575,"template":"","meta":{"_et_pb_use_builder":"","_et_pb_old_content":"","_et_gb_content_width":""},"product_cat":[15,50,1937],"product_tag":[207,208],"_links":{"self":[{"href":"https:\/\/www.magnolioworld.com\/green-ch\/wp-json\/wp\/v2\/product\/663"}],"collection":[{"href":"https:\/\/www.magnolioworld.com\/green-ch\/wp-json\/wp\/v2\/product"}],"about":[{"href":"https:\/\/www.magnolioworld.com\/green-ch\/wp-json\/wp\/v2\/types\/product"}],"wp:featuredmedia":[{"embeddable":true,"href":"https:\/\/www.magnolioworld.com\/green-ch\/wp-json\/wp\/v2\/media\/5575"}],"wp:attachment":[{"href":"https:\/\/www.magnolioworld.com\/green-ch\/wp-json\/wp\/v2\/media?parent=663"}],"wp:term":[{"taxonomy":"product_cat","embeddable":true,"href":"https:\/\/www.magnolioworld.com\/green-ch\/wp-json\/wp\/v2\/product_cat?post=663"},{"taxonomy":"product_tag","embeddable":true,"href":"https:\/\/www.magnolioworld.com\/green-ch\/wp-json\/wp\/v2\/product_tag?post=663"}],"curies":[{"name":"wp","href":"https:\/\/api.w.org\/{rel}","templated":true}]}}