{"id":662,"date":"2020-04-22T14:01:16","date_gmt":"2020-04-22T12:01:16","guid":{"rendered":"https:\/\/www.magnolio.shop\/sandalwood-sandelholz\/"},"modified":"2024-02-01T19:45:19","modified_gmt":"2024-02-01T18:45:19","slug":"sandelholzoel-doterra-sandalwood","status":"publish","type":"product","link":"https:\/\/www.magnolioworld.com\/green-ch\/sandelholzoel-doterra-sandalwood\/","title":{"rendered":"Sandelholz\u00f6l &#8211; doTERRA Sandalwood"},"content":{"rendered":"<p><strong>doTERRA Sandalwood<\/strong> &#8211; Das \u00d6l der Erdung und Andacht<\/p>\n<p>Der Sandelholzbaum ist ein immergr\u00fcner bis zu 20 Meter hoher Baum und ist in den Tropen beheimatet. Das \u00e4therische <strong>doTERRA Sandalwood<\/strong> aus dem Holz mittels Wasserdampfdestillation gewonnen und hat einen trockenen, holzigs\u00fcssen Eigenduft. <br \/>\nSandelholz\u00f6l wird in Indien seit alters her bei der Meditation eingesetzt, da es einen erdende Charakter hat und die Wachsamkeit steigert. Es hebt die Stimmung und kann\u00a0 sich positiv bei Hautunregelm\u00e4\u00dfigkeiten auswirken. In vielen Parf\u00fcms ist Sandelholz ein integrer Bestandteil, ebenso in weiteren Hautpflegeprodukten. Sandelholz\u00f6l kann auch entspannend auf beanspruchte K\u00f6rperstellen wirken.<\/p>\n<p>Emotional verschafft das \u00d6l Erdung und einen Zugang zur Spiritualit\u00e4t. Es hilft Leere zu \u00fcberwinden, aus dem Gedanken-Karussell auszusteigen und bei sich anzukommen. Im Alltag schafft es Momente der Ruhe und Einkehr.<\/p>\n<p><strong>Empfehlung<\/strong><br \/>\nAromatisch: Vernebele 3-4 Tropfen f\u00fcr Ausgleich und mehr Aufmerksamkeit im Diffuser. Ideal zur Unterst\u00fctzung bei Yoga oder der Meditationspraxis das \u00d6l \u00fcber die Pulspunkte oder Handfl\u00e4chen inhalieren.<br \/>\nTopisch: Nutze die n\u00e4hrende Wirkung von doTERRA Sandalwood f\u00fcr deine Gesichtspflege, indem Du 1-2 Tropfen des \u00d6ls deiner Feuchtigkeitscreme zuf\u00fcgst. Trage f\u00fcr mehr Glanz in deinen Haaren 1-2 Tropfen auf die nassen Haare auf.<br \/>\nF\u00fcr eine entspannende Massage nach einem langen Arbeitstag 5 Tropfen mit 10 ml Tr\u00e4ger\u00f6l vermischen.<br \/>\nParf\u00fcm: Sandelholz ist eine wunderbare Basis f\u00fcr viele Duftkreationen. Erstelle Dein individuelles unvergessliches Dufterlebnis und mische das \u00d6l mit anderen Lieblings\u00f6len. Gut geeignet sind alles blumigen und holzigen sowie erfrischenden D\u00fcfte.<\/p>\n<p><strong>Sichere Verwendung<\/strong><br \/>\nKann Hautreizungen verursachen. Au\u00dferhalb der Reichweite von Kindern aufbewahren. Wenn du schwanger bist oder in \u00e4rztlicher Behandlung stehst, konsultiere bitte deinen Arzt. Kontakt mit Augen, Innenohren, Gesicht, empfindlichen Stellen und Schleimh\u00e4uten vermeiden. Topisch bitte die \u00d6le stets mit Tr\u00e4ger\u00f6l (z.B. fraktioniertem Kokos\u00f6l) verd\u00fcnnen.<\/p>\n","protected":false},"excerpt":{"rendered":"<h2 style=\"font-size: 28px;\">Das \u00d6l der Andacht<\/h2>\n<p>doTERRA Sandalwood &#8211; Sorgt in einem Diffuser f\u00fcr eine entspannte Atmosph\u00e4re und wirkt wohltuend auf der Haut. Sandelholz\u00f6l wird in Indien seit alters her bei der Meditation eingesetzt, da es einen erdenden Charakter hat. Es hebt die Stimmung und kann sich positiv bei Verspannungen auswirken. Im Alltag schafft es Momente der Ruhe und Einkehr.<\/p>\n","protected":false},"featured_media":596,"template":"","meta":{"_et_pb_use_builder":"","_et_pb_old_content":"","_et_gb_content_width":""},"product_cat":[15,50,1941],"product_tag":[205,206],"_links":{"self":[{"href":"https:\/\/www.magnolioworld.com\/green-ch\/wp-json\/wp\/v2\/product\/662"}],"collection":[{"href":"https:\/\/www.magnolioworld.com\/green-ch\/wp-json\/wp\/v2\/product"}],"about":[{"href":"https:\/\/www.magnolioworld.com\/green-ch\/wp-json\/wp\/v2\/types\/product"}],"wp:featuredmedia":[{"embeddable":true,"href":"https:\/\/www.magnolioworld.com\/green-ch\/wp-json\/wp\/v2\/media\/596"}],"wp:attachment":[{"href":"https:\/\/www.magnolioworld.com\/green-ch\/wp-json\/wp\/v2\/media?parent=662"}],"wp:term":[{"taxonomy":"product_cat","embeddable":true,"href":"https:\/\/www.magnolioworld.com\/green-ch\/wp-json\/wp\/v2\/product_cat?post=662"},{"taxonomy":"product_tag","embeddable":true,"href":"https:\/\/www.magnolioworld.com\/green-ch\/wp-json\/wp\/v2\/product_tag?post=662"}],"curies":[{"name":"wp","href":"https:\/\/api.w.org\/{rel}","templated":true}]}}