{"id":657,"date":"2020-04-22T14:01:15","date_gmt":"2020-04-22T12:01:15","guid":{"rendered":"https:\/\/www.magnolio.shop\/peppermint-pfefferminze\/"},"modified":"2025-11-17T14:54:34","modified_gmt":"2025-11-17T13:54:34","slug":"pfefferminzoel-doterra-peppermint","status":"publish","type":"product","link":"https:\/\/www.magnolioworld.com\/green-ch\/pfefferminzoel-doterra-peppermint\/","title":{"rendered":"Pfefferminz\u00f6l &#8211; doTERRA Peppermint"},"content":{"rendered":"<p><strong>doTERRA Peppermint <\/strong>&#8211; Die erfrischende Leichtigkeit des fr\u00f6hlichen Herzens &#8211; Das \u00d6l des leichten Herzens<\/p>\n<p>Die Pfefferminze Pflanze hat ihren Ursprung in Europa. Carl von Linn\u00e9 beschrieb sie 1753 als ein Hybrid aus Wasserminze und Gr\u00fcner Minze. Ihr hoher Mentholgehalt ist charakteristisch f\u00fcr qualitativ hochwertige Pfefferminze, wie sich auch im \u00e4therischen Pfefferminz\u00f6l zu finden ist. <\/p>\n<p>Pfefferminz\u00f6l wird h\u00e4ufig in Zahnpasta, Kaugummi und anderen Produkten der Mundhygiene verwendet. Pfefferminze ist eines der meistverkauften \u00e4therischen \u00d6le. Auf der Haut wirkt sie angenehm k\u00fchlend, nach k\u00f6rperlicher Aktivit\u00e4t belebend auf die Muskulatur.<\/p>\n<p>Emotional ist es das \u00d6l des leichten oder fr\u00f6hlichen Herzens und gerade in schwierigen Lebensphasen sehr hilfreich. Dazu einfach 1-2 Tropfen des \u00d6ls inhalieren, auf die Handgelenke auftragen oder in den Diffuser geben. Ideal auch zur Unterst\u00fctzung gegen M\u00fcdigkeit in Schule und Beruf. Dazu kann es in den Nacken und auf die Schl\u00e4fen (nicht zu nahe an den Augen) am besten mit fraktioniertem Kokos\u00f6l aufgetragen werden.<\/p>\n<p>Zur Entlastung des Magens kann 1 Tropfen doTERRA Peppermint in einem Glas Wasser getrunken werden.<\/p>\n<p><strong>Empfehlung<br \/>\n<\/strong>Aromatisch: F\u00fcr angenehme und frischen Raumluft 3-4 Tropfen in den Diffuser geben.<br \/>\nInnerlich: Gib max.1 Tropfen zur Verfeinerung von Salaten, Desserts oder Vorspeisen. Ideal auch f\u00fcr exotische Mixgetr\u00e4nk oder Minze-Zitronen-Limonade. Beachte: Weniger ist mehr. Oft reicht schon eine winzige Menge des \u00d6ls (Zahnstocherspitze).<br \/>\nNimm 1 Tropfen auf 125 ml Wasser f\u00fcr ein erfrischendes Wassererlebnis bzw. als Mundsp\u00fclung f\u00fcr frischen Atem. <\/p>\n<p><strong>Sichere Verwendung<\/strong><br \/>\nBitte achte darauf, innerlich nicht mehr als 1 Tropfen am Tag zu verwenden. Kann Hautreizungen verursachen. Au\u00dferhalb der Reichweite von Kindern aufbewahren. Wenn du schwanger oder in \u00e4rztlicher Behandlung bist, konsultiere bitte deinen Arzt. Kontakt mit Augen, Innenohren, Gesicht, empfindlichen Stellen und Schleimh\u00e4uten vermeiden. Das \u00d6l bei topischer Anwendung steht mit Tr\u00e4ger\u00f6l (z.B. fraktioniertem Kokos\u00f6l) verd\u00fcnnen.<\/p>\n","protected":false},"excerpt":{"rendered":"<h2 style=\"font-size: 28px;\">Das \u00d6l des lebhaften Herzens<\/h2>\n<p>doTERRA Peppermint &#8211; Wirkt angenehm k\u00fchlend und erfrischend. Ideal bei M\u00fcdigkeit in Schule und Beruf bzw. bei langen Autofahrten oder bei h\u00f6heren Temperaturen. Dazu einfach verd\u00fcnnt auf Schl\u00e4fen, Pulspunkte oder Nacken auftragen. Emotional hilft Pfefferminz\u00f6l dabei, das Herz von Ballast zu befreien und wieder in Lebensfreude und Leichtigkeit zur\u00fcckzukehren.<\/p>\n","protected":false},"featured_media":589,"template":"","meta":{"_et_pb_use_builder":"","_et_pb_old_content":"","_et_gb_content_width":""},"product_cat":[47,15,50,36,37,41,42,48,2110,1938,1950,1955,1957,1965,1967,1970,1968,1981,1986,1987,1988,1904],"product_tag":[196,197],"_links":{"self":[{"href":"https:\/\/www.magnolioworld.com\/green-ch\/wp-json\/wp\/v2\/product\/657"}],"collection":[{"href":"https:\/\/www.magnolioworld.com\/green-ch\/wp-json\/wp\/v2\/product"}],"about":[{"href":"https:\/\/www.magnolioworld.com\/green-ch\/wp-json\/wp\/v2\/types\/product"}],"wp:featuredmedia":[{"embeddable":true,"href":"https:\/\/www.magnolioworld.com\/green-ch\/wp-json\/wp\/v2\/media\/589"}],"wp:attachment":[{"href":"https:\/\/www.magnolioworld.com\/green-ch\/wp-json\/wp\/v2\/media?parent=657"}],"wp:term":[{"taxonomy":"product_cat","embeddable":true,"href":"https:\/\/www.magnolioworld.com\/green-ch\/wp-json\/wp\/v2\/product_cat?post=657"},{"taxonomy":"product_tag","embeddable":true,"href":"https:\/\/www.magnolioworld.com\/green-ch\/wp-json\/wp\/v2\/product_tag?post=657"}],"curies":[{"name":"wp","href":"https:\/\/api.w.org\/{rel}","templated":true}]}}