{"id":656,"date":"2020-04-22T14:01:15","date_gmt":"2020-04-22T12:01:15","guid":{"rendered":"https:\/\/www.magnolio.shop\/patchouli-patschuli\/"},"modified":"2024-02-01T19:34:47","modified_gmt":"2024-02-01T18:34:47","slug":"patschulioel-doterra-patchouli","status":"publish","type":"product","link":"https:\/\/www.magnolioworld.com\/green-ch\/patschulioel-doterra-patchouli\/","title":{"rendered":"Patschuli\u00f6l &#8211; doTERRA Patchouli"},"content":{"rendered":"<p><strong>doTERRA Patchouli<\/strong> &#8211; Erdend und ausgleichend und gibt ein Gef\u00fchl der Geborgenheit<\/p>\n<p>Patschuli ist eine ausdauernde, krautige Pflanze mit kleinen rosa-wei\u00dfen Bl\u00fcten, der eine Wuchsh\u00f6he von 30 bis 100 Zentimetern hat. Das \u00e4therische Patchuli\u00f6l wird aus den Bl\u00e4ttern destilliert und riecht kr\u00e4ftig, erdig, holzig und moschusartig. In Asien dient es gegen Hautfalten, verbessert Hautunregelm\u00e4\u00dfigkeiten und sorgt f\u00fcr einen strahlenden Teint. Der Duft von <strong>doTERRA Patchouli<\/strong> ist erdend und hat eine ausgleichende Wirkung, so dass Patschuli\u00f6l ideal bei der Meditation und Wellness-Anwendungen ist.<\/p>\n<p>Aber auch f\u00fcr die K\u00f6rper- und Gesichtspflege ist es wunderbar n\u00e4hrend und unterst\u00fctzend einzusetzen- Einfach 1-2 Tropfen des \u00d6ls zur Gesichtspflege oder der K\u00f6rperpflege hinzuf\u00fcgen, um kleinere Linien und F\u00e4ltchen zu reduzieren bzw. der Haut ein rosigeres und strafferes Aussehen zu geben. Gleichzeitig schafft es <strong>Patschuli\u00f6l,<\/strong> den eigenen K\u00f6rper anzunehmen wie er ist und sich in ihm wohlzuf\u00fchlen.<\/p>\n<p>Aufgrund seines unvergleichlichen aromatischen Duftes ist es auch Basis f\u00fcr viele Parf\u00fcms.<\/p>\n<p><strong>Empfehlung<\/strong><br \/>\nAromatisch: Vernebele\u00a0 3-4 Tropfen f\u00fcr eine ausgleichende und beruhigende Stimmung im Diffuser. F\u00fcr eine optimale emotionale Wirkung das \u00d6l \u00fcber die Pulspunkte oder Handfl\u00e4chen inhalieren.<br \/>\nTopisch: Nutze die kl\u00e4rende und ausgleichende Wirkung von doTERRA Patchouli f\u00fcr Deine Gesichtspflege, indem Du 1-2 Tropfen des \u00d6ls Deiner Feuchtigkeitscreme zuf\u00fcgst.<br \/>\nF\u00fcr eine entspannende Massage nach einem langen Arbeitstag Patchuli\u00f6l zusammen mit Pfefferminze verd\u00fcnnt auf Stirn, Schl\u00e4fen und Nacken auftragen.<br \/>\nParf\u00fcm: Kreiere Dein individuelles Dufterlebnis, indem Du den lieblich duftenden Moschusgeruch mit anderen Lieblings\u00f6len kombinierst.<\/p>\n<p><strong>Sichere Verwendung<\/strong><br \/>\nKann Hautreizungen verursachen. Au\u00dferhalb der Reichweite von Kindern aufbewahren. Wenn Du schwanger bist oder in \u00e4rztlicher Behandlung stehst, konsultiere bitte Deinen Arzt. Kontakt mit Augen, Innenohren, Gesicht, empfindlichen Stellen und Schleimh\u00e4uten vermeiden. Topisch bitte die \u00d6le stets mit Tr\u00e4ger\u00f6l (z.B. fraktioniertem Kokos\u00f6l) verd\u00fcnnen.<\/p>\n","protected":false},"excerpt":{"rendered":"<h2 style=\"font-size: 28px;\">Das \u00d6l der K\u00f6rperlichkeit<\/h2>\n<p><strong>doTERRA Patchouli<\/strong> &#8211; Ist erdend und hat eine ausgleichende Wirkung, so dass es ideal bei Meditation und Wellness-Anwendungen eingesetzt werden kann. Au\u00dferdem wirkt es pflegend und stimulierend auf das K\u00f6rpergef\u00fchl und kann helfen, den K\u00f6rper so anzunehmen wie er ist.<\/p>\n","protected":false},"featured_media":586,"template":"","meta":{"_et_pb_use_builder":"","_et_pb_old_content":"","_et_gb_content_width":""},"product_cat":[15,50],"product_tag":[195,193,194],"_links":{"self":[{"href":"https:\/\/www.magnolioworld.com\/green-ch\/wp-json\/wp\/v2\/product\/656"}],"collection":[{"href":"https:\/\/www.magnolioworld.com\/green-ch\/wp-json\/wp\/v2\/product"}],"about":[{"href":"https:\/\/www.magnolioworld.com\/green-ch\/wp-json\/wp\/v2\/types\/product"}],"wp:featuredmedia":[{"embeddable":true,"href":"https:\/\/www.magnolioworld.com\/green-ch\/wp-json\/wp\/v2\/media\/586"}],"wp:attachment":[{"href":"https:\/\/www.magnolioworld.com\/green-ch\/wp-json\/wp\/v2\/media?parent=656"}],"wp:term":[{"taxonomy":"product_cat","embeddable":true,"href":"https:\/\/www.magnolioworld.com\/green-ch\/wp-json\/wp\/v2\/product_cat?post=656"},{"taxonomy":"product_tag","embeddable":true,"href":"https:\/\/www.magnolioworld.com\/green-ch\/wp-json\/wp\/v2\/product_tag?post=656"}],"curies":[{"name":"wp","href":"https:\/\/api.w.org\/{rel}","templated":true}]}}