{"id":655,"date":"2020-04-22T14:01:15","date_gmt":"2020-04-22T12:01:15","guid":{"rendered":"https:\/\/www.magnolio.shop\/oregano-oregano\/"},"modified":"2025-11-17T18:29:51","modified_gmt":"2025-11-17T17:29:51","slug":"oreganooel-doterra-oregano","status":"publish","type":"product","link":"https:\/\/www.magnolioworld.com\/green-ch\/oreganooel-doterra-oregano\/","title":{"rendered":"Oregano\u00f6l &#8211; doTERRA Oregano"},"content":{"rendered":"<p><strong>Oregano\u00f6l\u00a0<\/strong> &#8211; Ein kraftvolle Unterst\u00fctzung f\u00fcr das Immunsystem <\/p>\n<p>Oregano ist eine ausdauernde krautige Pflanze, die Wuchsh\u00f6hen von 20 bis 70 Zentimetern erreicht. Mittels Wasserdampfdestillation werden die w\u00fcrzig und krautig duftenden Bl\u00e4tter zu \u00e4therischem Oregano\u00f6l verarbeitet. Hauptbestandteil dieses \u00e4therische <strong>doTERRA Oregano <\/strong>ist Carvacrol, &#8211; ein sehr vielseitiges und kraftvolles Phenol. <\/p>\n<p>Die Naturheilkunde nutzt es bei Verdauungsunstimmigkeiten, emotional verst\u00e4rkt es das Gef\u00fchl von Geborgenheit und innerer Sicherheit. Zusammen mit On Guard ist es ein wirksamer Schutz zur Unterst\u00fctzung des Immunsystems und um frei durchatmen zu k\u00f6nnen.<\/p>\n<p>Das scharfe \u00d6l ist ideal in der K\u00fcche als Gew\u00fcrz zu verwenden.<\/p>\n<p><strong>Empfehlung<br \/>\n<\/strong>Aromatisch: Gib 3-4 Tropfen des \u00d6l zum vernebeln in den Diffuser oder inhaliere es direkt aus der Flasche oder \u00fcber die Pulspunkte.<br \/>\nInnerlich: Gib Oregano\u00f6l zur Verfeinerung von Fleischgerichten, Vorspeisen und nat\u00fcrlich der italienischen K\u00fcche anstelle von frischem oder getrocknetem Oregano dazu. Beachte: Weniger ist mehr. Oft reicht schon eine winzige Menge des \u00d6ls (Zahnstocherspitze).<br \/>\nNimm zur St\u00e4rkung des Immunsystems 1 Tropfen auf 125 ml Wasser bzw. in einer veganen Kapsel.<\/p>\n<p><strong>Sichere Verwendung<\/strong><br \/>\nBitte achte darauf, innerlich nicht mehr als 1 Tropfen am Tag zu verwenden. Au\u00dferhalb der Reichweite von Kindern aufbewahren. Wenn du schwanger oder in \u00e4rztlicher Behandlung bist, konsultiere bitte deinen Arzt. Kontakt mit Augen, Innenohren, Gesicht, empfindlichen Stellen und Schleimh\u00e4uten vermeiden. Das \u00d6l bei topischer Anwendung steht mit Tr\u00e4ger\u00f6l (z.B. fraktioniertem Kokos\u00f6l) verd\u00fcnnen.<\/p>\n","protected":false},"excerpt":{"rendered":"<h2 style=\"font-size: 28px;\">Kraftvolle Unterst\u00fctzung f\u00fcr das Immunsystem<\/h2>\n<p>doTERRA Oregano ist ideal zum W\u00fcrzen von Speisen, wie Fleischgerichten und der italienischen K\u00fcche. Es hilft das Immunsystem zu st\u00e4rken und sorgt f\u00fcr freies Durchatmen. Emotional ist es das \u00d6l der Demut und hilft, sich von Abh\u00e4ngigkeiten zu befreien.<\/p>\n","protected":false},"featured_media":582,"template":"","meta":{"_et_pb_use_builder":"","_et_pb_old_content":"","_et_gb_content_width":""},"product_cat":[15,50,43,1938],"product_tag":[192],"_links":{"self":[{"href":"https:\/\/www.magnolioworld.com\/green-ch\/wp-json\/wp\/v2\/product\/655"}],"collection":[{"href":"https:\/\/www.magnolioworld.com\/green-ch\/wp-json\/wp\/v2\/product"}],"about":[{"href":"https:\/\/www.magnolioworld.com\/green-ch\/wp-json\/wp\/v2\/types\/product"}],"wp:featuredmedia":[{"embeddable":true,"href":"https:\/\/www.magnolioworld.com\/green-ch\/wp-json\/wp\/v2\/media\/582"}],"wp:attachment":[{"href":"https:\/\/www.magnolioworld.com\/green-ch\/wp-json\/wp\/v2\/media?parent=655"}],"wp:term":[{"taxonomy":"product_cat","embeddable":true,"href":"https:\/\/www.magnolioworld.com\/green-ch\/wp-json\/wp\/v2\/product_cat?post=655"},{"taxonomy":"product_tag","embeddable":true,"href":"https:\/\/www.magnolioworld.com\/green-ch\/wp-json\/wp\/v2\/product_tag?post=655"}],"curies":[{"name":"wp","href":"https:\/\/api.w.org\/{rel}","templated":true}]}}