{"id":654,"date":"2020-04-22T14:01:15","date_gmt":"2020-04-22T12:01:15","guid":{"rendered":"https:\/\/www.magnolio.shop\/myrrh-myrrhe\/"},"modified":"2024-02-01T19:29:36","modified_gmt":"2024-02-01T18:29:36","slug":"myrrheoel-doterra-myrrh","status":"publish","type":"product","link":"https:\/\/www.magnolioworld.com\/green-ch\/myrrheoel-doterra-myrrh\/","title":{"rendered":"Myrrhe\u00f6l &#8211; doTERRA Myrrh"},"content":{"rendered":"<p><strong>doTERRA Myrrh<\/strong> &#8211; Optimal f\u00fcr Gleichgewicht und Wohlbefinden sowie eine starke Mundflora<\/p>\n<p>Der Myrrhebaum ist ein laubabwerfender dorniger Strauch oder kleiner st\u00e4mmiger Baum mit knorrigen \u00c4sten und erreicht Wuchsh\u00f6hen von bis zu 4 Meter. Das Verbreitungsgebiet liegt im Nordosten von Afrika und dem S\u00fcden der arabischen Halbinsel. Der Duft des aus dem Gummiharz gewonnenen \u00e4therischen <strong>Myrrhe\u00f6l<\/strong> ist rauchartig und balsamisch. So besitzt \u00e4therisches <strong>doTERRA Myrrh<\/strong> einen hohen Anteil an Sesquipertenen, die direkt auf den Sitz der Gef\u00fchle im Gehirn einwirken k\u00f6nnen. Damit ist Myrrhe ideal f\u00fcr Meditations\u00fcbungen, aber auch f\u00fcr das emotionale Gleichgewicht und Wohlbefinden. Es hilft, sich erdend mit Mutter Natur zu verbinden. Damit gibt es gerade in herausfordernden Zeiten Halt und Stabilit\u00e4t.<\/p>\n<p>Die Naturheilkunde nutzt Myrrhe vor allem bei Hautproblemen, St\u00f6rungen im Verdauungstrakt und Gelenkbeschwerden. In Mund und Rachen kommen die stark reinigenden Eigenschaften hinzu. Das wird auch in den Mundpflegeprodukten von doTERRA, wie On Guard Zahnpasta und On Guard Mundsp\u00fclung genutzt.<\/p>\n<p><strong>Empfehlung<\/strong><br \/>\nAromatisch: Vernebele\u00a0 3-4 Tropfen, um Dein Bewusstsein zu erh\u00f6hen und die Stimmung zu heben.befindens. Ideal auch zur Unterst\u00fctzung eines wohltuend ruhigen Schlafes. F\u00fcr eine optimale emotionale Wirkung das \u00d6l \u00fcber die Pulspunkte oder Handfl\u00e4chen inhalieren.<br \/>\nTopisch: Nutze die beruhigende und ausgleichende Wirkung von doTERRA Myrrh zur Gesichtspflege, indem Du 1-2 Tropfen des \u00d6ls Deiner Feuchtigkeitscreme zuf\u00fcgst.<br \/>\nF\u00fcr eine entspannende Massage nach einem langen Tag 5 Tropfen mit 10 ml Tr\u00e4ger\u00f6l mischen und genie\u00dfen. Als wohltuendes Wellness-Bad 5 Tropfen mit 5 ml Tr\u00e4ger\u00f6l bzw. Mandelmilch oder Sahne mischen.<br \/>\nZur einfacheren Anwendung k\u00f6nnen einige Tropfen des \u00d6ls zusammen mit fraktioniertem Kokos\u00f6l in einen Roll-On gegeben werden.<\/p>\n<p><strong>Sichere Verwendung<\/strong><br \/>\nKann Hautreizungen verursachen. Au\u00dferhalb der Reichweite von Kindern aufbewahren. Wenn Du schwanger bist oder in \u00e4rztlicher Behandlung stehst, konsultiere bitte Deinen Arzt. Kontakt mit Augen, Innenohren, Gesicht, empfindlichen Stellen und Schleimh\u00e4uten vermeiden. Topisch bitte die \u00d6le stets mit Tr\u00e4ger\u00f6l (z.B. fraktioniertem Kokos\u00f6l) verd\u00fcnnen.<\/p>\n","protected":false},"excerpt":{"rendered":"<h2 style=\"font-size: 28px;\">Das \u00d6l der Mutter Erde<\/h2>\n<p>doTERRA Myrrh\u00a0 &#8211; Schafft k\u00f6rperliches Wohlbefinden und emotionales Gleichgewicht. Es hilft sich erdend mit Mutter Natur zu verbinden. Ideal ist es, Myrhhe\u00f6l der Zahnpasta f\u00fcr eine ges\u00fcndere Mundflora und saubere Z\u00e4hne hinzuzuf\u00fcgen bzw. der Nachtcreme zugeben, um kleine Linien und F\u00e4ltchen zu reduzieren.<\/p>\n","protected":false},"featured_media":578,"template":"","meta":{"_et_pb_use_builder":"","_et_pb_old_content":"","_et_gb_content_width":""},"product_cat":[15,50],"product_tag":[191,189,190],"_links":{"self":[{"href":"https:\/\/www.magnolioworld.com\/green-ch\/wp-json\/wp\/v2\/product\/654"}],"collection":[{"href":"https:\/\/www.magnolioworld.com\/green-ch\/wp-json\/wp\/v2\/product"}],"about":[{"href":"https:\/\/www.magnolioworld.com\/green-ch\/wp-json\/wp\/v2\/types\/product"}],"wp:featuredmedia":[{"embeddable":true,"href":"https:\/\/www.magnolioworld.com\/green-ch\/wp-json\/wp\/v2\/media\/578"}],"wp:attachment":[{"href":"https:\/\/www.magnolioworld.com\/green-ch\/wp-json\/wp\/v2\/media?parent=654"}],"wp:term":[{"taxonomy":"product_cat","embeddable":true,"href":"https:\/\/www.magnolioworld.com\/green-ch\/wp-json\/wp\/v2\/product_cat?post=654"},{"taxonomy":"product_tag","embeddable":true,"href":"https:\/\/www.magnolioworld.com\/green-ch\/wp-json\/wp\/v2\/product_tag?post=654"}],"curies":[{"name":"wp","href":"https:\/\/api.w.org\/{rel}","templated":true}]}}