{"id":652,"date":"2020-04-22T14:01:14","date_gmt":"2020-04-22T12:01:14","guid":{"rendered":"https:\/\/www.magnolio.shop\/melaleuca-teebaum\/"},"modified":"2025-11-17T14:16:53","modified_gmt":"2025-11-17T13:16:53","slug":"teebaumoel-doterra-tea-tree","status":"publish","type":"product","link":"https:\/\/www.magnolioworld.com\/green-ch\/teebaumoel-doterra-tea-tree\/","title":{"rendered":"Teebaum\u00f6l &#8211; doTERRA Tea Tree"},"content":{"rendered":"<p><strong>doTERRA Tea Tree<\/strong> &#8211; Reinigende Kl\u00e4rung<\/p>\n<p>Der Teebaum, ein Baum oder Strauch, der in Australien beheimatet ist, erreicht Wuchsh\u00f6hen von 2,5 bis 14 Metern. Das \u00e4therische doTERRA Tea Tree, gewonnen aus den Bl\u00e4ttern, hat einen erfrischenden Duft und besitzt herausragende reinigende Eigenschaften. Die Ureinwohner Australiens verwenden zerdr\u00fcckte Teebaumbl\u00e4tter, um wieder frei atmen zu k\u00f6nnen, oder nutzen ihn f\u00fcr die k\u00fchlende Wirkung auf der Haut bei Juckreiz nach Insektenstichen sowie zur Behandlung von Hautunreinheiten. Es findet auch Anwendung bei Problemen an Fingern\u00e4geln oder Fussn\u00e4geln.<\/p>\n<p>Das \u00e4therische Teebaum\u00f6l bietet vielf\u00e4ltige M\u00f6glichkeiten in der Haarpflege und im Haushalt, wo seine starke reinigende Wirkung im Vordergrund steht. Es eignet sich auch ideal, um die Raumluft zu kl\u00e4ren und zu reinigen. <\/p>\n<p>Wegen seiner emotionalen Bedeutung kann es wunderbar zur Abgrenzung nach Au\u00dfen und energetischem Schutz eingesetzt werden. Ideal f\u00fcr die spirituelle und therapeutische Praxis.<\/p>\n<p>Hierf\u00fcr am besten aromatisch im Diffuser vernebelt oder \u00fcber die Handgelenke inhaliert werden.<br \/>\n<strong><br \/>\nEmpfehlung<\/strong><br \/>\nAromatisch: Vernebele\u00a0 3-4 Tropfen doTERRA Tea Tree f\u00fcr eine klare und gereinigte Raumluft im Diffuser. <br \/>\nTopisch: Gib 1-2 Tropfen gegen Hautreizungen auf die gew\u00fcnschten Stellen. F\u00fcr ein klares und frisches Hautbild 1-2 Tropfen der Feuchtigkeitspflege oder dem Gesichtswasser zugeben. Ideal auch nach der Rasur zusammen mit Zedernholz. F\u00fcr gesunde N\u00e4gel nach dem Duschen das \u00d6l auf die Finger- und Fu\u00dfn\u00e4gel auftragen. <br \/>\nAls entspannende Massage 5 Tropfen mit 10 ml Tr\u00e4ger\u00f6l mischen. Als Wellness-Bad 5 Tropfen mit 5 ml Tr\u00e4ger\u00f6l bzw. Mandelmilch oder Sahne mischen.<\/p>\n<p><strong>Sichere Verwendung<\/strong><br \/>\nKann Hautreizungen verursachen. Au\u00dferhalb der Reichweite von Kindern aufbewahren. Wenn du schwanger bist oder in \u00e4rztlicher Behandlung stehst, konsultiere bitte deinen Arzt. Kontakt mit Augen, Innenohren, Gesicht, empfindlichen Stellen und Schleimh\u00e4uten vermeiden. Topisch bitte die \u00d6le stets mit Tr\u00e4ger\u00f6l (z.B. fraktioniertem Kokos\u00f6l) verd\u00fcnnen.<\/p>\n","protected":false},"excerpt":{"rendered":"<h2 style=\"font-size: 28px;\">Das \u00d6l der energetischen Abgrenzung<\/h2>\n<p>doTERRA Tea Tree &#8211; Ist f\u00fcr seine reinigende und beruhigende Wirkung bekannt. Es ist das \u00d6l f\u00fcr alle F\u00e4lle. Zur Reinigung der Raumluft kann es im Diffuser verwendet werden. Wegen seiner emotionalen Bedeutung kann Teebaum\u00f6l wunderbar zur Abgrenzung nach Au\u00dfen und energetischem Schutz eingesetzt werden. Ideal f\u00fcr die spirituelle und therapeutische Praxis.<\/p>\n","protected":false},"featured_media":574,"template":"","meta":{"_et_pb_use_builder":"","_et_pb_old_content":"","_et_gb_content_width":""},"product_cat":[15,50,36,43],"product_tag":[185,186],"_links":{"self":[{"href":"https:\/\/www.magnolioworld.com\/green-ch\/wp-json\/wp\/v2\/product\/652"}],"collection":[{"href":"https:\/\/www.magnolioworld.com\/green-ch\/wp-json\/wp\/v2\/product"}],"about":[{"href":"https:\/\/www.magnolioworld.com\/green-ch\/wp-json\/wp\/v2\/types\/product"}],"wp:featuredmedia":[{"embeddable":true,"href":"https:\/\/www.magnolioworld.com\/green-ch\/wp-json\/wp\/v2\/media\/574"}],"wp:attachment":[{"href":"https:\/\/www.magnolioworld.com\/green-ch\/wp-json\/wp\/v2\/media?parent=652"}],"wp:term":[{"taxonomy":"product_cat","embeddable":true,"href":"https:\/\/www.magnolioworld.com\/green-ch\/wp-json\/wp\/v2\/product_cat?post=652"},{"taxonomy":"product_tag","embeddable":true,"href":"https:\/\/www.magnolioworld.com\/green-ch\/wp-json\/wp\/v2\/product_tag?post=652"}],"curies":[{"name":"wp","href":"https:\/\/api.w.org\/{rel}","templated":true}]}}