{"id":651,"date":"2020-04-22T14:01:11","date_gmt":"2020-04-22T12:01:11","guid":{"rendered":"https:\/\/www.magnolio.shop\/lime-limette\/"},"modified":"2025-11-17T18:21:04","modified_gmt":"2025-11-17T17:21:04","slug":"limettenoel-doterra-lime","status":"publish","type":"product","link":"https:\/\/www.magnolioworld.com\/green-ch\/limettenoel-doterra-lime\/","title":{"rendered":"Limetten\u00f6l &#8211; doTERRA Lime"},"content":{"rendered":"<p><strong>doTERRA Lime<\/strong> &#8211; Das erfrischende und belebende Zitrus\u00f6l<\/p>\n<p>Limettenb\u00e4ume sind immergr\u00fcne bis zu 5 Meter hohe Zitruspflanzen, die \u00fcberwiegend in tropischen Regionen Mittelamerikas und Afrikas zu finden sind. Die sehr saftigen Fr\u00fcchte sind kleiner als Zitronen und haben ein intensives Aroma. Das <strong>doTERRA Lime<\/strong> ist aus der Limettenschale kaltgepresst und wirkt erfrischend und belebend auf K\u00f6rper und Geist. <\/p>\n<p>\u00c4therisches Limetten\u00f6l ist antioxidativ und f\u00f6rdert die Hautgesundheit. Ebenso ist es sehr gut geeignet als Outdoor-Schutz im Diffuser oder Zerst\u00e4uber.<br \/>\nAufgrund seines frischen Geschmack, ist das \u00d6l auch ideal zum Mischen von Longdrinks oder einfach dem Erfrischen von normalem Wasser.<\/p>\n<p>Emotional leistet doTERRA Lime gerade in herausfordernden Zeiten gute Dienste und verschafft eine positive und motivierte Stimmung voller Lebenslust. <\/p>\n<p><strong>Empfehlung<\/strong><br \/>\nAromatisch: Zur Erfrischung 3-4 Tropfen in einem Diffuser vernebeln.<br \/>\nInnerlich: Gib 1 Tropfen auf 125 ml Fl\u00fcssigkeit. Limette ist auch ideal zur Verfeinerung von Speisen und Getr\u00e4nken.<br \/>\nAufgrund seines frischen Geruches ist Limetten\u00f6l auch wunderbar im Haushalt einzusetzen. Einfach 1-2 Tropfen in den Haushaltsreiniger geben oder 1 Tropfen auf den Staubsaugerbeutel.<\/p>\n<p><strong>Sichere Verwendung<\/strong><br \/>\nAu\u00dferhalb der Reichweite von Kindern aufbewahren. Wenn du schwanger bist oder in \u00e4rztlicher Behandlung stehst, konsultiere bitte deinen Arzt. Kontakt mit Augen, Innenohren, Gesicht, empfindlichen Stellen und Schleimh\u00e4uten vermeiden.Topisch bitte die \u00d6le stets mit Tr\u00e4ger\u00f6l (z.B. fraktioniertem Kokos\u00f6l) verd\u00fcnnen. Da Zitrus\u00f6le photosensitiv sind, nach Hautkontakt mindestens 12 Stunden lang keiner Sonne und UV-Strahlung aussetzen.<\/p>\n","protected":false},"excerpt":{"rendered":"<h2 style=\"font-size: 28px;\">Das \u00d6l der Lebenslust<\/h2>\n<p>doTERRA Lime &#8211; Ist ideal zum Verfeinern von Speisen und Getr\u00e4nken. Emotional hilft es in herausfordernden Zeiten eine positive, motivierte Stimmung voller Lebenslust zu bekommen.<\/p>\n","protected":false},"featured_media":570,"template":"","meta":{"_et_pb_use_builder":"","_et_pb_old_content":"","_et_gb_content_width":""},"product_cat":[15,50,36,2110,1938,1951,1952],"product_tag":[158,159],"_links":{"self":[{"href":"https:\/\/www.magnolioworld.com\/green-ch\/wp-json\/wp\/v2\/product\/651"}],"collection":[{"href":"https:\/\/www.magnolioworld.com\/green-ch\/wp-json\/wp\/v2\/product"}],"about":[{"href":"https:\/\/www.magnolioworld.com\/green-ch\/wp-json\/wp\/v2\/types\/product"}],"wp:featuredmedia":[{"embeddable":true,"href":"https:\/\/www.magnolioworld.com\/green-ch\/wp-json\/wp\/v2\/media\/570"}],"wp:attachment":[{"href":"https:\/\/www.magnolioworld.com\/green-ch\/wp-json\/wp\/v2\/media?parent=651"}],"wp:term":[{"taxonomy":"product_cat","embeddable":true,"href":"https:\/\/www.magnolioworld.com\/green-ch\/wp-json\/wp\/v2\/product_cat?post=651"},{"taxonomy":"product_tag","embeddable":true,"href":"https:\/\/www.magnolioworld.com\/green-ch\/wp-json\/wp\/v2\/product_tag?post=651"}],"curies":[{"name":"wp","href":"https:\/\/api.w.org\/{rel}","templated":true}]}}