{"id":649,"date":"2020-04-22T14:01:10","date_gmt":"2020-04-22T12:01:10","guid":{"rendered":"https:\/\/www.magnolio.shop\/lavender-lavendel\/"},"modified":"2025-11-17T14:30:36","modified_gmt":"2025-11-17T13:30:36","slug":"lavendeloel-doterra-lavender","status":"publish","type":"product","link":"https:\/\/www.magnolioworld.com\/green-ch\/lavendeloel-doterra-lavender\/","title":{"rendered":"Lavendel\u00f6l &#8211; doTERRA Lavender"},"content":{"rendered":"<p><strong>doTERRA Lavender<\/strong> &#8211; Entspannung und wohltuende Beruhigung pur &#8211; Das \u00d6l der Kommunikation und Ruhe<\/p>\n<p>Lavendel ist ein bis ca. 1 Meter hoher grau-filzig behaarter Strauch, der seinen Ursprung im Mittelmeerraum hat. <br \/>\nDas \u00e4therische <strong>doTERRA Lavender<\/strong> hat ein ausgepr\u00e4gtes Aroma, wirkt blumig, frisch und beruhigend. So hat das Lavendel\u00f6l unz\u00e4hlige Anwendungsm\u00f6glichkeiten, nicht nur in Kosmetika und Parf\u00fcms.<\/p>\n<p>Es\u00a0 wird h\u00e4ufig angewendet, um Hautunreinheiten zu reduzieren, Unruhe und Einschlafprobleme zu verbessern. Aber auch bei Hautirritationen nach Sonneneinstrahlung kann Lavendel\u00f6l schnell lindernde Wirkung haben. Auch wunderbar in der K\u00fcche bei kleinen Verbrennungen.<br \/>\nIdeal ist es, das Lavendel\u00f6l \u00fcber den Diffuser im Schlafzimmer zu zerst\u00e4uben bzw. einige Tropfen auf das Kopfkissen zu geben. Es kann auch mit den beruhigenden Kapseln doTERRA Serenity Softgels verwendet werden. Ein ruhiger und tiefer Schlaf ist dir sicher.<\/p>\n<p><strong>Empfehlung<\/strong><br \/>\nAromatisch: Zum Ausgleich und St\u00e4rkung der Kommunikation 3-4 Tropfen doTERRA Lavender in den Diffuser geben. F\u00fcr einen ruhigen und erholsamen Schlaf im Diffuser vernebeln oder 1-2 Tropfen auf Kissen und Bettw\u00e4sche geben. Zur Unterst\u00fctzung der emotionalen Wirkung das \u00d6l \u00fcber die Handgelenke bzw. die Handfl\u00e4chen inhalieren.<br \/>\nTopisch: Zur Beruhigung und gegen Hautreizungen auf die betroffenen Stellen. F\u00fcr entspannten Schlaf abends auf die Fu\u00dfsohlen bzw. den Nacken geben. Nach Sonneneinstrahlung oder bei Insektenstichen auf den gew\u00fcnschten Bereich auftragen.<br \/>\nZur Massage 5 Tropfen mit 10 ml Tr\u00e4ger\u00f6l mischen. Als Badezusatz 5 Tropfen mit 5 ml Tr\u00e4ger\u00f6l bzw. Mandelmilch oder Sahne mischen. Als Duftstoff 1 Tropfen mit 10 Tropfen Tr\u00e4ger\u00f6l mischen. <\/p>\n<p><strong>Sichere Verwendung<\/strong><br \/>\nKann Hautreizungen verursachen. Au\u00dferhalb der Reichweite von Kindern aufbewahren. Wenn du schwanger bist oder in \u00e4rztlicher Behandlung stehst, konsultiere bitte deinen Arzt. Kontakt mit Augen, Innenohren, Gesicht, empfindlichen Stellen und Schleimh\u00e4uten vermeiden. Topisch bitte die \u00d6le stets mit Tr\u00e4ger\u00f6l (z.B. fraktioniertem Kokos\u00f6l) verd\u00fcnnen.<\/p>\n","protected":false},"excerpt":{"rendered":"<h2 style=\"font-size: 28px;\">Das \u00d6l der Kommunikation<\/h2>\n<p>doTERRA Lavender &#8211; Ist Entspannung und Beruhigung pur. F\u00fcr eine bessere Nachtruhe auf das Kopfkissen tr\u00e4ufeln oder 2-3 Tropfen im Diffuser zerst\u00e4uben. Emotional wirkt es beruhigend und ausgleichend und f\u00f6rdert eine harmonische Kommunikation. Ideal in Beruf und Zuhause und bei Pr\u00e4sentationen.<\/p>\n","protected":false},"featured_media":10928,"template":"","meta":{"_et_pb_use_builder":"","_et_pb_old_content":"","_et_gb_content_width":""},"product_cat":[15,50,36,37,38,42,46,45,2110,1948,1957,1958,1960,1970,1968,1972,1974,1976,1984,1985],"product_tag":[152,151],"_links":{"self":[{"href":"https:\/\/www.magnolioworld.com\/green-ch\/wp-json\/wp\/v2\/product\/649"}],"collection":[{"href":"https:\/\/www.magnolioworld.com\/green-ch\/wp-json\/wp\/v2\/product"}],"about":[{"href":"https:\/\/www.magnolioworld.com\/green-ch\/wp-json\/wp\/v2\/types\/product"}],"wp:featuredmedia":[{"embeddable":true,"href":"https:\/\/www.magnolioworld.com\/green-ch\/wp-json\/wp\/v2\/media\/10928"}],"wp:attachment":[{"href":"https:\/\/www.magnolioworld.com\/green-ch\/wp-json\/wp\/v2\/media?parent=649"}],"wp:term":[{"taxonomy":"product_cat","embeddable":true,"href":"https:\/\/www.magnolioworld.com\/green-ch\/wp-json\/wp\/v2\/product_cat?post=649"},{"taxonomy":"product_tag","embeddable":true,"href":"https:\/\/www.magnolioworld.com\/green-ch\/wp-json\/wp\/v2\/product_tag?post=649"}],"curies":[{"name":"wp","href":"https:\/\/api.w.org\/{rel}","templated":true}]}}