{"id":648,"date":"2020-04-22T14:01:09","date_gmt":"2020-04-22T12:01:09","guid":{"rendered":"https:\/\/www.magnolio.shop\/juniper-berry-wacholderbeere\/"},"modified":"2025-11-17T16:14:39","modified_gmt":"2025-11-17T15:14:39","slug":"wacholderbeerenoel-doterra-juniper-berry","status":"publish","type":"product","link":"https:\/\/www.magnolioworld.com\/green-ch\/wacholderbeerenoel-doterra-juniper-berry\/","title":{"rendered":"Wacholderbeeren\u00f6l &#8211; doTERRA Juniper Berry"},"content":{"rendered":"<p><strong>doTERRA Juniper Berry<\/strong> &#8211; Zur Unterst\u00fctzung der Muskulatur und der Gelenke sowie zur Verfeinerung von Speisen<\/p>\n<p>Wacholderbeeren sind die Fr\u00fcchte des immergr\u00fcnen bis zu 6 Meter hohen Wacholderbaumes, der auf trockenen, sandigen B\u00f6den w\u00e4chst. <br \/>\nDas \u00e4therische \u00d6l der Wacholderbeere, das aus der Konifere gewonnen wird, hat einen reinen, sanften und holzigen Duft.<\/p>\n<p>Die Naturheilkunde spricht der Wacholderbeere viele positive Aspekte zu. Sie hat danach eine wohltuende Wirkung auf Haut und Harnwege, unterst\u00fctzt zudem wichtige Nervenfunktionen. Auch wird sie verwendet bei Muskel- und Gelenkunp\u00e4sslichkeiten und bei Irritation der Atemwege. <\/p>\n<p>Au\u00dferdem verleiht doTERRA Juniper Berry einer Vielzahl von Gerichten eine ganz unerwartete Note.<\/p>\n<p><strong>Empfehlung<br \/>\n<\/strong>Aromatisch: Gib 3-4 Tropfen des \u00d6l zum vernebeln in den Diffuser oder inhaliere das \u00d6l direkt aus der Flasche oder \u00fcber die Pulspunkte. Kann wunderbar auch mit Bergamotte erg\u00e4nzt werden<br \/>\nInnerlich: Gib max.1 Tropfen des \u00d6ls zur Verfeinerung von Fleischgerichten, Gem\u00fcse und Krautgerichten anstelle von getrockneten Wacholderbeeren. <br \/>\nBeachte: Weniger ist mehr. Oft reicht schon eine winzige Menge des \u00d6ls (Zahnstocherspitze).<br \/>\nNimm 1 Tropfen auf 125 ml Wasser bzw. in einer veganen Kapsel.<\/p>\n<p><strong>Sichere Verwendung<\/strong><br \/>\nKann Hautreizungen verursachen. Au\u00dferhalb der Reichweite von Kindern aufbewahren. Innerlich maximal einen Tropfen verwenden. Wenn du schwanger bist oder in \u00e4rztlicher Behandlung stehst, konsultiere bitte deinen Arzt. Kontakt mit Augen, Innenohren, Gesicht, empfindlichen Stellen und Schleimh\u00e4uten vermeiden. Topisch bitte die \u00d6le stets mit Tr\u00e4ger\u00f6l (z.B. fraktioniertem Kokos\u00f6l) verd\u00fcnnen.<\/p>\n","protected":false},"excerpt":{"rendered":"<h2 style=\"font-size: 28px;\">Das \u00d6l der Nacht und der Beruhigung<\/h2>\n<p>doTERRA Juniper Berry &#8211; Kann zur Verfeinerung von Speisen verwendet werden. Emotional wirkt es sehr beruhigend und Angst l\u00f6send und unterst\u00fctzt einen ruhigen und ausgeglichenen Schlaf.<\/p>\n","protected":false},"featured_media":563,"template":"","meta":{"_et_pb_use_builder":"","_et_pb_old_content":"","_et_gb_content_width":""},"product_cat":[15,50],"product_tag":[149,150],"_links":{"self":[{"href":"https:\/\/www.magnolioworld.com\/green-ch\/wp-json\/wp\/v2\/product\/648"}],"collection":[{"href":"https:\/\/www.magnolioworld.com\/green-ch\/wp-json\/wp\/v2\/product"}],"about":[{"href":"https:\/\/www.magnolioworld.com\/green-ch\/wp-json\/wp\/v2\/types\/product"}],"wp:featuredmedia":[{"embeddable":true,"href":"https:\/\/www.magnolioworld.com\/green-ch\/wp-json\/wp\/v2\/media\/563"}],"wp:attachment":[{"href":"https:\/\/www.magnolioworld.com\/green-ch\/wp-json\/wp\/v2\/media?parent=648"}],"wp:term":[{"taxonomy":"product_cat","embeddable":true,"href":"https:\/\/www.magnolioworld.com\/green-ch\/wp-json\/wp\/v2\/product_cat?post=648"},{"taxonomy":"product_tag","embeddable":true,"href":"https:\/\/www.magnolioworld.com\/green-ch\/wp-json\/wp\/v2\/product_tag?post=648"}],"curies":[{"name":"wp","href":"https:\/\/api.w.org\/{rel}","templated":true}]}}