{"id":646,"date":"2020-04-22T14:01:09","date_gmt":"2020-04-22T12:01:09","guid":{"rendered":"https:\/\/www.magnolio.shop\/helichrysum-strohblume\/"},"modified":"2025-11-17T18:05:00","modified_gmt":"2025-11-17T17:05:00","slug":"strohblumenoel-doterra-helichrysum","status":"publish","type":"product","link":"https:\/\/www.magnolioworld.com\/green-ch\/strohblumenoel-doterra-helichrysum\/","title":{"rendered":"Strohblumen\u00f6l &#8211; doTERRA Helichrysum"},"content":{"rendered":"<p><strong>doTERRA Helichrysum <\/strong>&#8211;\u00a0 Das \u00d6l der unsterblichen Bl\u00fcte &#8211; F\u00fcr dein Wohlbefinden ist das Beste gerade gut genug.<\/p>\n<p>Betrachtet man die unscheinbare Strohblume, so vermutet man nicht, welcher Schatz f\u00fcr unser Wohlbefinden in dieser goldgelben Blume steckt. <br \/>\nSchon der Name l\u00e4sst Besonderes vermuten: Heli = Gold und chrysum = Himmel. F\u00fcr mich das \u00d6l des goldenen Himmelslichtes. Aufgrund ihrer Besonderheit wurde sie auch schon im alten Griechenland verwendet. Weil die Bl\u00fcten auch nach dem Abschneiden lange erhalten bleiben, spricht man auch von der unsterblichen Bl\u00fcte.<br \/>\n\u00a0<br \/>\nHelichrysum italicum ist ein bis etwa 60 cm hoher mehrj\u00e4hriger Halbstrauch. Die silbrigen Bl\u00e4tter sind schmal, die ballf\u00f6rmigen Bl\u00fcten goldgelb.<br \/>\nDie Gewinnung dieses \u00d6ls ist sehr arbeitsintensiv und es muss von Hand geerntet werden. Deshalb enthalten die meisten Strohblumen\u00f6le nur sehr wenig Pflanzenmaterial. Doch gerade von der schonenden Ernte, der besten biologischen Qualit\u00e4t, optimalen Anbau- und Lebensbedingungen h\u00e4ngt die Qualit\u00e4t ab. Nur, wenn die Pflanzen die h\u00f6chste Potenz haben und ausreichend Pflanzenmaterial verwendet werden, ist die optimalen Wirkung f\u00fcr K\u00f6rper, Geist und Seele gegeben. <br \/>\nUm 5 ml doTERRA Helichrysum zu gewinnen, werden 1,8 kg Bl\u00fcten verwendet.<\/p>\n<p>So wird das \u00e4therische \u00d6l aus dieser unsterblichen Bl\u00fcte gerade im regenerativen Bereich der Hautpflege verwendet und ist auch f\u00fcr die Pflege nach Sonneneinstrahlung ideal <br \/>\nZusammen mit fraktioniertem Kokos\u00f6l, Lavender, Myrrh und Yarrow Pom bekommt man eine wunderbar nat\u00fcrliche Sonnenpflege.<\/p>\n<p>Das \u00e4therische <strong>Strohblumen\u00f6l<\/strong> ist in der Naturheilkunde bekannt f\u00fcr seine hautregenerierenden Eigenschaften. So wird das \u00e4therische Strohblumen\u00f6l in der Beauty Mischung doTERRA Salubelle wegen seiner verj\u00fcngenden Wirkung auf die Haut. Zudem sollen Hautunreinheiten reduziert und ein strahlendes, jugendliches Aussehen erreicht werden. Es kann auch bei der Reduzierung von Hautflecken unterst\u00fctzen.<\/p>\n<p>Au\u00dferdem kann das doTERRA Helichrysum durch seine die Durchblutung unterst\u00fctzende Eigenschaft bei blauen Flecken und k\u00f6rperlichen Blessuren aller Art verwendet werden. Ferner tr\u00e4gt es dazu bei, den Stoffwechsel zu aktivieren und verschiedene K\u00f6rpersysteme zu unterst\u00fctzen. Ideal auch f\u00fcr die Reise und bei langem Sitzen.<\/p>\n<p>Strohblumen\u00f6l (doTERRA Helichrysum) kann sowohl \u00e4u\u00dferlich mit fraktioniertem Kokos\u00f6l im Gesicht und Dekollet\u00e9 sowie den betroffenen K\u00f6rperbereichen aufgetragen werden. Au\u00dferdem kann es zur optimalen Wirkung auch auf die Fuss-Reflexpunkte gegeben werden. Nat\u00fcrlich kann die entspannende Wirkung seines unvergleichlichen Aromas auch durch die Inhalation \u00fcber die Handfl\u00e4chen, die Pulspunkte oder \u00fcber den Diffuser vernebelt zur Wirkung kommen.<\/p>\n<p>Als gebrauchsfertiger mit fraktioniertem Kokos\u00f6l verd\u00fcnnter Strohblumen Roll-On (doTERRA Helichrysum Touch) kann dieses wertvolle \u00d6l auch unterwegs bequem verwendet werden. Ideal auch auf Reisen.<\/p>\n<p>Strohblume ist ein beliebtes \u00d6l f\u00fcr den Teint und wird oft in Anti-Aging-Produkten verwendet. Es hat au\u00dferdem viele wirkungsvolle gesundheitsf\u00f6rdernde Eigenschaften, die bei topischer Anwendung der Gesundheit der Haut zugute kommen k\u00f6nnen. Um die Vorteile dieses erstaunlichen \u00d6ls zu erleben, gib es in deinen Toner oder in deine Feuchtigkeitspflege.<\/p>\n<p><strong>Empfehlung<\/strong><br \/>\nAromatisch: Vernebele 3-4 Tropfen f\u00fcr ein Gef\u00fchl des Wohlbefindens nach einem langen Tag.<br \/>\nTopisch: \u00c4u\u00dferlich Auftragen gegen kleine Hautirritationen und f\u00fcr einen klaren strahlenden Teint. Das \u00d6l ist auch ideal, um erste Anzeichen des Alters zu reduzieren. Gib 1-2 Tropfen direkt auf die gew\u00fcnschte Stelle oder f\u00fcge es deiner Gesichtspflege als t\u00e4gliches Ritual hinzu.<br \/>\nZusammen mit fraktioniertem Kokos\u00f6l kann es auch nach Sonneneinstrahlung eine lindernde Wirkung erzeugen.<br \/>\nF\u00fcr ein Gef\u00fchl der Beruhigung das \u00d6l sanft in den Nackenbereich einmassieren.<br \/>\nVor und w\u00e4hrend langen Reisen oder Sitzen zusammen mit fraktioniertem Kokos\u00f6l auf die Beine auftragen. Als Wellness-Bad 5 Tropfen mit 5 ml Tr\u00e4ger\u00f6l bzw. Mandelmilch oder Sahne mischen.<\/p>\n<p><strong>Sichere Verwendung<\/strong><br \/>\nKann Hautreizungen verursachen. Au\u00dferhalb der Reichweite von Kindern aufbewahren. Wenn du schwanger bist oder in \u00e4rztlicher Behandlung stehst, konsultiere bitte deinen Arzt. Kontakt mit Augen, Innenohren, Gesicht, empfindlichen Stellen und Schleimh\u00e4uten vermeiden.Topisch bitte die \u00d6le stets mit Tr\u00e4ger\u00f6l (z.B. fraktioniertem Kokos\u00f6l) verd\u00fcnnen.<\/p>\n","protected":false},"excerpt":{"rendered":"<h2 style=\"font-size: 28px;\">Das \u00d6l gegen Schmerzen<\/h2>\n<p>doTERRA Helichrysum &#8211; Kann gegen k\u00f6rperliches Unwohlsein verwendet werden. Zur Unterst\u00fctzung der Hautgeneration und Durchblutung auf beanspruchte Stellen auftragen. Strohblumen\u00f6l &#8211; das \u00d6l der unsterblichen Bl\u00fcte &#8211; f\u00fcr ihr Wohlbefinden ist das Beste gerade gut genug &#8211; k\u00f6rperlich und emotional.<\/p>\n","protected":false},"featured_media":10931,"template":"","meta":{"_et_pb_use_builder":"","_et_pb_old_content":"","_et_gb_content_width":""},"product_cat":[15,50],"product_tag":[146,145,143,144],"_links":{"self":[{"href":"https:\/\/www.magnolioworld.com\/green-ch\/wp-json\/wp\/v2\/product\/646"}],"collection":[{"href":"https:\/\/www.magnolioworld.com\/green-ch\/wp-json\/wp\/v2\/product"}],"about":[{"href":"https:\/\/www.magnolioworld.com\/green-ch\/wp-json\/wp\/v2\/types\/product"}],"wp:featuredmedia":[{"embeddable":true,"href":"https:\/\/www.magnolioworld.com\/green-ch\/wp-json\/wp\/v2\/media\/10931"}],"wp:attachment":[{"href":"https:\/\/www.magnolioworld.com\/green-ch\/wp-json\/wp\/v2\/media?parent=646"}],"wp:term":[{"taxonomy":"product_cat","embeddable":true,"href":"https:\/\/www.magnolioworld.com\/green-ch\/wp-json\/wp\/v2\/product_cat?post=646"},{"taxonomy":"product_tag","embeddable":true,"href":"https:\/\/www.magnolioworld.com\/green-ch\/wp-json\/wp\/v2\/product_tag?post=646"}],"curies":[{"name":"wp","href":"https:\/\/api.w.org\/{rel}","templated":true}]}}