{"id":645,"date":"2020-04-22T14:01:09","date_gmt":"2020-04-22T12:01:09","guid":{"rendered":"https:\/\/www.magnolio.shop\/hawaiian-sandalwood-hawaianischer-sandelbaum\/"},"modified":"2024-02-01T19:46:51","modified_gmt":"2024-02-01T18:46:51","slug":"hawaiianisches-sandelbaumoel-doterra-hawaiian-sandalwood","status":"publish","type":"product","link":"https:\/\/www.magnolioworld.com\/green-ch\/hawaiianisches-sandelbaumoel-doterra-hawaiian-sandalwood\/","title":{"rendered":"Hawaiianisches Sandelbaum\u00f6l &#8211; doTERRA Hawaiian Sandalwood"},"content":{"rendered":"<p><strong>doTERRA Hawaiian Sandalwood<\/strong> &#8211; Eine Wohltat zur Beruhigung und f\u00fcr das Luxus-Spa zuhause<\/p>\n<p>Der Hawaiianische Sandelholzbaum ist ein immergr\u00fcner kleiner Baum. Das wertvolle <strong>doTERRA Hawaiian Sandalwood<\/strong> wird nachhaltig aus dem Holz gewonnen. Es hat ein kr\u00e4ftiges, s\u00fc\u00dfes und holziges Aroma. Das Hawaiianisches Sandelbaum\u00f6l ist \u00e4u\u00dferst beruhigend und wohltuend f\u00fcr die Haut, reduziert Hautunreinheiten und sorgt f\u00fcr einen insgesamt jugendlichen Teint. <\/p>\n<p>Es wirkt emotional stark erdend und beruhigend. Ideal f\u00fcr Wellness-Massagen oder als Zugabe in ein Entspannungsbad. Um eine beruhigende Raumumgebung zu schaffen, kann es auch ideal am Arbeitsplatz bzw. zuhause eingesetzt werden. <br \/>\nDa es erdend und erhebend zugleich ist, kann Sandelholz wunderbar unterst\u00fctzend f\u00fcr Yoga und Meditationen eingesetzt werden.<br \/>\nDas \u00d6l bietet maximale Entspannung f\u00fcr alle Luxus-Spa-Anwendungen.<\/p>\n<p><strong>Empfehlung<\/strong><br \/>\nAromatisch: Vernebele\u00a0 3-4 Tropfen f\u00fcr Erdung und Erhebung im Diffuser. Ideal zur Unterst\u00fctzung bei Yoga oder Meditation das \u00d6l \u00fcber die Pulspunkte oder Handfl\u00e4chen inhalieren.<br \/>\nTopisch: Nutze die n\u00e4hrende Wirkung von doTERRA Hawaiian Sandalwood f\u00fcr eine strahlende Haut, indem Du 1-2 Tropfen des \u00d6ls Deine Feuchtigkeitscreme oder Nachtcreme zuf\u00fcgst. F\u00fcr ein beruhigendes Gef\u00fchl vor dem Schlafengehen das \u00d6l verd\u00fcnnt auf Hals und Schultern auftragen.<br \/>\nF\u00fcr eine erdende und entspannende Massage mach einem langen Arbeitstag 5 Tropfen mit 10 ml Tr\u00e4ger\u00f6l vermischen. Als Entspannungsbad 5 Tropfen \u00d6l mit Tr\u00e4ger\u00f6l bzw. Mandelmilch oder Sahne vermischen und mit allen Sinnen geniessen.<br \/>\nParf\u00fcm: Sandelholz ist eine wunderbare Basis f\u00fcr viele Duftkreationen. Erstelle Dein individuelles unvergessliches Dufterlebnis und mische das \u00d6l mit anderen Lieblings\u00f6len. Gut geeignet sind alles blumigen und holzigen sowie erfrischenden D\u00fcfte. <\/p>\n<p><strong>Sichere Verwendung<\/strong><br \/>\nKann Hautreizungen verursachen. Au\u00dferhalb der Reichweite von Kindern aufbewahren. Wenn Du schwanger bist oder in \u00e4rztlicher Behandlung stehst, konsultiere bitte Deinen Arzt. Kontakt mit Augen, Innenohren, Gesicht, empfindlichen Stellen und Schleimh\u00e4uten vermeiden. Topisch bitte die \u00d6le stets mit Tr\u00e4ger\u00f6l (z.B. fraktioniertem Kokos\u00f6l) verd\u00fcnnen.<\/p>\n","protected":false},"excerpt":{"rendered":"<h2 style=\"font-size: 28px;\">Luxuri\u00f6se Entspannung<\/h2>\n<p>doTERRA Hawaiian Sandalwood &#8211; Hilft auf luxuri\u00f6se Weise zu entspannen und abzuschalten. Einfach einem warmen Bad zur maximalen Entspannung hinzuf\u00fcgen. Ebenfalls wohltuend f\u00fcr regenerierende Wohlf\u00fchl-Massagen.<\/p>\n","protected":false},"featured_media":597,"template":"","meta":{"_et_pb_use_builder":"","_et_pb_old_content":"","_et_gb_content_width":""},"product_cat":[15,50],"product_tag":[142,141,140],"_links":{"self":[{"href":"https:\/\/www.magnolioworld.com\/green-ch\/wp-json\/wp\/v2\/product\/645"}],"collection":[{"href":"https:\/\/www.magnolioworld.com\/green-ch\/wp-json\/wp\/v2\/product"}],"about":[{"href":"https:\/\/www.magnolioworld.com\/green-ch\/wp-json\/wp\/v2\/types\/product"}],"wp:featuredmedia":[{"embeddable":true,"href":"https:\/\/www.magnolioworld.com\/green-ch\/wp-json\/wp\/v2\/media\/597"}],"wp:attachment":[{"href":"https:\/\/www.magnolioworld.com\/green-ch\/wp-json\/wp\/v2\/media?parent=645"}],"wp:term":[{"taxonomy":"product_cat","embeddable":true,"href":"https:\/\/www.magnolioworld.com\/green-ch\/wp-json\/wp\/v2\/product_cat?post=645"},{"taxonomy":"product_tag","embeddable":true,"href":"https:\/\/www.magnolioworld.com\/green-ch\/wp-json\/wp\/v2\/product_tag?post=645"}],"curies":[{"name":"wp","href":"https:\/\/api.w.org\/{rel}","templated":true}]}}