{"id":644,"date":"2020-04-22T14:01:09","date_gmt":"2020-04-22T12:01:09","guid":{"rendered":"https:\/\/www.magnolio.shop\/grapefruit-grapefrucht\/"},"modified":"2025-11-17T15:51:03","modified_gmt":"2025-11-17T14:51:03","slug":"grapefruitoel-doterra-grapefruit","status":"publish","type":"product","link":"https:\/\/www.magnolioworld.com\/green-ch\/grapefruitoel-doterra-grapefruit\/","title":{"rendered":"Grapefruit\u00f6l &#8211; doTERRA Grapefruit"},"content":{"rendered":"<p><strong>doTERRA Grapefruit<\/strong> &#8211; Ideal zur Verfeinerung von Speisen und Getr\u00e4nken und zur Unterst\u00fctzung des Gewichtsmanagements<\/p>\n<p>Grapefruit ist ein \u00fcber 10 Meter hoher immergr\u00fcner Zitrusbaum. Er ist eine Kreuzung aus Orange und Pampelmuse und kommt in fast allen subtropischen L\u00e4ndern vor. Die gelb-orange Grapefruit ist f\u00fcr ihren s\u00e4uerlichen, spritzigen Geschmack bekannt. Das \u00e4therische Grapefruit\u00f6l wird aus der Schale der Frucht gewonnen und wird wegen seiner zahlreichen Anwendungsm\u00f6glichkeiten und seiner positiven Wirkung auf die Gesundheit gesch\u00e4tzt. Das \u00e4therische <strong>doTERRA Grapefruit<\/strong> verleiht einer Vielzahl von Gerichten einen frischen Geschmack und sie ist auch f\u00fcr ihre reinigenden Eigenschaften bekannt.<\/p>\n<p>Aber auch emotional unterst\u00fctzt das \u00d6l der K\u00f6rperehrung eine positive Grundstimmung und hilft, den eigenen K\u00f6rper so zu akzeptieren, wie er ist und damit zufrieden zu sein.<\/p>\n<p><strong>Empfehlung<\/strong><br \/>\nAromatisch: Vernebele zur besseren Konzentration 3\u20134 Tropfen in einem Diffuser. Ideal auch, um Di\u00e4ten emotional stabil zu begleiten.<br \/>\nInnerlich: Gib 1 Tropfen auf 125 ml Fl\u00fcssigkeit. Grapefruit ist ideal, um Mixgetr\u00e4nken, Desserts oder Smoothies eine feine Note zu geben.Hilft auch gegen Hei\u00dfhungerattacken.<\/p>\n<p><strong>Sichere Verwendung<\/strong><br \/>\nKann Hautreizungen verursachen. Au\u00dferhalb der Reichweite von Kindern aufbewahren. Wenn du schwanger bist oder in \u00e4rztlicher Behandlung stehst, konsultiere bitte deinen Arzt. Kontakt mit Augen, Innenohren, Gesicht, empfindlichen Stellen und Schleimh\u00e4uten vermeiden.Topisch bitte die \u00d6le stets mit Tr\u00e4ger\u00f6l (z.B. fraktioniertem Kokos\u00f6l) verd\u00fcnnen. Da Zitrus\u00f6le photosensitiv sind, nach Hautkontakt mindestens 12 Stunden lang keiner Sonne und UV-Strahlung aussetzen.<\/p>\n","protected":false},"excerpt":{"rendered":"<h2 style=\"font-size: 28px;\">Das \u00d6l der K\u00f6rperehrung<\/h2>\n<p>doTERRA Grapefruit &#8211; Zur Unterst\u00fctzung bei einem optimalen Gewichtsmanagement. Es hilft auch gegen Hei\u00dfhungerattacken. Emotional tr\u00e4gt es dazu bei, den eigenen K\u00f6rper zu akzeptieren.<\/p>\n","protected":false},"featured_media":557,"template":"","meta":{"_et_pb_use_builder":"","_et_pb_old_content":"","_et_gb_content_width":""},"product_cat":[15,50,44,42,2110,1937,1938,1946,1969],"product_tag":[139,138],"_links":{"self":[{"href":"https:\/\/www.magnolioworld.com\/green-ch\/wp-json\/wp\/v2\/product\/644"}],"collection":[{"href":"https:\/\/www.magnolioworld.com\/green-ch\/wp-json\/wp\/v2\/product"}],"about":[{"href":"https:\/\/www.magnolioworld.com\/green-ch\/wp-json\/wp\/v2\/types\/product"}],"wp:featuredmedia":[{"embeddable":true,"href":"https:\/\/www.magnolioworld.com\/green-ch\/wp-json\/wp\/v2\/media\/557"}],"wp:attachment":[{"href":"https:\/\/www.magnolioworld.com\/green-ch\/wp-json\/wp\/v2\/media?parent=644"}],"wp:term":[{"taxonomy":"product_cat","embeddable":true,"href":"https:\/\/www.magnolioworld.com\/green-ch\/wp-json\/wp\/v2\/product_cat?post=644"},{"taxonomy":"product_tag","embeddable":true,"href":"https:\/\/www.magnolioworld.com\/green-ch\/wp-json\/wp\/v2\/product_tag?post=644"}],"curies":[{"name":"wp","href":"https:\/\/api.w.org\/{rel}","templated":true}]}}