{"id":643,"date":"2020-04-22T14:01:09","date_gmt":"2020-04-22T12:01:09","guid":{"rendered":"https:\/\/www.magnolio.shop\/ginger-ingwer\/"},"modified":"2025-11-17T15:12:19","modified_gmt":"2025-11-17T14:12:19","slug":"ingweroel-doterra-ginger","status":"publish","type":"product","link":"https:\/\/www.magnolioworld.com\/green-ch\/ingweroel-doterra-ginger\/","title":{"rendered":"Ingwer\u00f6l &#8211; doTERRA Ginger"},"content":{"rendered":"<p><strong>doTERRA Ginger<\/strong> &#8211;\u00a0 Das \u00d6l des (sanften) Kriegers &#8211; Ideal zur Verfeinerung von Speisen und Getr\u00e4nken und bei Reiseunp\u00e4sslichkeiten<\/p>\n<p>Die bis \u00fcber 1,5 Meter hoch wachsende Ingwer-Pflanze bildet einen umfangreichen Wurzelstock, das Rhizom. Das \u00e4therische Ingwer\u00f6l wird aus dem frischen Rhizom der Ingwerpflanze gewonnen.<\/p>\n<p>Ingwer ist eine der wichtigsten Zutaten in vielen asiatischen Gerichten und hat einen scharfen, aromatischen Geschmack, wenn er als K\u00fcchengew\u00fcrz verwendet wird. In der westlichen Tradition wird Ingwer am h\u00e4ufigsten in S\u00fc\u00dfigkeiten verwendet: Lebkuchen und Ingwer-Pl\u00e4tzchen sind nur zwei Beispiele. <\/p>\n<p>Gut eingesetzt werden kann das \u00d6l auch bei Unwohlsein auf Reisen.<\/p>\n<p>Emotional hilft das \u00d6l des Kriegers uns stark in allen Lebenssituationen zu f\u00fchlen und selbst in schwierigen Zeiten standhaft zu bleiben.<\/p>\n<p><strong>Empfehlung<\/strong><br \/>\nAromatisch: Zur inneren St\u00e4rkung 3\u20134 Tropfen doTERRA Ginger in einem Diffuser vernebeln.<br \/>\nInnerlich: Gib 1 Tropfen Ingwer\u00f6l auf 125 ml Fl\u00fcssigkeit, um Unwohlsein zu begegnen. Ingwer ist ideal, um Mixgetr\u00e4nken, Backwaren, Desserts oder asiatischen Gerichten eine feine Note zu geben. Kann gut mit Cardamom und Spearmint kombiniert werden.<\/p>\n<p><strong>Sichere Verwendung<\/strong><br \/>\nKann Hautreizungen verursachen. Au\u00dferhalb der Reichweite von Kindern aufbewahren. Wenn du schwanger bist oder in \u00e4rztlicher Behandlung stehst, konsultiere bitte deinen Arzt. Kontakt mit Augen, Innenohren, Gesicht, empfindlichen Stellen und Schleimh\u00e4uten vermeiden.Topisch bitte die \u00d6le stets mit Tr\u00e4ger\u00f6l (z.B. fraktioniertem Kokos\u00f6l) verd\u00fcnnen.<\/p>\n","protected":false},"excerpt":{"rendered":"<h2 style=\"font-size: 28px;\">Das \u00d6l des (sanften) Kriegers<\/h2>\n<p>doTERRA Ginger &#8211; Ideal zum Verfeinern von Desserts, Backwaren und asiatischen Speisen. Emotional sorgt es f\u00fcr innere St\u00e4rke und sanfte Verteidigungsbereitschaft. Auf hilft gegen Unwohlsein &#8211; besonders auf Reisen.<\/p>\n","protected":false},"featured_media":555,"template":"","meta":{"_et_pb_use_builder":"","_et_pb_old_content":"","_et_gb_content_width":""},"product_cat":[15,50,41,42,47,1938,1944,1946,1969,1987,1988],"product_tag":[136,137],"_links":{"self":[{"href":"https:\/\/www.magnolioworld.com\/green-ch\/wp-json\/wp\/v2\/product\/643"}],"collection":[{"href":"https:\/\/www.magnolioworld.com\/green-ch\/wp-json\/wp\/v2\/product"}],"about":[{"href":"https:\/\/www.magnolioworld.com\/green-ch\/wp-json\/wp\/v2\/types\/product"}],"wp:featuredmedia":[{"embeddable":true,"href":"https:\/\/www.magnolioworld.com\/green-ch\/wp-json\/wp\/v2\/media\/555"}],"wp:attachment":[{"href":"https:\/\/www.magnolioworld.com\/green-ch\/wp-json\/wp\/v2\/media?parent=643"}],"wp:term":[{"taxonomy":"product_cat","embeddable":true,"href":"https:\/\/www.magnolioworld.com\/green-ch\/wp-json\/wp\/v2\/product_cat?post=643"},{"taxonomy":"product_tag","embeddable":true,"href":"https:\/\/www.magnolioworld.com\/green-ch\/wp-json\/wp\/v2\/product_tag?post=643"}],"curies":[{"name":"wp","href":"https:\/\/api.w.org\/{rel}","templated":true}]}}