{"id":642,"date":"2020-04-22T14:01:09","date_gmt":"2020-04-22T12:01:09","guid":{"rendered":"https:\/\/www.magnolio.shop\/geranium-geranie\/"},"modified":"2025-06-02T16:17:57","modified_gmt":"2025-06-02T14:17:57","slug":"geranienoel-doterra-geranium","status":"publish","type":"product","link":"https:\/\/www.magnolioworld.com\/green-ch\/geranienoel-doterra-geranium\/","title":{"rendered":"Geranien\u00f6l &#8211; doTERRA Geranium"},"content":{"rendered":"<p><strong>doTERRA Geranium<\/strong> &#8211; F\u00f6rdert die Balance und h\u00fcllt uns wunderbar in liebevolle Bl\u00fctend\u00fcfte ein<\/p>\n<p>Geranien geh\u00f6ren zur Pflanzengattung der Pelargonien. Obwohl es \u00fcber 200 verschiedene Sorten von Pelargonien-Bl\u00fcten gibt, werden nur wenige als \u00e4therische \u00d6le verwendet. Das \u00e4therische \u00d6l der Geranie f\u00f6rdert eine klare Haut und gesundes Haar. Es ist daher in vielen Haut- und Haarpflegeprodukten zu finden.<\/p>\n<p>Das wohltuende Blumenaroma von Geranien\u00f6l f\u00f6rdert zudem das Gef\u00fchl der Ruhe, der Ausgeglichenheit und gibt das Gef\u00fchl loslassen zu k\u00f6nnen. Es ist wie alle Bl\u00fcten\u00f6l erhebend f\u00fcr Herz und Sinne. Nicht umsonst wird Geranien\u00f6l das \u00d6l der Liebe und des Vertrauens genannt. Gerade in diesen herausfordernden Zeiten so wichtig.<\/p>\n<p>Ideal aromatisch im Diffuser oder als Zugabe zur Gesichts- und K\u00f6rperpflege.<\/p>\n<p><strong>Empfehlung<\/strong><br \/>\nAromatisch: Vernebele zur optimalen Entspannung und liebevoller Atmosph\u00e4re 3\u20134 Tropfen in einem Diffuser. Inhaliere das \u00d6l f\u00fcr die emotionale Wirkung der Liebe und des Vertrauens \u00fcber die Handgelenke tief ein.<br \/>\nTopisch: Gib 1 Tropfen zu Deiner Feuchtigkeitscreme und verw\u00f6hne die Haut mit dem floralen Duft. F\u00fcr gl\u00e4nzende Haare einfach 1-2 Tropfen zu deinem Shampoo oder Conditioner zuf\u00fcgen. ein paar Tropfen in der K\u00f6rperpflege verw\u00f6hnen Deine Haut den ganzen Tag mit diesem liebevollen Bl\u00fctenduft.<\/p>\n<p><strong>Sichere Verwendung<\/strong><br \/>\nKann Hautreizungen verursachen. Au\u00dferhalb der Reichweite von Kindern aufbewahren. Wenn du schwanger bist oder in \u00e4rztlicher Behandlung stehst, konsultiere bitte deinen Arzt. Kontakt mit Augen, Innenohren, Gesicht, empfindlichen Stellen und Schleimh\u00e4uten vermeiden. Topisch bitte die \u00d6le stets mit Tr\u00e4ger\u00f6l (z.B. fraktioniertem Kokos\u00f6l) verd\u00fcnnen.<\/p>\n","protected":false},"excerpt":{"rendered":"<h2 style=\"font-size: 28px;\">Das \u00d6l der Liebe und des Vertrauens<\/h2>\n<p><strong>doTERRA Geranium &#8211; ideal zur<\/strong> intensiven Haar- und Hautpflege. Das wohltuende Blumenaroma des Geranien\u00f6ls f\u00f6rdert das Gef\u00fchl der Ruhe, der Ausgeglichenheit und hilft im Vertrauen zu sein und Liebe zu zeigen und zu leben. Ideal f\u00fcr Coaching und die therapeutische Praxis.<\/p>\n","protected":false},"featured_media":553,"template":"","meta":{"_et_pb_use_builder":"","_et_pb_old_content":"","_et_gb_content_width":""},"product_cat":[15,50,42,1970,1968],"product_tag":[135,134],"_links":{"self":[{"href":"https:\/\/www.magnolioworld.com\/green-ch\/wp-json\/wp\/v2\/product\/642"}],"collection":[{"href":"https:\/\/www.magnolioworld.com\/green-ch\/wp-json\/wp\/v2\/product"}],"about":[{"href":"https:\/\/www.magnolioworld.com\/green-ch\/wp-json\/wp\/v2\/types\/product"}],"wp:featuredmedia":[{"embeddable":true,"href":"https:\/\/www.magnolioworld.com\/green-ch\/wp-json\/wp\/v2\/media\/553"}],"wp:attachment":[{"href":"https:\/\/www.magnolioworld.com\/green-ch\/wp-json\/wp\/v2\/media?parent=642"}],"wp:term":[{"taxonomy":"product_cat","embeddable":true,"href":"https:\/\/www.magnolioworld.com\/green-ch\/wp-json\/wp\/v2\/product_cat?post=642"},{"taxonomy":"product_tag","embeddable":true,"href":"https:\/\/www.magnolioworld.com\/green-ch\/wp-json\/wp\/v2\/product_tag?post=642"}],"curies":[{"name":"wp","href":"https:\/\/api.w.org\/{rel}","templated":true}]}}