{"id":641,"date":"2020-04-22T14:01:09","date_gmt":"2020-04-22T12:01:09","guid":{"rendered":"https:\/\/www.magnolio.shop\/frankincense-weihrauch\/"},"modified":"2024-02-01T19:04:00","modified_gmt":"2024-02-01T18:04:00","slug":"weihrauchoel-doterra-frankincense","status":"publish","type":"product","link":"https:\/\/www.magnolioworld.com\/green-ch\/weihrauchoel-doterra-frankincense\/","title":{"rendered":"Weihrauch\u00f6l &#8211; doTERRA Frankincense"},"content":{"rendered":"<p><strong>doTERRA Frankincense<\/strong> &#8211; Der K\u00f6nig der \u00d6le<\/p>\n<p>Der bis etwa 5 Meter hoch wachsende Weihrauchbaum hat sein Verbreitungsgebiet in den Trockengebieten von Somalia, Jemen und Oman. Aus dem gummiartigen Harz wird das \u00e4therische \u00d6l gewonnen. Weihrauch gilt als eines der teuersten und kostbarsten \u00e4therischen \u00d6le. Die alten \u00c4gypter verwendeten Weihrauchharz zum Beispiel in Parf\u00fcms und f\u00fcr Haut beruhigende Salben. <\/p>\n<p>So werden die\u00a0 lindernden und versch\u00f6nernden Eigenschaften von Weihrauch\u00f6l zur Verj\u00fcngung und Beruhigung der Haut mit dem \u00e4therische <strong>doTERRA Frankincense<\/strong> genutzt. Zudem wirkt es Zellen regenerierend und kann daher beim Anti-Aging wunderbar unterst\u00fctzend eingesetzt werden.<\/p>\n<p>Emotional ist es das \u00d6l der Wahrheit. Es kann wunderbar f\u00fcr spirituelle Arbeit und Coaching eingesetzt werden. Daf\u00fcr ist es ideal, es im Diffuser zu zerst\u00e4uben oder \u00fcber die Handfl\u00e4chen tief zu inhalieren.<\/p>\n<p>Weihrauch hilft auch dabei den Tag fokussiert und voller Zufriedenheit, Ruhe und Entspannung anzugehen. Binde es daf\u00fcr einfach in deine Morgenroutine wie Yoga oder Mediation ein.<\/p>\n<p><strong>Empfehlung<\/strong><br \/>\nAromatisch: Gib 3-4 Tropfen f\u00fcr eine ruhiges und st\u00e4rkendes und st\u00e4rkendes Raumklima in den Diffuser. Kann auch wunderbar mit dem Erdung gebenden Baum\u00f6len und stimmungsaufhellenden Zitrus\u00f6len erg\u00e4nzt werden. Zur Beruhigung und gegen Angst das \u00d6l \u00fcber die Handgelenke bzw. die Handfl\u00e4chen inhalieren. <br \/>\nTopisch: 1-2 Tropfen doTERRA Frankincense f\u00fcr ein reines und frisches Hautbild in die t\u00e4gliche Gesichtspflege einbinden. Ideal auch lokal bei Hautirritationen. Da es regenerierend wirkt, kann es auch f\u00fcr Anti-Aging eingesetzt werden. <br \/>\nAls Duftmischung: Weihrauch kann wunderbar mit anderen \u00e4therischen \u00d6len, wie Copaiba, Cedarwood, Ylang Ylang und Sandalwood zu einer exklusiven Duftmischung kreiert werden. Ideal auch im Roll-On f\u00fcr unterwegs zu verwenden. Dazu einfach die fertige Duftmischung mit fraktioniertem Kokos\u00f6l auff\u00fcllen. <\/p>\n<p><strong>Sichere Verwendung<\/strong><br \/>\nKann Hautreizungen verursachen. Au\u00dferhalb der Reichweite von Kindern aufbewahren. Wenn du schwanger bist oder in \u00e4rztlicher Behandlung stehst, konsultiere bitte deinen Arzt. Kontakt mit Augen, Innenohren, Gesicht, empfindlichen Stellen und Schleimh\u00e4uten vermeiden. Topisch bitte die \u00d6le stets mit Tr\u00e4ger\u00f6l (z.B. fraktioniertem Kokos\u00f6l) verd\u00fcnnen.<\/p>\n","protected":false},"excerpt":{"rendered":"<h2 style=\"font-size: 28px;\">Das \u00d6l der Wahrheit<\/h2>\n<p>doTERRA Frankincense &#8211; Ist aufgrund seiner einzigartigen Zusammensetzung vielseitig k\u00f6rperlich und emotional einsetzbar. Nicht umsonst ist es der K\u00f6nig der \u00d6le. Insbesondere zur Zellgeneration, Anti-Aging und bei Hautirritationen und Narben leistet Weihrauch\u00f6l wertvolle Dienste. Emotional ist es stark Angst l\u00f6send und bringt Verborgenes zum Vorschein. Deshalb ist es das ideale \u00d6l f\u00fcr Coaching und spirituelle Praxis.<\/p>\n","protected":false},"featured_media":551,"template":"","meta":{"_et_pb_use_builder":"","_et_pb_old_content":"","_et_gb_content_width":""},"product_cat":[43,15,50,36,37,38,39,41,42,46,48,45,47,1953,1972,1985],"product_tag":[133,132,130,131],"_links":{"self":[{"href":"https:\/\/www.magnolioworld.com\/green-ch\/wp-json\/wp\/v2\/product\/641"}],"collection":[{"href":"https:\/\/www.magnolioworld.com\/green-ch\/wp-json\/wp\/v2\/product"}],"about":[{"href":"https:\/\/www.magnolioworld.com\/green-ch\/wp-json\/wp\/v2\/types\/product"}],"wp:featuredmedia":[{"embeddable":true,"href":"https:\/\/www.magnolioworld.com\/green-ch\/wp-json\/wp\/v2\/media\/551"}],"wp:attachment":[{"href":"https:\/\/www.magnolioworld.com\/green-ch\/wp-json\/wp\/v2\/media?parent=641"}],"wp:term":[{"taxonomy":"product_cat","embeddable":true,"href":"https:\/\/www.magnolioworld.com\/green-ch\/wp-json\/wp\/v2\/product_cat?post=641"},{"taxonomy":"product_tag","embeddable":true,"href":"https:\/\/www.magnolioworld.com\/green-ch\/wp-json\/wp\/v2\/product_tag?post=641"}],"curies":[{"name":"wp","href":"https:\/\/api.w.org\/{rel}","templated":true}]}}