{"id":640,"date":"2020-04-22T14:01:08","date_gmt":"2020-04-22T12:01:08","guid":{"rendered":"https:\/\/www.magnolio.shop\/fennel-fenchel\/"},"modified":"2024-02-01T19:02:13","modified_gmt":"2024-02-01T18:02:13","slug":"fencheloel-doterra-fennel","status":"publish","type":"product","link":"https:\/\/www.magnolioworld.com\/green-ch\/fencheloel-doterra-fennel\/","title":{"rendered":"Fenchel\u00f6l &#8211; doTERRA Fennel"},"content":{"rendered":"<p><strong>doTERRA Fennel<\/strong> &#8211; Ausgleich und Beruhigung f\u00fcr Verdauung und Atem<\/p>\n<p>Der Fenchel kann bis zu zwei Meter gro\u00df werden und hat zarte, gefiederte Bl\u00e4tter. Das s\u00fc\u00dfe, erdige, Anis-\u00e4hnliche Aroma des \u00e4therischen doTERRA Fennel ist sehr intensiv, belebt und gleicht aus. Die Naturheilkunde schreibt dem Fenchel positive Einfl\u00fcsse auf Kreislauf-, Dr\u00fcsen-, Atem- und Verdauungssysteme zu. Das kann in diesem \u00d6l auf wunderbar effektive Weise eingesetzt werden.<br \/>\nZur Unterst\u00fctzung des Magens und der Verdauung kann Fenchel\u00f6l in Wasser eingenommen (siehe Empfehlung unten) oder auch in einer Kapsel innerlich eingenommen werden:<\/p>\n<p>Als \u00d6l der Verantwortung hilft uns doTERRA Fennel Verantwortung f\u00fcr sich und sein Leben zu tragen und f\u00fcr sein Tun einzustehen.<\/p>\n<p><strong>Empfehlung<br \/>\n<\/strong>Aromatisch: Gib 3-4 Tropfen des \u00d6l zum vernebeln in den Diffuser. Um eine beruhigende und entspannende Wirkung\u00a0 zu erzielen, mische einfach 3-4 Tropfen der \u00e4therische \u00d6le Zypresse, Pfefferminze und Douglas Tanne.<br \/>\nInnerlich: Gib max.1 Tropfen Fenchel\u00f6l zur Verfeinerung von Speisen anstelle von Fenchelkraut dazu. F\u00fcr eine kr\u00e4ftigen w\u00fcrzigen Geschmack bei Gurkensalat oder Wei\u00dfe-Bohnen-Paste eine kleine Menge beif\u00fcgen. Beachte: Weniger ist mehr. Oft reicht schon eine winzige Menge des \u00d6ls (Zahnstocherspitze).<br \/>\nNimm 1 Tropfen auf 125 ml Wasser gegen V\u00f6llegef\u00fchl nach dem Essen oder bei Hei\u00dfhungerattacken.<br \/>\nTopisch: Zur Massage 5 Tropfen mit 10 ml Tr\u00e4ger\u00f6l mischen. Als Badezusatz 5 Tropfen mit 5 ml Tr\u00e4ger\u00f6l mischen.<\/p>\n<p><strong>Sichere Verwendung<\/strong><br \/>\nInnerlich maximal 1 Tropfen t\u00e4glich verwenden. Kann Hautreizungen veursachen. Au\u00dferhalb der Reichweite von Kindern aufbewahren. Wenn Du schwanger bist oder in \u00e4rztlicher Behandlung stehst, konsultiere bitte Deinen Arzt. Kontakt mit Augen, Innenohren, Gesicht, empfindlichen Stellen und Schleimh\u00e4uten vermeiden.Topisch bitte die \u00d6le stets mit Tr\u00e4ger\u00f6l (z.B. fraktioniertem Kokos\u00f6l) verd\u00fcnnen.<\/p>\n","protected":false},"excerpt":{"rendered":"<h2 style=\"font-size: 28px;\">Das \u00d6l der Verantwortung<\/h2>\n<p>doTERRA Fennel &#8211; F\u00fcr Ausgleich und Beruhigung der Verdauung und Atems. Fenchel\u00f6l nach einer ausgiebigen Mahlzeit in 125 ml Wasser aufl\u00f6sen und trinken, um V\u00f6llegef\u00fchl zu vermeiden. Emotional hilft es uns, Verantwortung f\u00fcr unser Leben zu \u00fcbernehmen und das auch umzusetzen.<\/p>\n","protected":false},"featured_media":548,"template":"","meta":{"_et_pb_use_builder":"","_et_pb_old_content":"","_et_gb_content_width":""},"product_cat":[15,50,47,1987,1988],"product_tag":[129,128],"_links":{"self":[{"href":"https:\/\/www.magnolioworld.com\/green-ch\/wp-json\/wp\/v2\/product\/640"}],"collection":[{"href":"https:\/\/www.magnolioworld.com\/green-ch\/wp-json\/wp\/v2\/product"}],"about":[{"href":"https:\/\/www.magnolioworld.com\/green-ch\/wp-json\/wp\/v2\/types\/product"}],"wp:featuredmedia":[{"embeddable":true,"href":"https:\/\/www.magnolioworld.com\/green-ch\/wp-json\/wp\/v2\/media\/548"}],"wp:attachment":[{"href":"https:\/\/www.magnolioworld.com\/green-ch\/wp-json\/wp\/v2\/media?parent=640"}],"wp:term":[{"taxonomy":"product_cat","embeddable":true,"href":"https:\/\/www.magnolioworld.com\/green-ch\/wp-json\/wp\/v2\/product_cat?post=640"},{"taxonomy":"product_tag","embeddable":true,"href":"https:\/\/www.magnolioworld.com\/green-ch\/wp-json\/wp\/v2\/product_tag?post=640"}],"curies":[{"name":"wp","href":"https:\/\/api.w.org\/{rel}","templated":true}]}}