{"id":639,"date":"2020-04-22T14:01:08","date_gmt":"2020-04-22T12:01:08","guid":{"rendered":"https:\/\/www.magnolio.shop\/eucalyptus-eukalyptus\/"},"modified":"2025-11-17T13:32:13","modified_gmt":"2025-11-17T12:32:13","slug":"eukalyptusoel-doterra-eucalyptus","status":"publish","type":"product","link":"https:\/\/www.magnolioworld.com\/green-ch\/eukalyptusoel-doterra-eucalyptus\/","title":{"rendered":"Eukalyptus\u00f6l &#8211; doTERRA Eucalyptus"},"content":{"rendered":"<p><strong>doTERRA Eucalyptus<\/strong> &#8211; Das \u00d6l des Durchatmens <\/p>\n<p>Der Eukalyptusbaum &#8220;Eucalyptus radiata&#8221;, gelegentlich auch als Gummibaum bezeichnet, ist ein bis etwa 15 Meter hoher, immergr\u00fcner Baum. Die chemischen Hauptbestandteile sind Eukalyptol und Alpha-Terpineol.<br \/>\nDas \u00e4therische \u00d6l ist f\u00fcr seinen Frischeeffekt und seine entkrampfende Wirkung bekannt. Es l\u00e4sst sie befreit durchatmen. <\/p>\n<p>Deshalb findet man das \u00e4therische doTERRA Eucalyptus auch in Mundsp\u00fclungen, Massage\u00f6len oder Hustenmitteln. Ideal auch die Anwendung im Diffuser oder lokal zusammen mit Tr\u00e4ger\u00f6l auf den Bronchien auftragen. Nat\u00fcrlich kann das \u00d6l auch unterwegs direkt aus der Flasche tief inhaliert werden.<\/p>\n<p>Emotional steht das Eukalyptus\u00f6l \u00d6l f\u00fcr Wohlbefinden. Diese Wirkung kann am besten durch Zerst\u00e4uben im Diffuser oder tiefen Inhalieren \u00fcber die Handfl\u00e4chen genutzt werden.<\/p>\n<p><strong>Empfehlung<\/strong><br \/>\nAromatisch: Vernebele\u00a0 3-4 Tropfen doTERRA Douglas Fir f\u00fcr eine befreiende und entspannende Wirkung. Kann auch gut zusammen mit Douglasie, Zypresse und Lavendel verwendet werden.<br \/>\nF\u00fcr eine intensive emotionale Wirkung und der Befreiung der Atemwege das \u00d6l \u00fcber die Pulspunkte tief inhalieren.<br \/>\nZur Unterst\u00fctzung und Befreiung der Atemwege kann ein Dampfbad mit 1-2 Tropfen des \u00d6ls gemacht werden.<br \/>\nTopisch: Gib 1-2 Tropfen doTERRA Eucalyptus der Gesichts- und K\u00f6rperpflege hinzu und genie\u00dfe den befreienden Duft. <br \/>\nAls Wellness-Bad 5 Tropfen mit 5 ml Tr\u00e4ger\u00f6l bzw. Mandelmilch oder Sahne mischen.<br \/>\nAls befreiender Duft: Mische 1-2 Tropfen des befreienden Duftes zusammen mit Lavendel, Douglasie und Zypresse. Die fertige Mischung einfach in einem Roll-On mit fraktioniertem Kokos\u00f6l auff\u00fcllen. Fertig ist der befreiende Duft f\u00fcr unterwegs.<\/p>\n<p><strong>Sichere Verwendung<\/strong><br \/>\nKann Hautreizungen verursachen. Au\u00dferhalb der Reichweite von Kindern aufbewahren. Wenn Du schwanger bist oder in \u00e4rztlicher Behandlung stehst, konsultiere bitte Deinen Arzt. Kontakt mit Augen, Innenohren, Gesicht, empfindlichen Stellen und Schleimh\u00e4uten vermeiden. Topisch bitte die \u00d6le stets mit Tr\u00e4ger\u00f6l (z.B. fraktioniertem Kokos\u00f6l) verd\u00fcnnen.<\/p>\n","protected":false},"excerpt":{"rendered":"<h2 style=\"font-size: 28px;\">Das \u00d6l des Wohlbefindens<\/h2>\n<p>doTERRA Eucalyptus &#8211; Ist ideal zur Beruhigung und Befreiung der Atemwege. Es ist wunderbar geeignet f\u00fcr wohltuende Massagen und aromatischem Vernebeln bzw. Inhalieren f\u00fcr ein befreites Durchatmen. Emotional schafft es ein Gef\u00fchl des Wohlbefindens und der Geborgenheit.<\/p>\n","protected":false},"featured_media":546,"template":"","meta":{"_et_pb_use_builder":"","_et_pb_old_content":"","_et_gb_content_width":""},"product_cat":[15,50,37,2110,1954,1955],"product_tag":[126,127],"_links":{"self":[{"href":"https:\/\/www.magnolioworld.com\/green-ch\/wp-json\/wp\/v2\/product\/639"}],"collection":[{"href":"https:\/\/www.magnolioworld.com\/green-ch\/wp-json\/wp\/v2\/product"}],"about":[{"href":"https:\/\/www.magnolioworld.com\/green-ch\/wp-json\/wp\/v2\/types\/product"}],"wp:featuredmedia":[{"embeddable":true,"href":"https:\/\/www.magnolioworld.com\/green-ch\/wp-json\/wp\/v2\/media\/546"}],"wp:attachment":[{"href":"https:\/\/www.magnolioworld.com\/green-ch\/wp-json\/wp\/v2\/media?parent=639"}],"wp:term":[{"taxonomy":"product_cat","embeddable":true,"href":"https:\/\/www.magnolioworld.com\/green-ch\/wp-json\/wp\/v2\/product_cat?post=639"},{"taxonomy":"product_tag","embeddable":true,"href":"https:\/\/www.magnolioworld.com\/green-ch\/wp-json\/wp\/v2\/product_tag?post=639"}],"curies":[{"name":"wp","href":"https:\/\/api.w.org\/{rel}","templated":true}]}}