{"id":637,"date":"2020-04-22T14:01:08","date_gmt":"2020-04-22T12:01:08","guid":{"rendered":"https:\/\/www.magnolio.shop\/cypress-zypresse\/"},"modified":"2024-02-01T18:56:06","modified_gmt":"2024-02-01T17:56:06","slug":"zypressenoel-doterra-cypress","status":"publish","type":"product","link":"https:\/\/www.magnolioworld.com\/green-ch\/zypressenoel-doterra-cypress\/","title":{"rendered":"Zypressen\u00f6l &#8211; doTERRA Cypress"},"content":{"rendered":"<p><strong>doTERRA Cypress<\/strong> &#8211; Bringt alles zum Flie\u00dfen<br \/>\n<strong><br \/>\n<\/strong>Das \u00e4therische \u00d6l der Zypresse bringt alles k\u00f6rperlich und seelisch in den Fluss.\u00a0 Es wird aus den Zweigen des immergr\u00fcnen, hochwachsenden Zypressen-Baums durch Dampfdestillation gewonnen. <\/p>\n<p>Das <strong>doTERRA Cypress <\/strong>\u00d6l hat einen frischen, klaren Duft, der energetisierend und erfrischend wirkt. Zypresse wirkt unter anderem ausgleichend und wird daher oft f\u00fcr Wellness-Anwendungen und Massagen verwendet.\u00a0<br \/>\nAls \u00d6l der Bewegung und des Flusses, hilft das Zypressen\u00f6l bei Problemen der Durchblutung und Verspannungen der Muskulatur. Au\u00dferdem wirkt es motivierend und hilft, Dinge in die Tat umzusetzen.<\/p>\n<p>Ideal mit Tr\u00e4ger\u00f6l verd\u00fcnnt auf die beanspruchten Stellen aufzutragen oder im Diffuser aromatisch im Raum zu zerst\u00e4uben.<\/p>\n<p><strong>Empfehlung<\/strong><br \/>\nAromatisch: Vernebele 3-4 Tropfen doTERRA Cypress in einem Diffuser. Ideal zusammen mit Zitrus\u00f6len. <br \/>\nTopisch: Kann f\u00fcr eine klare und frische Haut in die t\u00e4gliche Gesichtspflege aufgenommen werden. Dazu einfach 1-2 Tropfen des \u00d6ls zu Toner oder Gesichtscreme hinzugeben. Ideal zum Ausgleich bei fettiger Haut. <br \/>\nF\u00fcr mehr Energie vor sportlichen Aktivit\u00e4ten zusammen mit Tr\u00e4ger\u00f6l auf den Beinen auftragen.<br \/>\nAls erholsame Massage nach einem anstrengenden Tag 5 Tropfen mit 10 ml Tr\u00e4ger\u00f6l mischen <br \/>\nF\u00fcr ein Entspannungsbad 5 Tropfen mit 5 ml Tr\u00e4ger\u00f6l bzw. Mandelmilch oder Sahne mischen.<\/p>\n<p><strong>Sichere Verwendung<\/strong><br \/>\nKann Hautreizungen verursachen. Au\u00dferhalb der Reichweite von Kindern aufbewahren. Wenn du schwanger bist oder in \u00e4rztlicher Behandlung stehst, konsultiere bitte deinen Arzt. Kontakt mit Augen, Innenohren, Gesicht, empfindlichen Stellen und Schleimh\u00e4uten vermeiden. Topisch bitte die \u00d6le stets mit Tr\u00e4ger\u00f6l (z.B. fraktioniertem Kokos\u00f6l) verd\u00fcnnen.<\/p>\n","protected":false},"excerpt":{"rendered":"<h2 style=\"font-size: 28px;\">\u00d6l der Bewegung und des Flusses<\/h2>\n<p>doTERRA Cypress &#8211; Unterst\u00fctzt bei Problemen der Durchblutung und und Verspannungen der Muskulatur. Emotional wirkt es motivierend, bringt stockende Prozesse in den Fluss und hilft, Dinge in die Tat umzusetzen.<\/p>\n","protected":false},"featured_media":541,"template":"","meta":{"_et_pb_use_builder":"","_et_pb_old_content":"","_et_gb_content_width":""},"product_cat":[15,50,42,1937,1942,1944,1970,1968],"product_tag":[122,123],"_links":{"self":[{"href":"https:\/\/www.magnolioworld.com\/green-ch\/wp-json\/wp\/v2\/product\/637"}],"collection":[{"href":"https:\/\/www.magnolioworld.com\/green-ch\/wp-json\/wp\/v2\/product"}],"about":[{"href":"https:\/\/www.magnolioworld.com\/green-ch\/wp-json\/wp\/v2\/types\/product"}],"wp:featuredmedia":[{"embeddable":true,"href":"https:\/\/www.magnolioworld.com\/green-ch\/wp-json\/wp\/v2\/media\/541"}],"wp:attachment":[{"href":"https:\/\/www.magnolioworld.com\/green-ch\/wp-json\/wp\/v2\/media?parent=637"}],"wp:term":[{"taxonomy":"product_cat","embeddable":true,"href":"https:\/\/www.magnolioworld.com\/green-ch\/wp-json\/wp\/v2\/product_cat?post=637"},{"taxonomy":"product_tag","embeddable":true,"href":"https:\/\/www.magnolioworld.com\/green-ch\/wp-json\/wp\/v2\/product_tag?post=637"}],"curies":[{"name":"wp","href":"https:\/\/api.w.org\/{rel}","templated":true}]}}