{"id":636,"date":"2020-04-22T14:01:08","date_gmt":"2020-04-22T12:01:08","guid":{"rendered":"https:\/\/www.magnolio.shop\/coriander-koriander\/"},"modified":"2024-02-28T12:40:54","modified_gmt":"2024-02-28T11:40:54","slug":"korianderoel-doterra-coriander","status":"publish","type":"product","link":"https:\/\/www.magnolioworld.com\/green-ch\/korianderoel-doterra-coriander\/","title":{"rendered":"Koriander\u00f6l &#8211; doTERRA Coriander"},"content":{"rendered":"<p><strong>doTERRA Coriander<\/strong> &#8211; Ideal, um Altes k\u00f6rperlich und emotional loszulassen. <\/p>\n<p>Koriander ist ein einj\u00e4hriges Kraut, das knapp einen Meter hoch wird und sehr aromatisch ist. Koriandersamen hat einen hohen Linaloolgehalt, der der Haut hilft, einen frisch aussehenden Teint zu entwickeln. Das s\u00fc\u00df krautige \u00d6l kann eine beruhigende Wirkung entfalten, wirkt sowohl entspannend als auch anregend. Eine \u00d6lmischung mit <strong>doTERRA Coriander<\/strong> zeichnet sich durch eine frische organische Note aus.<\/p>\n<p>Emotional ist es das \u00d6l der Loyalit\u00e4t und hilft dabei, Grenzen bei falsch verstandener Loyalit\u00e4t zu setzen und sich nicht ausnutzen zu lassen. F\u00fcr den emotionalen Einsatz empfiehlt es sich, das \u00d6l zu vernebeln. oder \u00fcber die Handfl\u00e4chen tief zu inhalieren.<\/p>\n<p><strong>Empfehlung<br \/>\n<\/strong>Aromatisch: F\u00fcr angenehme und desodorierte Raumluft 3-4 Tropfen in den Diffuser geben. F\u00fcr eine optimistische und positive Haltung mische 2 Tropfen Koriander, die Mischung doTERRA Balance und Pfefferminze.<br \/>\nInnerlich: Gib max.1 Tropfen zur Verfeinerung asiatischen und Currygerichten hinzu. Beachte: Weniger ist mehr. Oft reicht schon eine winzige Menge des \u00d6ls (Zahnstocherspitze).<br \/>\nNimm 1 Tropfen auf 125 ml Wasser gegen V\u00f6llegef\u00fchl nach dem Essen oder morgens auf lauwarmes Wasser zur Unterst\u00fctzung der Entgiftung.<\/p>\n<p><strong>Sichere Verwendung<\/strong><br \/>\nBitte achte darauf, innerlich nicht mehr als 1 Tropfen am Tag zu verwenden. Au\u00dferhalb der Reichweite von Kindern aufbewahren. Wenn Du schwanger bist oder in \u00e4rztlicher Behandlung stehst, konsultiere bitte Deinen Arzt. Kontakt mit Augen, Innenohren, Gesicht, empfindlichen Stellen und Schleimh\u00e4uten vermeiden. Bei topischer Verwendung die \u00d6le stets mit Tr\u00e4ger\u00f6l (z.B. fraktioniertem Kokos\u00f6l) verd\u00fcnnen.<\/p>\n","protected":false},"excerpt":{"rendered":"<h2 style=\"font-size: 28px;\">Das \u00d6l der Loyalit\u00e4t \u00a0\u00a0\u00a0\u00a0\u00a0\u00a0\u00a0<\/h2>\n<p>doTERRA Coriander &#8211; Kann zur Verfeinerung von asiatischen Speisen und Currygerichten verwendet werden. Emotional hilft es, altes loszulassen und eine positive und optimistische Haltung zu gelangen.<\/p>\n","protected":false},"featured_media":539,"template":"","meta":{"_et_pb_use_builder":"","_et_pb_old_content":"","_et_gb_content_width":""},"product_cat":[15,50],"product_tag":[120,121],"_links":{"self":[{"href":"https:\/\/www.magnolioworld.com\/green-ch\/wp-json\/wp\/v2\/product\/636"}],"collection":[{"href":"https:\/\/www.magnolioworld.com\/green-ch\/wp-json\/wp\/v2\/product"}],"about":[{"href":"https:\/\/www.magnolioworld.com\/green-ch\/wp-json\/wp\/v2\/types\/product"}],"wp:featuredmedia":[{"embeddable":true,"href":"https:\/\/www.magnolioworld.com\/green-ch\/wp-json\/wp\/v2\/media\/539"}],"wp:attachment":[{"href":"https:\/\/www.magnolioworld.com\/green-ch\/wp-json\/wp\/v2\/media?parent=636"}],"wp:term":[{"taxonomy":"product_cat","embeddable":true,"href":"https:\/\/www.magnolioworld.com\/green-ch\/wp-json\/wp\/v2\/product_cat?post=636"},{"taxonomy":"product_tag","embeddable":true,"href":"https:\/\/www.magnolioworld.com\/green-ch\/wp-json\/wp\/v2\/product_tag?post=636"}],"curies":[{"name":"wp","href":"https:\/\/api.w.org\/{rel}","templated":true}]}}