{"id":633,"date":"2020-04-22T14:01:06","date_gmt":"2020-04-22T12:01:06","guid":{"rendered":"https:\/\/www.magnolio.shop\/cinnamon-bark-zimtrinde\/"},"modified":"2025-11-17T16:58:27","modified_gmt":"2025-11-17T15:58:27","slug":"zimtoel-doterra-cinnamon-bark","status":"publish","type":"product","link":"https:\/\/www.magnolioworld.com\/green-ch\/zimtoel-doterra-cinnamon-bark\/","title":{"rendered":"Zimt\u00f6l &#8211; doTERRA Cinnamon Bark"},"content":{"rendered":"<p><strong>doTERRA Cinnamon Bark<\/strong> &#8211; Ideal zur nat\u00fcrlichen Aromatisierung von Speisen und Getr\u00e4nken und zur w\u00e4rmenden Unterst\u00fctzung in der kalten Jahreszeit<\/p>\n<p>Zimt stammt von einem tropischen, immergr\u00fcnen und bis zu 14 Meter hohen Baum, der eine stark duftende Rinde, Bl\u00e4tter und Bl\u00fcten hat. Der hohe Zimtaldehydgehalt des \u00e4therischen Zimt\u00f6ls aus der Rinde des Baumes bedingt, dass f\u00fcr die innerliche Anwendung nur ein Tropfen ben\u00f6tigt wird. <\/p>\n<p><strong>doTERRA Cinnamon Bark<\/strong> wird h\u00e4ufig f\u00fcr Mundsp\u00fclungen und in Kaugummis verwendet. Er wird seit alters her als W\u00fcrze f\u00fcr Desserts, Vorspeisen und Hei\u00dfgetr\u00e4nke verwendet.<\/p>\n<p><strong>Empfehlung<\/strong><br \/>\nAromatisch: F\u00fcr eine warme und einladende Atmosph\u00e4re vernebele 3-4 Tropfen doTERRA Cinnamon Bark.<br \/>\nInnerlich: Gib max.1 Tropfen in 125 ml in kalte oder warme Fl\u00fcssigkeit. Eignet sich auch als Verfeinerung von Speisen und Backwaren und anstelle von Zimt. Beachte: Weniger ist mehr. Oft reicht schon eine winzige Menge f\u00fcr ein vollmundiges Aroma (Zahnstocherspitze).<br \/>\nF\u00fcr einen frischen Atem kann auch 1 Tropfen doTERRA Cinnamon Bark auf 100 ml Wasser als Mundsp\u00fclung verwendet werden.<br \/>\nTopisch: Als w\u00e4rmende Massage f\u00fcr Gelenke und Muskulatur 5 Tropfen mit 10 ml Tr\u00e4ger\u00f6l mischen. Als w\u00e4rmendes und beruhigendes Entspannungsbad 5 Tropfen mit 5 ml Tr\u00e4ger\u00f6l bzw. Mandelmilch oder Sahne verd\u00fcnnen. <\/p>\n<p><strong>Sichere Verwendung<\/strong><br \/>\nBitte achte darauf, innerlich nicht mehr als 1 Tropfen am Tag zu verwenden. Au\u00dferhalb der Reichweite von Kindern aufbewahren. Wenn du schwanger bist in \u00e4rztlicher Behandlung stehst, konsultiere bitte deinen Arzt. Kontakt mit Augen, Innenohren, Gesicht, empfindlichen Stellen und Schleimh\u00e4uten vermeiden. Bei topischer Verwendung die \u00d6le stets mit Tr\u00e4ger\u00f6l (z.B. fraktioniertem Kokos\u00f6l) verd\u00fcnnen.<\/p>\n","protected":false},"excerpt":{"rendered":"<h2 style=\"font-size: 28px;\">Das \u00d6l der Harmonie<\/h2>\n<p>Das \u00e4therische \u00d6l der Zimtrinde kann zur Verfeinerung von Speisen und Getr\u00e4nken eingesetzt werden und verschafft vernebelt sofort ein warmes und harmonisches Raumgef\u00fchl.<\/p>\n","protected":false},"featured_media":530,"template":"","meta":{"_et_pb_use_builder":"","_et_pb_old_content":"","_et_gb_content_width":""},"product_cat":[15,50,42,1938,1969],"product_tag":[110,106,104,109,107,108,105],"_links":{"self":[{"href":"https:\/\/www.magnolioworld.com\/green-ch\/wp-json\/wp\/v2\/product\/633"}],"collection":[{"href":"https:\/\/www.magnolioworld.com\/green-ch\/wp-json\/wp\/v2\/product"}],"about":[{"href":"https:\/\/www.magnolioworld.com\/green-ch\/wp-json\/wp\/v2\/types\/product"}],"wp:featuredmedia":[{"embeddable":true,"href":"https:\/\/www.magnolioworld.com\/green-ch\/wp-json\/wp\/v2\/media\/530"}],"wp:attachment":[{"href":"https:\/\/www.magnolioworld.com\/green-ch\/wp-json\/wp\/v2\/media?parent=633"}],"wp:term":[{"taxonomy":"product_cat","embeddable":true,"href":"https:\/\/www.magnolioworld.com\/green-ch\/wp-json\/wp\/v2\/product_cat?post=633"},{"taxonomy":"product_tag","embeddable":true,"href":"https:\/\/www.magnolioworld.com\/green-ch\/wp-json\/wp\/v2\/product_tag?post=633"}],"curies":[{"name":"wp","href":"https:\/\/api.w.org\/{rel}","templated":true}]}}