{"id":631,"date":"2020-04-22T14:01:06","date_gmt":"2020-04-22T12:01:06","guid":{"rendered":"https:\/\/www.magnolio.shop\/cedarwood-zeder\/"},"modified":"2025-11-17T17:43:08","modified_gmt":"2025-11-17T16:43:08","slug":"zedernholzoel-doterra-cedarwood","status":"publish","type":"product","link":"https:\/\/www.magnolioworld.com\/green-ch\/zedernholzoel-doterra-cedarwood\/","title":{"rendered":"Zedernholz\u00f6l &#8211; doTERRA Cedarwood"},"content":{"rendered":"<p><strong>\u00a0doTERRA Cedarwood &#8211; Wunderbar beruhigend und erdend<\/strong><\/p>\n<p>Das \u00e4therische Zedernholz\u00f6l hat einen sehr beruhigende und erdenden Effekt. Man findet die Zeder in klimatisch kalten Gebieten, wo sie in hohen Lagen gedeiht und eine H\u00f6he von bis zu 30 m erreichen kann. Ihr erdendes Aroma spiegelt die St\u00e4rke und Gr\u00f6\u00dfe der Zeder wider. Das Zedernholz\u00f6l hat einen warmen, holzigen Duft und verf\u00fcgt \u00fcber zahlreiche gesundheitsf\u00f6rdernde Eigenschaften. Zedernduft gibt das Gef\u00fchl des Wohlbefindens und der Vitalit\u00e4t. Lokal auf der Haut massiert wirkt kl\u00e4rend und reinigend. Zedern\u00f6l beruhigt im Rahmen einer Massage K\u00f6rper und Geist.<\/p>\n<p>Als \u00d6l der Gemeinschaft wirkt doTERRA Cedarwood verbindend, unterst\u00fctzt die positive Kommunikation und macht offen f\u00fcr Begegnungen mit anderen Menschen.<br \/>\nIdeal im Diffuser oder \u00fcber die Handgelenke zu inhalieren. Optimal kommt der beruhigende Effekt bei Wellnessmassagen oder einem Wohlf\u00fchl-Bad zur Geltung.<\/p>\n<p><strong>Empfehlung<\/strong><br \/>\nAromatisch: Vernebele 3-4 Tropfen f\u00fcr mehr Selbstvertrauen sowie Ausgeglichenheit und Entspannung nach einem langen Tag. <br \/>\nTopisch: Ideal als Motivation vor dem Sport. Dazu 1-2 Tropfen zusammen mit Tr\u00e4ger\u00f6l auf die Brust auftragen. Bei Hautunreinheiten direkt auf die gew\u00fcnschte Stelle auftragen. Zedernholz\u00f6l kann auch in die t\u00e4gliche Gesichtspflege durch 1-2 Tropfen in der Feuchtigkeitspflege oder dem Gesichtswasser eingebunden werden. Als entspannende Massage 5 Tropfen mit 10 ml Tr\u00e4ger\u00f6l mischen. Als Wellness-Bad 5 Tropfen mit 5 ml Tr\u00e4ger\u00f6l bzw. Mandelmilch oder Sahne mischen.<br \/>\nAls Outdoor-Schutz: 1-2 Tropfen zusammen mit Tr\u00e4ger\u00f6l auf die zu sch\u00fctzende Stelle auftragen.<\/p>\n<p><strong>Sichere Verwendung<\/strong><br \/>\nKann Hautreizungen verursachen. Au\u00dferhalb der Reichweite von Kindern aufbewahren. Wenn du schwanger bist oder in \u00e4rztlicher Behandlung stehst, konsultiere bitte deinen Arzt. Kontakt mit Augen, Innenohren, Gesicht, empfindlichen Stellen und Schleimh\u00e4uten vermeiden. Topisch bitte die \u00d6le stets mit Tr\u00e4ger\u00f6l (z.B. fraktioniertem Kokos\u00f6l) verd\u00fcnnen.<\/p>\n","protected":false},"excerpt":{"rendered":"<h2 style=\"font-size: 28px;\">Das \u00d6l der Gemeinschaft<\/h2>\n<p>doTERRA Cedarwood &#8211; Ist wunderbar beruhigend und erdend. Als \u00d6l der Gemeinschaft schafft Zedernholz\u00f6l Verbindungen unter Menschen und unterst\u00fctzt die positive Kommunikation. Ideal f\u00fcr Beruf und Zuhause. Au\u00dferdem wirkt es unterst\u00fctzend gegen Hautreizungen und kann ideal bei Massage und Wellness-Anwendungen eingesetzt werden.<\/p>\n","protected":false},"featured_media":525,"template":"","meta":{"_et_pb_use_builder":"","_et_pb_old_content":"","_et_gb_content_width":""},"product_cat":[15,50,38,45,1937,1958,1985],"product_tag":[95,97,96,98,99],"_links":{"self":[{"href":"https:\/\/www.magnolioworld.com\/green-ch\/wp-json\/wp\/v2\/product\/631"}],"collection":[{"href":"https:\/\/www.magnolioworld.com\/green-ch\/wp-json\/wp\/v2\/product"}],"about":[{"href":"https:\/\/www.magnolioworld.com\/green-ch\/wp-json\/wp\/v2\/types\/product"}],"wp:featuredmedia":[{"embeddable":true,"href":"https:\/\/www.magnolioworld.com\/green-ch\/wp-json\/wp\/v2\/media\/525"}],"wp:attachment":[{"href":"https:\/\/www.magnolioworld.com\/green-ch\/wp-json\/wp\/v2\/media?parent=631"}],"wp:term":[{"taxonomy":"product_cat","embeddable":true,"href":"https:\/\/www.magnolioworld.com\/green-ch\/wp-json\/wp\/v2\/product_cat?post=631"},{"taxonomy":"product_tag","embeddable":true,"href":"https:\/\/www.magnolioworld.com\/green-ch\/wp-json\/wp\/v2\/product_tag?post=631"}],"curies":[{"name":"wp","href":"https:\/\/api.w.org\/{rel}","templated":true}]}}