{"id":628,"date":"2020-04-22T14:01:03","date_gmt":"2020-04-22T12:01:03","guid":{"rendered":"https:\/\/www.magnolio.shop\/black-pepper-schwarzer-pfeffer\/"},"modified":"2025-11-17T17:36:01","modified_gmt":"2025-11-17T16:36:01","slug":"schwarzer-pfefferoel-doterra-black-pepper","status":"publish","type":"product","link":"https:\/\/www.magnolioworld.com\/green-ch\/schwarzer-pfefferoel-doterra-black-pepper\/","title":{"rendered":"Schwarzer Pfeffer\u00f6l &#8211; doTERRA Black Pepper"},"content":{"rendered":"<p><strong>doTERRA Black Pepper<\/strong>\u00a0&#8211;\u00a0 K\u00fcchenw\u00fcrze sowie innere W\u00e4rme und St\u00e4rkung des Immunsystems<\/p>\n<p>Schwarzer Pfeffer ist sehr bekannt f\u00fcr seine F\u00e4higkeit, Speisen zu w\u00fcrzen und Lebensmittel geschmacklich zu verbessern. Doch auch sein \u00e4therisches \u00d6l bietet eine Vielzahl von Anwendungsm\u00f6glichkeiten. Der scharfe Geschmack vom schwarzen Pfeffer macht ihn zur idealen Erg\u00e4nzung f\u00fcr Fleisch, Suppen und Vorspeisen. Aufgrund der chemischen Zusammensetzung des schwarzen Pfeffers ist dieses \u00e4therische Pfeffer\u00f6l viel mehr als nur ein praktisches K\u00fcchengew\u00fcrz.<br \/>\n<strong>doTERRA Black Pepper<\/strong> ist reich an Monoterpenen und Sesquiterpenen, also nat\u00fcrlichen Chemikalien, die f\u00fcr ihre antioxidative Wirkung bekannt sind. <\/p>\n<p>Emotional kann das \u00d6l der Demaskierung verhelfen, sein wahres Ich zu zeigen und danach zu leben. Au\u00dferdem hilft es, zu sich und seinen Gef\u00fchlen zu stehen. Um diese Wirkung zu erzielen, kann das \u00d6l direkt aus der Flasche mit tiefen Atemz\u00fcgen inhaliert bzw. \u00fcber die Handgelenke eingeatmet werden.<\/p>\n<p><strong>Empfehlung<br \/>\n<\/strong>Aromatisch: 3-4 Tropfen zusammen mit Wild Orange oder anderen Zitrus\u00f6len in den Diffuser.<br \/>\nInnerlich: Gib max.1 Tropfen doTERRA Black Pepper zur Verfeinerung von Fleischgerichten, Suppen und Salate. Beachte: Weniger ist mehr. Oft reicht schon eine winzige Menge des \u00d6ls (Zahnstocherspitze). Kann auch wunderbar mit Cilantro (Korianderkraut) kombiniert werden.<br \/>\nTopisch: Als w\u00e4rmende Massage f\u00fcr Gelenke und Muskulatur 5 Tropfen mit 10 ml Tr\u00e4ger\u00f6l mischen.<\/p>\n<p><strong>Sichere Verwendung<\/strong><br \/>\nBitte achte darauf, innerlich nicht mehr als 1 Tropfen am Tag zu verwenden. Au\u00dferhalb der Reichweite von Kindern aufbewahren. Wenn du schwanger oder in \u00e4rztlicher Behandlung bist, konsultiere bitte deinen Arzt. Kontakt mit Augen, Innenohren, Gesicht, empfindlichen Stellen und Schleimh\u00e4uten vermeiden. Das \u00d6l bei topischer Anwendung stets mit Tr\u00e4ger\u00f6l (z.B. fraktioniertem Kokos\u00f6l) verd\u00fcnnen.<\/p>\n","protected":false},"excerpt":{"rendered":"<h2 style=\"font-size: 28px;\">Das \u00d6l der Demaskierung<\/h2>\n<p>doTERRA Black Pepper &#8211; Ist eine besonders wertvolle Erg\u00e4nzung in der K\u00fcche zur Abrundung und Intensivierung von Speisen. Es kann auch aufgrund seiner w\u00e4rmenden wohltuenden Wirkung wunderbar f\u00fcr Massagen oder aromatisch zur Erw\u00e4rmung der Seele verwendet werden. Emotional kann es helfen, die Masken abzulegen und hinter die Fassade zu sehen.<\/p>\n","protected":false},"featured_media":521,"template":"","meta":{"_et_pb_use_builder":"","_et_pb_old_content":"","_et_gb_content_width":""},"product_cat":[15,50,1938,1941],"product_tag":[79,75,80,78,76,77],"_links":{"self":[{"href":"https:\/\/www.magnolioworld.com\/green-ch\/wp-json\/wp\/v2\/product\/628"}],"collection":[{"href":"https:\/\/www.magnolioworld.com\/green-ch\/wp-json\/wp\/v2\/product"}],"about":[{"href":"https:\/\/www.magnolioworld.com\/green-ch\/wp-json\/wp\/v2\/types\/product"}],"wp:featuredmedia":[{"embeddable":true,"href":"https:\/\/www.magnolioworld.com\/green-ch\/wp-json\/wp\/v2\/media\/521"}],"wp:attachment":[{"href":"https:\/\/www.magnolioworld.com\/green-ch\/wp-json\/wp\/v2\/media?parent=628"}],"wp:term":[{"taxonomy":"product_cat","embeddable":true,"href":"https:\/\/www.magnolioworld.com\/green-ch\/wp-json\/wp\/v2\/product_cat?post=628"},{"taxonomy":"product_tag","embeddable":true,"href":"https:\/\/www.magnolioworld.com\/green-ch\/wp-json\/wp\/v2\/product_tag?post=628"}],"curies":[{"name":"wp","href":"https:\/\/api.w.org\/{rel}","templated":true}]}}