{"id":627,"date":"2020-04-22T14:01:02","date_gmt":"2020-04-22T12:01:02","guid":{"rendered":"https:\/\/www.magnolio.shop\/bergamot-bergamotte\/"},"modified":"2025-11-17T17:35:13","modified_gmt":"2025-11-17T16:35:13","slug":"bergamottoel-doterra-bergamot","status":"publish","type":"product","link":"https:\/\/www.magnolioworld.com\/green-ch\/bergamottoel-doterra-bergamot\/","title":{"rendered":"Bergamott\u00f6l &#8211; doTERRA Bergamot"},"content":{"rendered":"<p><strong>doTERRA Bergamot\u00a0<\/strong> &#8211;\u00a0 Beruhigung und St\u00e4rkung des Selbstvertrauens<\/p>\n<p>Das \u00d6l kommt von der K\u00fcste der Reggio di Calabria in Italien und ist eines der einzigartigsten Zitrus\u00f6le der Welt. Seit Jahren verwenden die Italiener Bergamotte f\u00fcr unz\u00e4hlige Zwecke, so z.B. um die Haut zu verj\u00fcngen, Stress abzubauen und vieles mehr.<br \/>\nBergamott\u00f6l von doTERRA hat einzigartige Eigenschaften, die es von anderen Zitrus\u00f6len unterscheidet: <br \/>\nDie Exklusivit\u00e4t des Anbaugebiets; die Tatsache, dass es sich um eine bittere Frucht handelt, die s\u00fc\u00dfes \u00d6l produziert; seine F\u00e4higkeit, eine erhebende und beruhigende Umgebung zu schaffen. Es ist ein vielseitiges, beliebtes \u00d6l und wird h\u00e4ufig zur Beruhigung der Haut, bei der Massage, zur Kl\u00e4rung und zur Anregung verwendet.<\/p>\n<p><strong>Empfehlung<\/strong><br \/>\nAromatisch: Vernebele\u00a0 3-4 Tropfen in einem Diffuser. Gib morgens 1-2 Tropfen in die Dusche und erlebe eine erfrischende Aromatic Shower.<br \/>\nInnerlich: Gib 1 Tropfen doTERRA Bergamot auf 125 ml Fl\u00fcssigkeit. Ideal auch zur besonderen Note von Mixgetr\u00e4nken.<br \/>\nTopisch: Als wohltuende Massage 5 Tropfen mit 10 ml Tr\u00e4ger\u00f6l mischen. Als Wellnessbad 5 Tropfen mit 5 ml Tr\u00e4ger\u00f6l bzw. Mandelmilch oder Sahne mischen. <br \/>\nAls Parf\u00fcm: 1 Tropfen mit 10 Tropfen Tr\u00e4ger\u00f6l mischen. Auch gut geeignet zur wohltuenden Mischung mit K\u00f6rperpflegeprodukten.<\/p>\n<p><strong>Sichere Verwendung<\/strong><br \/>\nKann Hautreizungen verursachen. Au\u00dferhalb der Reichweite von Kindern aufbewahren. Wenn Du schwanger bist oder in \u00e4rztlicher Behandlung stehst, konsultiere bitte Deinen Arzt. Kontakt mit Augen, Innenohren, Gesicht, empfindlichen Stellen und Schleimh\u00e4uten vermeiden.Topisch bitte die \u00d6le stets mit Tr\u00e4ger\u00f6l (z.B. fraktioniertem Kokos\u00f6l) verd\u00fcnnen. Da Zitrus\u00f6le fotosensitiv sind, nach Hautkontakt mindestens 12 Stunden lang keiner Sonne und UV-Strahlung aussetzen.<\/p>\n","protected":false},"excerpt":{"rendered":"<h2 style=\"font-size: 28px;\">Das \u00d6l der Selbstannahme<\/h2>\n<p>doTERRA Bergamot hat kraftvolle reinigende und kl\u00e4rende Eigenschaften. Es kann bei \u00e4u\u00dferlicher Anwendung zu einer klaren, gesund aussehenden Haut beitragen. Emotional hilft es, sich selbst anzunehmen.<\/p>\n","protected":false},"featured_media":519,"template":"","meta":{"_et_pb_use_builder":"","_et_pb_old_content":"","_et_gb_content_width":""},"product_cat":[15,50],"product_tag":[71,72,73,74],"_links":{"self":[{"href":"https:\/\/www.magnolioworld.com\/green-ch\/wp-json\/wp\/v2\/product\/627"}],"collection":[{"href":"https:\/\/www.magnolioworld.com\/green-ch\/wp-json\/wp\/v2\/product"}],"about":[{"href":"https:\/\/www.magnolioworld.com\/green-ch\/wp-json\/wp\/v2\/types\/product"}],"wp:featuredmedia":[{"embeddable":true,"href":"https:\/\/www.magnolioworld.com\/green-ch\/wp-json\/wp\/v2\/media\/519"}],"wp:attachment":[{"href":"https:\/\/www.magnolioworld.com\/green-ch\/wp-json\/wp\/v2\/media?parent=627"}],"wp:term":[{"taxonomy":"product_cat","embeddable":true,"href":"https:\/\/www.magnolioworld.com\/green-ch\/wp-json\/wp\/v2\/product_cat?post=627"},{"taxonomy":"product_tag","embeddable":true,"href":"https:\/\/www.magnolioworld.com\/green-ch\/wp-json\/wp\/v2\/product_tag?post=627"}],"curies":[{"name":"wp","href":"https:\/\/api.w.org\/{rel}","templated":true}]}}