{"id":626,"date":"2020-04-22T14:01:02","date_gmt":"2020-04-22T12:01:02","guid":{"rendered":"https:\/\/www.magnolio.shop\/basil-basilikum\/"},"modified":"2025-11-17T15:05:26","modified_gmt":"2025-11-17T14:05:26","slug":"basilikumoel-doterra-basil","status":"publish","type":"product","link":"https:\/\/www.magnolioworld.com\/green-ch\/basilikumoel-doterra-basil\/","title":{"rendered":"Basilikum\u00f6l &#8211; doTERRA Basil"},"content":{"rendered":"<p><strong>dotERRA Basil <\/strong>&#8211; Ideal f\u00fcr die K\u00fcche und zur Entspannung der Muskulatur<\/p>\n<p>Das warme, w\u00fcrzige und dennoch krautige Aroma der bis zu 60 cm hochwachsende Gew\u00fcrzpflanze Basilikum ist daf\u00fcr bekannt, ein Gef\u00fchl von Ruhe und Zentriertheit zu geben. Basilikum hat aufgrund seines hohen Linaloolgehalts vorteilhafte Eigenschaften f\u00fcr K\u00f6rper und Geist. Es ist daher das ideale Mittel, um Spannungsgef\u00fchle zu reduzieren. Trage doTERRA Basil einfach auf die Schl\u00e4fen und im Nacken auf. <br \/>\nBeim Kochen verleiht Basilikum\u00f6l vor allem Fleisch, aber auch Nudeln und Vorspeisen einen frischen, krautigen Geschmack.<\/p>\n<p>Emotional ist es das \u00d6l der Erneuerung und hilft, neue Situationen schneller und angstfreier anzunehmen. Daf\u00fcr empfiehlt es sich, das \u00d6l in den Diffuser einzugeben oder \u00fcber die Handfl\u00e4chen intensiv zu inhalieren.<\/p>\n<p><strong>Empfehlung<\/strong><br \/>\nAromatisch: Vernebele 3-4 Tropfen doTERRA Basil in einem Diffuser. Ideal zusammen mit Geranium und Wild Orange.<br \/>\nInnerlich: Gib 1 Tropfen in eine Vinaigrette oder zur Verfeinerung Deiner italienischen Lieblingsgerichte. Beachte weniger ist mehr. Oft reicht schon eine winzige Menge des \u00d6ls (Zahnstocherspitze).<br \/>\nTopisch: Als entspannende Massage 5 Tropfen mit 10 ml Tr\u00e4ger\u00f6l mischen. Als Wellnessbad 5 Tropfen mit 5 ml Tr\u00e4ger\u00f6l bzw. Mandelmilch oder Sahne mischen. <\/p>\n<p><strong>Sichere Verwendung<\/strong><br \/>\nMaximal 1 Tropfen innerlich am Tag verwenden. Kann Hautreizungen verursachen. Au\u00dferhalb der Reichweite von Kindern aufbewahren. Innerlich maximal einen Tropfen verwenden. Wenn du schwanger bist oder in \u00e4rztlicher Behandlung stehst, konsultiere bitte deinen Arzt. Kontakt mit Augen, Innenohren, Gesicht, empfindlichen Stellen und Schleimh\u00e4uten vermeiden. Topisch bitte die \u00d6le stets mit Tr\u00e4ger\u00f6l (z.B. fraktioniertem Kokos\u00f6l) verd\u00fcnnen.<\/p>\n","protected":false},"excerpt":{"rendered":"<h2 style=\"font-size: 28px;\">Das \u00d6l der Erneuerung<\/h2>\n<p>Basilikum\u00f6l von doTERRA wirkt entspannend und regenerierend auf K\u00f6rper und Geist. Es ist schmackhaft in Fleischspeisen, Pasta und Vorspeisen.<\/p>\n","protected":false},"featured_media":517,"template":"","meta":{"_et_pb_use_builder":"","_et_pb_old_content":"","_et_gb_content_width":""},"product_cat":[15,50,1938,1942],"product_tag":[67,70,68,69],"_links":{"self":[{"href":"https:\/\/www.magnolioworld.com\/green-ch\/wp-json\/wp\/v2\/product\/626"}],"collection":[{"href":"https:\/\/www.magnolioworld.com\/green-ch\/wp-json\/wp\/v2\/product"}],"about":[{"href":"https:\/\/www.magnolioworld.com\/green-ch\/wp-json\/wp\/v2\/types\/product"}],"wp:featuredmedia":[{"embeddable":true,"href":"https:\/\/www.magnolioworld.com\/green-ch\/wp-json\/wp\/v2\/media\/517"}],"wp:attachment":[{"href":"https:\/\/www.magnolioworld.com\/green-ch\/wp-json\/wp\/v2\/media?parent=626"}],"wp:term":[{"taxonomy":"product_cat","embeddable":true,"href":"https:\/\/www.magnolioworld.com\/green-ch\/wp-json\/wp\/v2\/product_cat?post=626"},{"taxonomy":"product_tag","embeddable":true,"href":"https:\/\/www.magnolioworld.com\/green-ch\/wp-json\/wp\/v2\/product_tag?post=626"}],"curies":[{"name":"wp","href":"https:\/\/api.w.org\/{rel}","templated":true}]}}