{"id":620,"date":"2020-04-21T16:39:17","date_gmt":"2020-04-21T14:39:17","guid":{"rendered":"https:\/\/www.magnolio.shop\/kids-collection-kids-collection\/"},"modified":"2025-09-02T13:05:40","modified_gmt":"2025-09-02T11:05:40","slug":"doterra-kids-collection","status":"publish","type":"product","link":"https:\/\/www.magnolioworld.com\/green-ch\/doterra-kids-collection\/","title":{"rendered":"doTERRA Kids Collection"},"content":{"rendered":"<p><strong>doTERRA Kids Collection &#8211; <\/strong>Eine einzigartige kindgerechte Zusammenstellung mit Mischungen f\u00fcr das Wohlbefinden deiner Kinder in allen Lebenssituationen.<\/p>\n<p>So wurde mit der doTERRA Kids Collection Mischungen f\u00fcr K\u00f6rper, Geist und Herz geschaffen. Dabei wurden bew\u00e4hrte doTERRA Mischungen f\u00fcr Erwachsene mit lieblicheren und blumigeren \u00d6len zusammengesetzt und starke und dominante \u00d6le ersetzt. Herausgekommen sind wunderbar weiche, liebliche und kindgerechte Mischungen, die auch f\u00fcr sensible Erwachsene sehr gut geeignet sind. Als gebrauchsfertiger Touch sind sie \u00fcberall sofort problemlos einsetzbar.<\/p>\n<p><span style=\"text-decoration: underline;\">Die doTERRA Kids Collection enth\u00e4lt folgende Mischungen:<\/span><\/p>\n<p><strong>Mischungen f\u00fcr den Geist:<br \/>\n<\/strong>&#8211; Fokussierende Mischung (doTERRA Thinker) &#8211; entspricht doTERRA Intune f\u00fcr Erwachsene<br \/>\n&#8211; Erholsame Mischung (doTERRA Calmer) &#8211; entspricht doTERRA Serenity f\u00fcr Erwachsene<\/p>\n<p><strong>Mischungen f\u00fcr den K\u00f6rper<\/strong><br \/>\n&#8211; St\u00e4rkende Mischung (doTERRA Stronger) &#8211; entspricht doTERRA OnGuard f\u00fcr Erwachsene<br \/>\n&#8211; Entspannende Mischung (doTERRA Rescuer) &#8211; entspricht doTERRA Deep Blue f\u00fcr Erwachsene<br \/>\n&#8211; Verdauungsmischung (doTERRA Tamer) &#8211; entspricht doTERRA ZenGest f\u00fcr Erwachsene<\/p>\n<p><strong>Mischungen f\u00fcr das Herz<\/strong><br \/>\n&#8211; Erdende Mischung (doTERRA Steady) &#8211; entspricht doTERRA Balance<br \/>\n&#8211; Ermutigende Mischung (doTERRA Brave) &#8211; entspricht doTERRA Motivate<\/p>\n<p>Mit diesen \u00d6lmischungen sind deine Kinder f\u00fcr die stetig steigenden Herausforderungen, denen sie sich jeden Tag stellen d\u00fcrfen, gut ger\u00fcstet. Du hast immer ihren kleinen Helfer bei jedem sich stellenden Thema dabei und kannst ihn mit den passenden bunten Karabinerhaken auch praktisch \u00fcberall an Taschen und Kleidung sichern.<\/p>\n<p><strong>Empfehlung<\/strong><br \/>\nBeachte die Empfehlungen bei den einzelnen Produkten.<\/p>\n<p><strong>Sichere Anwendung<br \/>\n<\/strong>Beachte die Hinweise bei den einzelnen Produkten.<\/p>\n","protected":false},"excerpt":{"rendered":"<h2 style=\"font-size: 28px;\">\u00d6le f\u00fcr Kinder Paket<\/h2>\n<p><span style=\"font-size: 28px; color: #e20000; font-weight: bold;\">22 % sparen<\/span><\/p>\n<p>In diesem Paket sind alle wichtigen \u00d6lmischungen f\u00fcr Erwachsene sanfter und kindgerechter enthalten. So sind sie weniger intensiv, daf\u00fcr aber blumiger und fruchtiger. Deine Kinder werden diese praktischen Rollons f\u00fcr unterwegs lieben. Das Paket enth\u00e4lt folgende \u00d6lmischungen: Brave (Mut und Tapferkeit), Calmer (Erholung), Rescuer (Erholung), Steady (Erdung und Zentrierung), Stronger (Schutz), Thinker (Fokus) und Tamer (Verdauung).<\/p>\n","protected":false},"featured_media":5515,"template":"","meta":{"_et_pb_use_builder":"","_et_pb_old_content":"","_et_gb_content_width":""},"product_cat":[15,51,49,38,46,1940,1974],"product_tag":[65],"_links":{"self":[{"href":"https:\/\/www.magnolioworld.com\/green-ch\/wp-json\/wp\/v2\/product\/620"}],"collection":[{"href":"https:\/\/www.magnolioworld.com\/green-ch\/wp-json\/wp\/v2\/product"}],"about":[{"href":"https:\/\/www.magnolioworld.com\/green-ch\/wp-json\/wp\/v2\/types\/product"}],"wp:featuredmedia":[{"embeddable":true,"href":"https:\/\/www.magnolioworld.com\/green-ch\/wp-json\/wp\/v2\/media\/5515"}],"wp:attachment":[{"href":"https:\/\/www.magnolioworld.com\/green-ch\/wp-json\/wp\/v2\/media?parent=620"}],"wp:term":[{"taxonomy":"product_cat","embeddable":true,"href":"https:\/\/www.magnolioworld.com\/green-ch\/wp-json\/wp\/v2\/product_cat?post=620"},{"taxonomy":"product_tag","embeddable":true,"href":"https:\/\/www.magnolioworld.com\/green-ch\/wp-json\/wp\/v2\/product_tag?post=620"}],"curies":[{"name":"wp","href":"https:\/\/api.w.org\/{rel}","templated":true}]}}