{"id":6089,"date":"2022-08-28T10:35:34","date_gmt":"2022-08-28T08:35:34","guid":{"rendered":"https:\/\/www.magnolio.ch\/?post_type=product&#038;p=6089"},"modified":"2024-05-18T00:35:40","modified_gmt":"2024-05-17T22:35:40","slug":"heiliges-basilikumoel-doterra-tulsi","status":"publish","type":"product","link":"https:\/\/www.magnolioworld.com\/green-ch\/heiliges-basilikumoel-doterra-tulsi\/","title":{"rendered":"Heiliges Basilikum\u00f6l &#8211; doTERRA Tulsi"},"content":{"rendered":"<p><strong>doTERRA Tuls<\/strong>i &#8211; Heiliges Basililkum\u00f6l &#8211; Die K\u00f6nigin der \u00d6le ideal f\u00fcr k\u00f6rperliches Wohlbefinden und spirituelle Reinheit<\/p>\n<p>So wird dieses besondere aus S\u00fcdostasien stammende Kraut seit vielen Jahrhunderten als \u00d6l bei k\u00f6rperlichen Unp\u00e4sslichkeiten, aber vor allem auch zur Aus\u00fcbung der spirituellen Praxis eingesetzt:<br \/>\ndoTERRA Tulsi geh\u00f6rt zur Kr\u00e4uterfamilie der Minze. Es riecht wie frische Basilikum mit einem kleinen Touch von Nelke. F\u00fcr die Gewinnung des \u00d6ls werden vor allem die Bl\u00e4tter und Bl\u00fctenknospen verwendet.<\/p>\n<p>doTERRA Tulsi wirkt stark reinigend und ausgleichend auf die K\u00f6rpersysteme, gerade auch auf Blutzucker und Blutdruck. Unterst\u00fctzend kann es auch bei Atemwegs- und Gelenkproblemen eingesetzt werden. <br \/>\nEs f\u00f6rdert die Vitalit\u00e4t und das Wohlbefinden und wirkt balancierend auf die Nerven und damit Stress reduzierend.<\/p>\n<p>\u00c4u\u00dferlich kann es verd\u00fcnnt Hautunreinheiten vorbeugen und f\u00fcr einen klaren und strahlenden Teint sorgen.<\/p>\n<p>Als spirituelles \u00d6l kann doTERRA Tulsi vor allem bei der Praxis von Yoga, Tai Chi, Qi Gong oder nat\u00fcrlich auch in der Meditation und bei energetischen Prozessen sehr hilfreich eingesetzt werden. Hierbei ist die aromatische Anwendung im Diffuser zu bevorzugen<\/p>\n<p><strong>doTERRA Tulsi<\/strong> unterst\u00fctzt die Chakrenarbeit, da sie dem 3. Auge mehr Klarheit, Weite und Perspektive verleiht.<\/p>\n<p>Emotional hilft Tulsi energetische Blockierungen zu l\u00f6sen, emotionale Verspannungen und Blockaden zu beseitigen und Klarheit \u00fcber die innere Ausrichtung zu finden. Au\u00dferdem kann damit durch das enthaltende Eugenol eine bessere emotionale Abgrenzung erfolgen. Darin ist es in vergleichbar mit Nelken\u00f6l (doTERRA Clove Bud)<br \/>\nSo ist dieses \u00d6l besonders hilfreich in Zeiten gro\u00dfer Herausforderungen, um diese mit positiven Zukunftsvisionen kraftvoll meistern zu k\u00f6nnen.<\/p>\n<p>Zusammen mit den stimmungsaufhellenden Zitrus-\u00d6len eine wunderbare Kombination f\u00fcr den Alltag in bewegten Zeiten.<\/p>\n<p><strong>Empfehlung<\/strong><br \/>\nAromatisch: F\u00fcr Wohlbefinden und spirituelle Reinheit 3-4 Tropfen in den Diffuser geben oder \u00fcber die Handgelenke tief inhalieren. Ideal f\u00fcr die spirituelle Praxis. <br \/>\nTopisch: Nutze die beruhigenden Eigenschaften des \u00d6ls f\u00fcr Deine t\u00e4gliche Hautpflege. Massiere 5 Tropfen des \u00d6ls zusammen mit 10 ml Tr\u00e4ger\u00f6l ein und tauche in ein Welt der Entspannung.<br \/>\nGib 5 Tropfen mit Tr\u00e4ger\u00f6l, Mandelmilch oder Sahne in ein linderndes Entspannungsbad.<br \/>\nParf\u00fcm: Kreiere zusammen mit den \u00d6len Muskatellersalbei, Geranie und Neroli eine unverwechselbare Duftmischung. <\/p>\n<p><strong>Sichere Verwendung<\/strong><br \/>\nKann Hautreizungen verursachen. Au\u00dferhalb der Reichweite von Kindern aufbewahren. Wenn du schwanger bist oder in \u00e4rztlicher Behandlung stehst, konsultiere bitte deinen Arzt. Kontakt mit Augen, Innenohren, Gesicht, empfindlichen Stellen und Schleimh\u00e4uten vermeiden. Topisch bitte die \u00d6le stets mit Tr\u00e4ger\u00f6l (z.B. fraktioniertem Kokos\u00f6l) verd\u00fcnnen.<br \/>\n\u00a0<\/p>\n","protected":false},"excerpt":{"rendered":"<h2 style=\"font-size: 28px;\">K\u00f6nigin der spirituellen Reinheit (Integration)<\/h2>\n<p><strong>doTERRA Tulsi<\/strong> &#8211; Ist ideal f\u00fcr k\u00f6rperliches Wohlbefinden und spirituelle Reinheit sowie Kraft in bewegten Zeiten. Besonders auch f\u00fcr die spirituelle Praxis, Yoga, Mediation und Energiearbeit ist Heiliges Basilikum\u00f6l zu empfehlen.<\/p>\n","protected":false},"featured_media":10932,"template":"","meta":{"_et_pb_use_builder":"","_et_pb_old_content":"","_et_gb_content_width":""},"product_cat":[15,50],"product_tag":[],"_links":{"self":[{"href":"https:\/\/www.magnolioworld.com\/green-ch\/wp-json\/wp\/v2\/product\/6089"}],"collection":[{"href":"https:\/\/www.magnolioworld.com\/green-ch\/wp-json\/wp\/v2\/product"}],"about":[{"href":"https:\/\/www.magnolioworld.com\/green-ch\/wp-json\/wp\/v2\/types\/product"}],"wp:featuredmedia":[{"embeddable":true,"href":"https:\/\/www.magnolioworld.com\/green-ch\/wp-json\/wp\/v2\/media\/10932"}],"wp:attachment":[{"href":"https:\/\/www.magnolioworld.com\/green-ch\/wp-json\/wp\/v2\/media?parent=6089"}],"wp:term":[{"taxonomy":"product_cat","embeddable":true,"href":"https:\/\/www.magnolioworld.com\/green-ch\/wp-json\/wp\/v2\/product_cat?post=6089"},{"taxonomy":"product_tag","embeddable":true,"href":"https:\/\/www.magnolioworld.com\/green-ch\/wp-json\/wp\/v2\/product_tag?post=6089"}],"curies":[{"name":"wp","href":"https:\/\/api.w.org\/{rel}","templated":true}]}}