{"id":6086,"date":"2022-08-20T12:14:02","date_gmt":"2022-08-20T10:14:02","guid":{"rendered":"https:\/\/www.magnolio.ch\/?post_type=product&#038;p=6086"},"modified":"2024-05-18T00:36:31","modified_gmt":"2024-05-17T22:36:31","slug":"doterra-on-guard-dental-floss","status":"publish","type":"product","link":"https:\/\/www.magnolioworld.com\/green-ch\/doterra-on-guard-dental-floss\/","title":{"rendered":"doTERRA On Guard Dental Floss"},"content":{"rendered":"<p><strong>doTERRA On Guard Dental Floss<\/strong> &#8211; Die gr\u00fcndliche Reinigung der Zahnzwischenr\u00e4ume mit dem Immunschutz der sch\u00fctzenden OnGuard Mischung<\/p>\n<p>Die Zahnseide doTERRA On Guard Dental Floss ist eine wunderbare Erg\u00e4nzung f\u00fcr die umfassende Zahnpflege und den optimalen Schutz f\u00fcr rundum gepflegte und gesch\u00fctzte Z\u00e4hne. <\/p>\n<p>Zusammen mit der On Guard Mouthwash (Mundsp\u00fclung) und der On Guard Floss (Zahnseide) sind sie ein perfektes Zahnpflege-Trio f\u00fcr strahlend gesunde Z\u00e4hne.<\/p>\n<p>Allen gemeinsam ist die sch\u00fctzende Mischung doTERRA On Guard, die einen optimalen Schutz f\u00fcr das Immunsystem bietet. Gerade in diesen herausfordernden Zeiten ist es umso wichtiger, unser Immunsystem so optimal wie m\u00f6glich zu sch\u00fctzen, damit es gegen Krankheitserreger aller Art bestens ger\u00fcstet ist. Denn das Immunsystem ist eines der komplexesten Systeme in unserem K\u00f6rper, das st\u00e4ndig einsatzbereit sein muss, um gegen Bakterien, Viren, Toxine und Pilze sofort sch\u00fctzend eingreifen zu k\u00f6nnen. Gerade unsere Mundh\u00f6hle ist ein ideales Eintrittstor f\u00fcr Erreger aller Art und bedarf deshalb unseres ganz besonderen Schutzes. doTERRA On Guard Dental Floss ist dabei eine unverzichtbare Hilfe, denn sie ist zweimal in die Mischung On Guard getaucht.<\/p>\n<p>Unterst\u00fctze deine Z\u00e4hne mit der reinen Kraft der Natur durch die <strong>doTERRA On Guard Dental Floss <\/strong>und lasse sie lange gesund und strahlend aussehen. Optimal zusammen mit den anderen On Guard Zahnpflege Produkten.<\/p>\n<p>Lerne auch die anderen sch\u00fctzenden On Guard Produkte kennen.<\/p>\n<p><strong>Empfehlung<\/strong><br \/>\nAromatisch: Nutze On Guard Dental Floss f\u00fcr optimal gepflegte Z\u00e4hne in deiner Zahnputzroutine morgens und abends. Optimal zusammen mit der On Guard Zahnpasta und der Mundsp\u00fclung. Auch bei Bedarf nach dem Essen unterwegs.<br \/>\nAnwendung: Trenne 30\u201340 cm Zahnseide ab und wickele die Enden um die Zeigefinger. Bewege die Seide sanft zwischen den Z\u00e4hnen sowie am Zahnfleischrand entlang, um Plaque und Speisereste zu entfernen. Putzen deine Z\u00e4hne zuvor mit der On Guard Zahnpasta. <\/p>\n<p><strong>Sichere Verwendung<br \/>\n<\/strong>Nur wie angegeben verwenden. Au\u00dferhalb der Reichweite von Kindern aufbewahren.<\/p>\n","protected":false},"excerpt":{"rendered":"<h2 style=\"font-size: 28px;\">Zahnseide<\/h2>\n<p>doTERRA On Guard Dental Floss\u00a0 &#8211; Die gr\u00fcndliche Reinigung der Zahnzwischenr\u00e4ume mit dem Immunschutz der sch\u00fctzenden On Guard Mischung. Die Zahnseide ist die wunderbare Erg\u00e4nzung f\u00fcr die umfassenden Zahnpflege und den optimalen Schutz f\u00fcr rundum gepflegte und gesch\u00fctzte Z\u00e4hne. Zusammen mit der On Guard Mundsp\u00fclung und der On Guard Zahncreme sind sie ein perfektes Zahnpflege-Trio f\u00fcr strahlend gesunde Z\u00e4hne.<\/p>\n","protected":false},"featured_media":6088,"template":"","meta":{"_et_pb_use_builder":"","_et_pb_old_content":"","_et_gb_content_width":""},"product_cat":[15,1925,53],"product_tag":[],"_links":{"self":[{"href":"https:\/\/www.magnolioworld.com\/green-ch\/wp-json\/wp\/v2\/product\/6086"}],"collection":[{"href":"https:\/\/www.magnolioworld.com\/green-ch\/wp-json\/wp\/v2\/product"}],"about":[{"href":"https:\/\/www.magnolioworld.com\/green-ch\/wp-json\/wp\/v2\/types\/product"}],"wp:featuredmedia":[{"embeddable":true,"href":"https:\/\/www.magnolioworld.com\/green-ch\/wp-json\/wp\/v2\/media\/6088"}],"wp:attachment":[{"href":"https:\/\/www.magnolioworld.com\/green-ch\/wp-json\/wp\/v2\/media?parent=6086"}],"wp:term":[{"taxonomy":"product_cat","embeddable":true,"href":"https:\/\/www.magnolioworld.com\/green-ch\/wp-json\/wp\/v2\/product_cat?post=6086"},{"taxonomy":"product_tag","embeddable":true,"href":"https:\/\/www.magnolioworld.com\/green-ch\/wp-json\/wp\/v2\/product_tag?post=6086"}],"curies":[{"name":"wp","href":"https:\/\/api.w.org\/{rel}","templated":true}]}}