{"id":6083,"date":"2022-08-19T08:59:18","date_gmt":"2022-08-19T06:59:18","guid":{"rendered":"https:\/\/www.magnolio.ch\/?post_type=product&#038;p=6083"},"modified":"2025-11-17T14:00:24","modified_gmt":"2025-11-17T13:00:24","slug":"doterra-air-x","status":"publish","type":"product","link":"https:\/\/www.magnolioworld.com\/green-ch\/doterra-air-x\/","title":{"rendered":"doTERRA Air-X"},"content":{"rendered":"<p><strong>doTERRA Air-X<\/strong> &#8211; Die ideale Mischung f\u00fcr reine Atemluft, in der erfrischt und befreit durchgeatmet werden kann.<\/p>\n<p>doTERRA Air-X ist eine kl\u00e4rende Mischung, die durch ihren wunderbaren Duft besticht. Dieser ist sowohl fruchtig, als auch erdig und nach Kr\u00e4utern duftend.<br \/>\nDaf\u00fcr sorgen die darin enthaltenen \u00e4therischen \u00d6le Litsea, Tangerine, Grapefruit, Cardamom und Frankincense.<br \/>\nMit dieser Mischung kann den Umweltbelastungen begegnet werden. So soll <strong>doTERRA Air-X<\/strong> helfen, die Luft in Innenr\u00e4umen zu kl\u00e4ren und die Folgen der durch Umweltbelastungen eingeatmeten Luft zur reduzieren. Au\u00dferdem k\u00f6nnen damit die sch\u00e4dlichen Auswirkungen von verschmutzter Luft in Ballungsr\u00e4umen und Industriegebieten ausgeglichen werden.<\/p>\n<p>Um die optimale Wirkung dieser Atemwegsmischung zu erzielen, empfiehlt es sich, diese zu diffusen oder \u00fcber die Handgelenke bzw. die Handinnenfl\u00e4chen zu inhalieren Sie kann auch auf den Bereich der Bronchien oder das Kehl-Cchakra aufgetragen werden. <\/p>\n<p>Die Mischung aus der Litsea-Frucht, den Schalen der Zitrusfr\u00fcchte, dem Harz des Weihrauchs und den Schalen des Kardamoms erfrischen sowohl die Atemluft als auch den Geist und helfen, k\u00f6rperlicher Ersch\u00f6pfung wirksam zu begegnen. So wirkt die Mischung Energie steigernd und die Stimmung hebend und ist ideal in Zeiten von Energiemangel und geringer Motivation. Topisch aufgetragen kann AIR-X helfen, Hautunreinheiten zu regulieren. Durch seine ausgleichende Wirkung kann es auch bei Verdauungsunstimmigkeiten beruhigend eingesetzt werden.<\/p>\n<p>Die Kl\u00e4rung und Reinigung der Atemluft kann auch emotional dazu genutzt werden, den Geist zu reinigen und zu kl\u00e4ren und gerade in anspruchsvollen Zeiten gelassen zu agieren. Klarheit wird aber auch geschaffen, um seine eigenen St\u00e4rken zu erkennen und diese nutzbringend umzusetzen. <br \/>\nDie in der Mischung enthaltenen Zitrus\u00f6le bewirken eine positive Grundstimmung und hilft, ausgewogen mit Stress umzugehen und in Krisensituationen nicht mit Angst und Panik zu reagieren. Ideal f\u00fcr Coaching und die spirituelle Praxis.<\/p>\n<p><strong>doTERRA Air-X<\/strong> mit guter Stimmung und Gelassenheit den Atem des Lebens genie\u00dfen.<\/p>\n<p><strong>Empfehlung<\/strong><br \/>\nAromatisch: F\u00fcr eine reine und klare Atemluft 3\u20134 Tropfen im Diffuser vernebeln. Zur optimalen emotionalen Wirkung 1-2 Tropfen \u00fcber die Pulspunkte oder die Handfl\u00e4chen tief inhalieren.<br \/>\nTopisch: F\u00fcr Massagen 5 Tropfen mit 10 ml Tr\u00e4ger\u00f6l mischen. Als Badezusatz 5 Tropfen mit 5 ml Tr\u00e4ger\u00f6l mischen. Zum Parf\u00fcmieren 1 Tropfen mit 10 Tropfen Tr\u00e4ger\u00f6l mischen.<\/p>\n<p><strong>Sichere Verwendung<\/strong><br \/>\nHautreizungen m\u00f6glich. Au\u00dferhalb der Reichweite von Kindern aufbewahren. Wenn du schwanger bist oder in \u00e4rztlicher Behandlung stehst, konsultiere bitte den Arzt. Kontakt mit Augen, Innenohren, Gesicht, empfindlichen Stellen und Schleimh\u00e4uten vermeiden. Mindestens 12 Stunden nach dem Auftragen Sonnenlicht und UV-Strahlen meiden. Nur zur \u00e4u\u00dferlichen Anwendung.<\/p>\n","protected":false},"excerpt":{"rendered":"<h2 style=\"font-size: 28px;\">Kl\u00e4rende Mischung &#8211; Klarheit in anspruchsvollen Zeiten<\/h2>\n<p>doTERRA Air-X &#8211; Die ideale Mischung f\u00fcr reine Atemluft, in der erfrischt und befreit durchgeatmet werden kann. AIR-X mit guter Stimmung und Gelassenheit den Atem des Lebens geniessen.<\/p>\n","protected":false},"featured_media":6084,"template":"","meta":{"_et_pb_use_builder":"","_et_pb_old_content":"","_et_gb_content_width":""},"product_cat":[15,51,1922],"product_tag":[2115],"_links":{"self":[{"href":"https:\/\/www.magnolioworld.com\/green-ch\/wp-json\/wp\/v2\/product\/6083"}],"collection":[{"href":"https:\/\/www.magnolioworld.com\/green-ch\/wp-json\/wp\/v2\/product"}],"about":[{"href":"https:\/\/www.magnolioworld.com\/green-ch\/wp-json\/wp\/v2\/types\/product"}],"wp:featuredmedia":[{"embeddable":true,"href":"https:\/\/www.magnolioworld.com\/green-ch\/wp-json\/wp\/v2\/media\/6084"}],"wp:attachment":[{"href":"https:\/\/www.magnolioworld.com\/green-ch\/wp-json\/wp\/v2\/media?parent=6083"}],"wp:term":[{"taxonomy":"product_cat","embeddable":true,"href":"https:\/\/www.magnolioworld.com\/green-ch\/wp-json\/wp\/v2\/product_cat?post=6083"},{"taxonomy":"product_tag","embeddable":true,"href":"https:\/\/www.magnolioworld.com\/green-ch\/wp-json\/wp\/v2\/product_tag?post=6083"}],"curies":[{"name":"wp","href":"https:\/\/api.w.org\/{rel}","templated":true}]}}