{"id":6054,"date":"2022-08-17T12:45:57","date_gmt":"2022-08-17T10:45:57","guid":{"rendered":"https:\/\/www.magnolio.ch\/?post_type=product&#038;p=6054"},"modified":"2024-05-18T00:34:47","modified_gmt":"2024-05-17T22:34:47","slug":"kopaiva-roll-on-doterra-copaiba-touch","status":"publish","type":"product","link":"https:\/\/www.magnolioworld.com\/green-ch\/kopaiva-roll-on-doterra-copaiba-touch\/","title":{"rendered":"Kopaiva Roll-On &#8211; doTERRA Copaiba Touch"},"content":{"rendered":"<p><strong>doTERRA Copaiba Touch<\/strong> &#8211; Ein wichtiges \u00d6l zur Transformation<\/p>\n<p>Die Weisheit der s\u00fcdamerikanischen Ureinwohner f\u00fcr k\u00f6rperliche Kraft und Lebensenergie in der heutigen Zeit sowie Klarheit und Mut f\u00fcr das Kommende.<\/p>\n<p>Das \u00e4therische \u00d6l aus dem Harz des im Regenwald Amazonas beheimateten Copaibabaumes ist seit Jahrhunderten eines der wichtigsten und wertvollsten \u00d6le der s\u00fcdamerikanischen Ureinwohner.<br \/>\nKein Wunder &#8211; dieser Baum steht f\u00fcr Kraft und Lebensenergie. So kann der Copaibabaum bis zu 120 m hoch und bis zu 400 Jahre alt werden.Das Harz des Baumes enth\u00e4lt gro\u00dfe Mengen \u00e4therisches Kopaiva\u00f6l, das baumschonend durch regionale Erzeuger geerntet und durch Dampfdestillation gewonnen wird. <\/p>\n<p>Dieses \u00d6l bietet durch seine wertvollen Inhaltsstoffe ein vielf\u00e4ltiges Einsatzspektrum, welches f\u00fcr das gesamte k\u00f6rperliche Wohlbefinden eingesetzt werden kann. Dabei wird insbesondere seine lindernde, beruhigende und ausgleichende Wirkung auf alle K\u00f6rpersysteme genutzt. Aber auch gerade seine zellregenerierende und zellerneuernde Wirkung kann besonders wertvoll f\u00fcr die Regeneration aller K\u00f6rpersysteme und der Haut eingesetzt werden.<\/p>\n<p>So wird das s\u00fc\u00dfliche \u00e4therische Kopaiva\u00f6l vor allem in Seifen, Cremes, Lotionen und Parfums eingesetzt. Zur Entspannung wird es gerne vernebelt oder auf die Haut aufgetragen, f\u00f6rdert so auch einen glatten, ebenm\u00e4\u00dfigen Teint.<\/p>\n<p>\u00c4usserlich kann es auf die gew\u00fcnschten K\u00f6rperstellen bzw. auch auf die Bereiche des Herzchakras bzw. die Puls- und Fuss-Reflexpunkte aufgetragen werden.<br \/>\n<strong>doTERRA Copaiba Touch<\/strong> ist bereits gebrauchsfertig und ideal f\u00fcr die Anwendung unterwegs.<\/p>\n<p>Doch auch emotional hat das Kopaiva\u00f6l eine besondere Wirkung. So ist es das \u00d6l der Enth\u00fcllung und Wahrheit. Dadurch hilft es, sich mit seiner Vergangenheit auseinanderzusetzen, sich Fehler zu verzeihen, zu vergeben und daraus zu lernen. Damit kann es Klarheit, Mut und St\u00e4rkung f\u00fcr die die vertrauensvolle Gestaltung der Zukunft bringen. Damit geh\u00f6rt Copaiba emotional zu den wichtigsten \u00d6len der Transformation. Gleichzeitig hat es eine stark beruhigende und Angst l\u00f6sende Wirkung.<\/p>\n<p>F\u00fcr die optimale emotionale Wirkung empfiehlt es sich, doTERRA Copaiba Touch auf die Pulspunkte aufzutragen oder \u00fcber die Handfl\u00e4chen tief zu inhalieren.<\/p>\n<p><strong>Empfehlung<\/strong><br \/>\nAromatisch: Zur Beruhigung und gegen Angst das \u00d6l \u00fcber die Pulspunkte bzw. die Handfl\u00e4chen inhalieren.<br \/>\nTopisch: doTERRA Copaiba Touch auf die betroffene Hautstellen bzw. die Fu\u00dfreflexzonen und die gew\u00fcnschten Chakren auftragen.<\/p>\n<p><strong>Sichere Verwendung<\/strong><br \/>\nAu\u00dferhalb der Reichweite von Kindern aufbewahren. Wenn du schwanger bist oder in \u00e4rztlicher Behandlung stehst, konsultiere bitte deinen Arzt. Kontakt mit Augen, Innenohren, Gesicht, empfindlichen Stellen und Schleimh\u00e4uten vermeiden.<\/p>\n","protected":false},"excerpt":{"rendered":"<h2>Das \u00d6l der Enth\u00fcllung<\/h2>\n<p>doTERRA Copaiba Touch &#8211; Die Weisheit der s\u00fcdamerikanischen Ureinwohner f\u00fcr k\u00f6rperliche Kraft und Lebensenergie sowie Klarheit und Mut f\u00fcr das Kommende. Es ist ein wichtiges \u00d6l zur Transformation und um hinter die Kulissen zu schauen. Ideal auch bei Hautirritationen und gegen Panik und Angst. Hier als gebrauchsfertiger Kopaiva Roll-On.<\/p>\n","protected":false},"featured_media":6057,"template":"","meta":{"_et_pb_use_builder":"","_et_pb_old_content":"","_et_gb_content_width":""},"product_cat":[15,50],"product_tag":[],"_links":{"self":[{"href":"https:\/\/www.magnolioworld.com\/green-ch\/wp-json\/wp\/v2\/product\/6054"}],"collection":[{"href":"https:\/\/www.magnolioworld.com\/green-ch\/wp-json\/wp\/v2\/product"}],"about":[{"href":"https:\/\/www.magnolioworld.com\/green-ch\/wp-json\/wp\/v2\/types\/product"}],"wp:featuredmedia":[{"embeddable":true,"href":"https:\/\/www.magnolioworld.com\/green-ch\/wp-json\/wp\/v2\/media\/6057"}],"wp:attachment":[{"href":"https:\/\/www.magnolioworld.com\/green-ch\/wp-json\/wp\/v2\/media?parent=6054"}],"wp:term":[{"taxonomy":"product_cat","embeddable":true,"href":"https:\/\/www.magnolioworld.com\/green-ch\/wp-json\/wp\/v2\/product_cat?post=6054"},{"taxonomy":"product_tag","embeddable":true,"href":"https:\/\/www.magnolioworld.com\/green-ch\/wp-json\/wp\/v2\/product_tag?post=6054"}],"curies":[{"name":"wp","href":"https:\/\/api.w.org\/{rel}","templated":true}]}}