{"id":4084,"date":"2022-03-16T22:56:09","date_gmt":"2022-03-16T21:56:09","guid":{"rendered":"https:\/\/ch.magnolio.shop\/?post_type=product&#038;p=4084"},"modified":"2025-11-17T18:50:32","modified_gmt":"2025-11-17T17:50:32","slug":"doterra-whisper-touch","status":"publish","type":"product","link":"https:\/\/www.magnolioworld.com\/green-ch\/doterra-whisper-touch\/","title":{"rendered":"doTERRA Whisper Touch"},"content":{"rendered":"<p><strong>doTERRA Whisper Touch<\/strong> &#8211; Der bet\u00f6rende Duft f\u00fcr Frauen &#8211; Das \u00d6l der Weiblichkeit<\/p>\n<p>Speziell f\u00fcr Frauen entwickelt ist doTERRA Whisper eine komplexe und vielf\u00e4ltige Mischung, so einzigartig wie jede Frau. <br \/>\nDer Duft von Whisper bet\u00f6rt die Sinn und kombiniert sich mit dem individuellen Duft jeder Frau zu neuer Sch\u00f6nheit und l\u00e4sst sie sichtbar erstrahlen. Denn wahre Sch\u00f6nheit kann nur von Innen wirken.<\/p>\n<p>Die wertvollen \u00e4therischen \u00d6le, die im <strong>doTERRA Whisper Touch<\/strong> enthalten sind, sind alle f\u00fcr sich schon eine Duftexplosion und bilden zusammen eine unvergessliche Duftkreation.<\/p>\n<p>Bergamot ist ein die Stimmung erhellendes Citrus\u00f6l, das jeder Frau hilft, Ihren K\u00f6rper und sich selbst besser anzunehmen. Denn h\u00e4ufig sind es die Frauen selbst, die ihren K\u00f6rper sehr kritisch betrachten. Whisper hilft dabei, den K\u00f6rper ohne Vorurteile zu akzeptieren und zu lieben. <\/p>\n<p>Das \u00e4therischen Jasmine steht f\u00fcr Reinheit und Balance und ist ein emotionaler T\u00fcr\u00f6ffner. Es hilft, zu seiner Sexualit\u00e4t mit Selbstvertrauen und Esprit zu stehen.<\/p>\n<p>W\u00e4rme und Geborgenheit schafft das \u00e4therische Ylang Ylang. Es ist das \u00d6l des Inneren Kindes und verspr\u00fcht Euphorie und Herzensw\u00e4rme. <\/p>\n<p>Patchouli steht f\u00fcr die Sinnlichkeit des K\u00f6rpers und hilft dabei, sich in seinem K\u00f6rper rundherum wohlzuf\u00fchlen. Es hilft, Verbindung mit seinem K\u00f6rper herzustellen, Anspannung zu vertreiben und sich und seinen K\u00f6rper nicht selbst zu verurteilen. <\/p>\n<p>Rose ist die K\u00f6nigin der \u00d6le und l\u00e4sst die Tr\u00e4gerin dieses \u00d6ls sich als solche f\u00fchlen. Ausserdem ist es das \u00d6l mit der h\u00f6chsten Frequenz und steht f\u00fcr die g\u00f6ttliche Liebe. Etwas Besseres f\u00fcr K\u00f6rper, Geist und Seele kann es kaum geben. Zimt und Kakao bringen W\u00e4rme und W\u00fcrze und lassen jede Frau sich wunderbar in sich geborgen f\u00fchlen.<\/p>\n<p>Der doTERRA Whisper Touch hat somit eine strahlende und aphrodisierende Wirkung im Innen und im Aussen und l\u00e4sst jede Frau auf wundervolle Weise strahlen.<\/p>\n<p>\u00a0<strong>doTERRA Whisper Touch<\/strong> ist im gebrauchsfertige mit Kokos\u00f6l gemischten Rollon to go. Sei einfach auch unterwegs unwiderstehlich.<\/p>\n<p><strong>Empfehlung<\/strong><br \/>\nAromatisch: F\u00fcr ein bet\u00f6rendes Strahlen und ein Gef\u00fchl der Weiblichkeit die Mischung \u00fcber die Handgelenke inhalieren. Ideal auch beim Meditieren oder der Yoga-Praxis.<br \/>\nTopisch: Am Morgen f\u00fcr einen Start voller Euphorie und Herzensw\u00e4rme doTERRA Whisper Touch auf die Fuss-Sohlen auftragen. Um sich \u00fcber den Tag unwiderstehlich zu f\u00fchlen, die Mischung auf die Handgelenke und das Herz geben. <br \/>\nAls Parf\u00fcm in den Nacken und die Handgelenke auftragen und mit Leidenschaft durch den Tag getragen werden.<\/p>\n<p><strong>Sichere Verwendung<\/strong><br \/>\nHautreizungen m\u00f6glich. Au\u00dferhalb der Reichweite von Kindern aufbewahren. Wenn du schwanger bist oder in \u00e4rztlicher Behandlung stehst, konsultiere bitte den Arzt. Kontakt mit Augen, Innenohren, Gesicht, empfindlichen Stellen und Schleimh\u00e4uten vermeiden. Mindestens 12 Stunden nach dem Auftragen Sonnenlicht und UV-Strahlen meiden. Nur zur \u00e4usserlichen Anwendung.<\/p>\n","protected":false},"excerpt":{"rendered":"<h2 style=\"font-size: 28px;\">Mischung f\u00fcr die Frau &#8211; Das \u00d6l der Weiblichkeit<\/h2>\n<p>doTERRA Whisper &#8211; Entwickelt einen bet\u00f6renden Duft und l\u00e4sst jede Frau auf wundervolle Weise verf\u00fchrerisch strahlen. Jetzt als gebrauchsfertiger Duft Whisper Touch, um \u00fcberall Weiblichkeit zu leben..<\/p>\n","protected":false},"featured_media":4081,"template":"","meta":{"_et_pb_use_builder":"","_et_pb_old_content":"","_et_gb_content_width":""},"product_cat":[15,51,42,1941],"product_tag":[379,380],"_links":{"self":[{"href":"https:\/\/www.magnolioworld.com\/green-ch\/wp-json\/wp\/v2\/product\/4084"}],"collection":[{"href":"https:\/\/www.magnolioworld.com\/green-ch\/wp-json\/wp\/v2\/product"}],"about":[{"href":"https:\/\/www.magnolioworld.com\/green-ch\/wp-json\/wp\/v2\/types\/product"}],"wp:featuredmedia":[{"embeddable":true,"href":"https:\/\/www.magnolioworld.com\/green-ch\/wp-json\/wp\/v2\/media\/4081"}],"wp:attachment":[{"href":"https:\/\/www.magnolioworld.com\/green-ch\/wp-json\/wp\/v2\/media?parent=4084"}],"wp:term":[{"taxonomy":"product_cat","embeddable":true,"href":"https:\/\/www.magnolioworld.com\/green-ch\/wp-json\/wp\/v2\/product_cat?post=4084"},{"taxonomy":"product_tag","embeddable":true,"href":"https:\/\/www.magnolioworld.com\/green-ch\/wp-json\/wp\/v2\/product_tag?post=4084"}],"curies":[{"name":"wp","href":"https:\/\/api.w.org\/{rel}","templated":true}]}}