{"id":2450,"date":"2020-12-01T19:14:46","date_gmt":"2020-12-01T18:14:46","guid":{"rendered":"https:\/\/ch.magnolio.shop\/?post_type=product&#038;p=2450"},"modified":"2025-12-09T11:06:39","modified_gmt":"2025-12-09T10:06:39","slug":"doterra-holiday-peace","status":"publish","type":"product","link":"https:\/\/www.magnolioworld.com\/green-ch\/doterra-holiday-peace\/","title":{"rendered":"doTERRA Holiday Peace"},"content":{"rendered":"<p><strong>doTERRA Holiday Peace<\/strong>&#8211; Die friedvolle Mischung ist die richtige Begleitung f\u00fcr eine ruhige und besinnliche Adventszeit und ein freudiges Weihnachten.<\/p>\n<p>Diese friedvolle Weihnachtsmischung sorgt mit erdenden und angstl\u00f6senden \u00e4therischen \u00d6len wie Weihrauch, Haitianischem S\u00fc\u00dfgras, Fichten- und Tannen\u00f6le f\u00fcr eine ausgeglichenes Fest. Gleichzeit hilft das darin enthaltende Grapefruit-\u00d6l\u00a0 auf den eigenen K\u00f6rper zu h\u00f6ren und sich selbst wahrzunehmen. So wird mit dieser speziellen doTERRA Festtagsmischung der Frieden zur Weihnachtszeit emotional unterst\u00fctzt und gef\u00f6rdert. Sie hilft, alte Familienmuster zu beenden und das Fest in Frieden, Ruhe und Besinnlichkeit zu unterst\u00fctzten. Damit wird der Festtagsfriede gew\u00e4hrleistet.<\/p>\n<p>So wird das Weihnachtsfest zu einem friedvollen Fest der harmonischen Begegnung.<\/p>\n<p><strong>Empfehlung<\/strong><br \/>\nZur Massage 5 Tropfen mit \u2248 10\u00a0ml Tr\u00e4ger\u00f6l mischen. Als Badezusatz 5 Tropfen mit \u2248 5\u00a0ml Tr\u00e4ger\u00f6l mischen. Als Duftstoff 1 Tropfen mit 10\u00a0Tropfen Tr\u00e4ger\u00f6l mischen. Nur zur Anwendung auf der Haut. <\/p>\n<p><strong>Sichere Anwendung<br \/>\n<\/strong>Hautreizungen sind m\u00f6glich. Au\u00dferhalb der Reichweite von Kindern aufbewahren. Konsultiere deinen Arzt, wenn du schwanger bist oder dich in Behandlung befindest. Augen, Innenohren und empfindliche Stellen aussparen. Mindestens 12 Stunden nach dem Auftragen Sonnenlicht und UV-Strahlen meiden<\/p>\n","protected":false},"excerpt":{"rendered":"<h2 style=\"font-size: 28px;\">Friedliche Weihnachtsmischung<\/h2>\n<p>doTERRA Holiday Peace &#8211; Mit dieser speziellen doTERRA Festtagsmischung wird der Frieden zur Weihnachtszeit emotional unterst\u00fctzt und gef\u00f6rdert. Sie hilft, alte Familienmuster zu beenden und das Fest in Frieden, Ruhe und Besinnlichkeit zu unterst\u00fctzten. Damit wird der Festtagsfriede gew\u00e4hrleistet. Ideal auch als besonderes Geschenk.<\/p>\n","protected":false},"featured_media":3630,"template":"","meta":{"_et_pb_use_builder":"","_et_pb_old_content":"","_et_gb_content_width":""},"product_cat":[15,1937],"product_tag":[],"_links":{"self":[{"href":"https:\/\/www.magnolioworld.com\/green-ch\/wp-json\/wp\/v2\/product\/2450"}],"collection":[{"href":"https:\/\/www.magnolioworld.com\/green-ch\/wp-json\/wp\/v2\/product"}],"about":[{"href":"https:\/\/www.magnolioworld.com\/green-ch\/wp-json\/wp\/v2\/types\/product"}],"wp:featuredmedia":[{"embeddable":true,"href":"https:\/\/www.magnolioworld.com\/green-ch\/wp-json\/wp\/v2\/media\/3630"}],"wp:attachment":[{"href":"https:\/\/www.magnolioworld.com\/green-ch\/wp-json\/wp\/v2\/media?parent=2450"}],"wp:term":[{"taxonomy":"product_cat","embeddable":true,"href":"https:\/\/www.magnolioworld.com\/green-ch\/wp-json\/wp\/v2\/product_cat?post=2450"},{"taxonomy":"product_tag","embeddable":true,"href":"https:\/\/www.magnolioworld.com\/green-ch\/wp-json\/wp\/v2\/product_tag?post=2450"}],"curies":[{"name":"wp","href":"https:\/\/api.w.org\/{rel}","templated":true}]}}