{"id":2447,"date":"2020-11-30T23:30:42","date_gmt":"2020-11-30T22:30:42","guid":{"rendered":"https:\/\/ch.magnolio.shop\/?post_type=product&#038;p=2447"},"modified":"2025-12-02T15:57:43","modified_gmt":"2025-12-02T14:57:43","slug":"doterra-holiday-joy","status":"publish","type":"product","link":"https:\/\/www.magnolioworld.com\/green-ch\/doterra-holiday-joy\/","title":{"rendered":"doTERRA Holiday Joy"},"content":{"rendered":"<p><strong>doTERRA Holiday Joy<\/strong> &#8211; Die freudvolle Mischung &#8211; Die richtige Begleitung f\u00fcr eine fr\u00f6hliche Adventszeit und ein freudiges Weihnachten.<\/p>\n<p>So schaffen die darin enthaltenen \u00e4therischen \u00d6le wie Cassia, Cinnamon Bark, Wild Orange und Nutmag (Muskatnuss) eine Wohlf\u00fchlatmosph\u00e4re im Kerzenschein und lassen die Vorfreude auf das Fest so richtig steigern. doTERRA Holiday Joy hilft Stress zu reduzieren und die Sorgen drau\u00dfen zu lassen. Diese Mischung schafft ein Klima der Harmonie und Freude. Sie unterst\u00fctzt Gef\u00fchle der W\u00e4rme, Geborgenheit, Freude und Liebe zwischen allen Generationen. Sie macht das Weihnachtsfest zu einem echten freudvollen Fest der friedfertigen Begegnung.<\/p>\n<p><strong>Empfehlung<\/strong><br \/>\nIdeal im Diffuser oder mit Tr\u00e4ger\u00f6l verd\u00fcnnt im Weihnachts-Wohlf\u00fchlbad. Aber auch in der Weihnachtsb\u00e4ckerei oder im Punsch ist <strong>doTERRA Holiday Joy<\/strong> eine wundervolle Erg\u00e4nzung.<\/p>\n<p><strong>Sichere Verwendung<\/strong><br \/>\nHautreizungen m\u00f6glich. Au\u00dferhalb der Reichweite von Kindern aufbewahren. Wenn du schwanger bist oder in \u00e4rztlicher Behandlung stehst, konsultiere bitte den Arzt. Kontakt mit Augen, Innenohren, Gesicht, empfindlichen Stellen und Schleimh\u00e4uten vermeiden. Mindestens 12 Stunden nach dem Auftragen Sonnenlicht und UV-Strahlen meiden. Nur zur \u00e4usserlichen Anwendung.<\/p>\n","protected":false},"excerpt":{"rendered":"<h2 style=\"font-size: 28px;\">Freudvolle Weihnachtsmischung<\/h2>\n<p>doTERRA Holiday Joy &#8211; Schafft ein Klima der Harmonie und Freude. Sie unterst\u00fctzt Gef\u00fchle der W\u00e4rme, Geborgenheit und Liebe zwischen allen Generationen. Damit macht Sie das Weihnachtsfest zu einem echten freudvollen Fest der friedfertigen Begegnung.<\/p>\n","protected":false},"featured_media":3629,"template":"","meta":{"_et_pb_use_builder":"","_et_pb_old_content":"","_et_gb_content_width":""},"product_cat":[15,1937],"product_tag":[],"_links":{"self":[{"href":"https:\/\/www.magnolioworld.com\/green-ch\/wp-json\/wp\/v2\/product\/2447"}],"collection":[{"href":"https:\/\/www.magnolioworld.com\/green-ch\/wp-json\/wp\/v2\/product"}],"about":[{"href":"https:\/\/www.magnolioworld.com\/green-ch\/wp-json\/wp\/v2\/types\/product"}],"wp:featuredmedia":[{"embeddable":true,"href":"https:\/\/www.magnolioworld.com\/green-ch\/wp-json\/wp\/v2\/media\/3629"}],"wp:attachment":[{"href":"https:\/\/www.magnolioworld.com\/green-ch\/wp-json\/wp\/v2\/media?parent=2447"}],"wp:term":[{"taxonomy":"product_cat","embeddable":true,"href":"https:\/\/www.magnolioworld.com\/green-ch\/wp-json\/wp\/v2\/product_cat?post=2447"},{"taxonomy":"product_tag","embeddable":true,"href":"https:\/\/www.magnolioworld.com\/green-ch\/wp-json\/wp\/v2\/product_tag?post=2447"}],"curies":[{"name":"wp","href":"https:\/\/api.w.org\/{rel}","templated":true}]}}