{"id":2293,"date":"2020-09-14T12:33:24","date_gmt":"2020-09-14T10:33:24","guid":{"rendered":"https:\/\/ch.magnolio.shop\/?post_type=product&#038;p=2293"},"modified":"2024-07-10T15:21:56","modified_gmt":"2024-07-10T13:21:56","slug":"doterra-tamer","status":"publish","type":"product","link":"https:\/\/www.magnolioworld.com\/green-ch\/doterra-tamer\/","title":{"rendered":"doTERRA Tamer"},"content":{"rendered":"<p><strong>doTERRA Tamer &#8211; <\/strong>Den Alltag besser verdauen<\/p>\n<p>Damit die Kleinen nicht immer von ihren Eltern die \u00d6le stibitzen m\u00fcssen, wurde speziell f\u00fcr ihre Bed\u00fcrfnisse eine Kinder Collection zusammengestellt. Dabei wurden scharfe und nicht kindgerechte \u00d6le in den Mischungen f\u00fcr Erwachsene durch leichtere, lieblichere und sanftere D\u00fcfte, wie z.B. Buddha Wood und Osmanthus ersetzt und so ideale Mischungen f\u00fcr die Kleinen geschafften.<br \/>\nBei <strong>doTERRA Tamer<\/strong> wurde die sch\u00e4rfere Pfefferminze aus der Verdauungsmischung ZenGest f\u00fcr Erwachsene durch leichtere Minzarten wie Spearmint ersetzt.<\/p>\n<p>Dabei werden die \u00d6lmischungen im kindgerechten und gebrauchsfertigen Touch angeboten, der gerade auch f\u00fcr unterwegs und in der Schule ideal zu benutzen ist.<\/p>\n<p>Mit der \u00d6lmischung doTERRA Tamer haben die Kleinen eine Verdauungshilfe immer und \u00fcberall dabei. So k\u00f6nnen sie sich bei Unwohlsein jederzeit und schnell Erleichterung verschaffen, Aber auch bei Stress und herausfordernden Ereignissen, die den kleinen Seelen zu schaffen machen, hilft ihnen <strong>doTERRA Tamer<\/strong> das Erlebte im wahrsten Sinne des Wortes besser zu verdauen, Denn ein gesunder Verdauungstrakt signalisiert das auch ans Kopfhirn alles in Ordnung. W\u00e4hrend bei St\u00f6rungen Stress nach oben gemeldet wird und das auch so empfunden wird.<br \/>\nF\u00fcr die wunderbar ausgleichende Wirkung auf die Verdauung sorgen hochwertige \u00e4therische \u00d6le, wie Spearmint, Japanese Mint und Ginger.<\/p>\n<p>Ideal angewendet auf den Verdauungsbereich und Nacken oder \u00fcber die Handgelenke inhaliert.<\/p>\n<p>Daneben gibt es mittlerweile Duftmischungen f\u00fcr alle Herausforderungen der Kleinen:<\/p>\n<ul>\n<li>Ermutigende Mischung &#8211; doTERRA Brave<\/li>\n<li>Entspannende Mischung &#8211; doTERRA Rescuer<\/li>\n<li>Fokussierende Mischung &#8211; doTERRA Thinker<\/li>\n<li>St\u00e4rkende Mischung &#8211; doTERRA Stronger<\/li>\n<li>Verdauungsmischung &#8211; doTERRA Tamer<\/li>\n<li>Erholsame Mischung &#8211; doTERRA Calmer<\/li>\n<\/ul>\n<p>Nutze das kosteng\u00fcnstiges Set der Kinder-Kollektion (Kids Collection Kit) mit praktischer Tragetasche, bunten Karabinerhaken und Lernkarten.<\/p>\n<p>Dabei werden die \u00d6le in folgende Themenbereiche unterteilt:<\/p>\n<ul>\n<li>Mind &#8211; Geist (doTERRA Thinker\u00a0 &amp; doTERRA Calmer)<\/li>\n<li>Body &#8211; K\u00f6rper (doTERRA Stronger &amp; doTERRA Rescuer &amp; doTERRA Tamer)<\/li>\n<li>Heart &#8211; Herz\u00a0 (doTERRAS Steady &amp; doTERRA Brave)\n<\/li>\n<\/ul>\n<p><strong>Empfehlung<br \/>\n<\/strong>Aromatisch: Um den Alltag besser verdauen zu k\u00f6nnen, die Mischung \u00fcber die Handgelenke inhalieren. Bei Bedarf \u00fcber den Tag wiederholen.\u00a0 <br \/>\nTopisch: Bei Verdauungsthemen die Mischung jederzeit griffbereit halten. Ob auf Reisen, beim Sport oder in der Schule. Auf die Handfl\u00e4chen und den Nacken auftragen. Wenn m\u00f6glich auch auf den Bauch einreiben. Sehr wohltuend auch als Bauchmassage. Bestimmt f\u00fcr die Verwendung unter Aufsicht eines Erwachsenen.<\/p>\n<div class=\"product-uses__directions-for-use\">\n<div class=\"product-uses__directions-for-use-item\">\n<div class=\"product-uses__directions-for-use-copy\"><strong>Sichere Verwendung<\/strong><br \/>\nHautreizungen m\u00f6glich. Au\u00dferhalb der Reichweite von Kindern unter 3 Jahren aufbewahren. Wenn du schwanger bist oder in \u00e4rztlicher Behandlung stehst, konsultiere bitte den Arzt. Kontakt mit Augen, Innenohren, Gesicht, empfindlichen Stellen und Schleimh\u00e4uten vermeiden. Nur zur \u00e4u\u00dferlichen Anwendung.<\/div>\n<\/div>\n<\/div>\n","protected":false},"excerpt":{"rendered":"<h2 style=\"font-size: 28px;\">Verdauungsmischung f\u00fcr Kinder<\/h2>\n<p>doTERRA Tamer &#8211; Den Alltag besser verdauen. Mit dieser Mischung haben die Kleinen eine Verdauungshilfe immer und \u00fcberall dabei. So k\u00f6nnen sie sich bei Unwohlsein jederzeit und schnell Erleichterung verschaffen.<\/p>\n<p style=\"font-size: 22px; color: #e20000;\">Wichtig: Tamer wird aktuell ohne Schl\u00fcsselanh\u00e4nger-Kappe geliefert.<\/p>\n","protected":false},"featured_media":3183,"template":"","meta":{"_et_pb_use_builder":"","_et_pb_old_content":"","_et_gb_content_width":""},"product_cat":[51,15,1940],"product_tag":[],"_links":{"self":[{"href":"https:\/\/www.magnolioworld.com\/green-ch\/wp-json\/wp\/v2\/product\/2293"}],"collection":[{"href":"https:\/\/www.magnolioworld.com\/green-ch\/wp-json\/wp\/v2\/product"}],"about":[{"href":"https:\/\/www.magnolioworld.com\/green-ch\/wp-json\/wp\/v2\/types\/product"}],"wp:featuredmedia":[{"embeddable":true,"href":"https:\/\/www.magnolioworld.com\/green-ch\/wp-json\/wp\/v2\/media\/3183"}],"wp:attachment":[{"href":"https:\/\/www.magnolioworld.com\/green-ch\/wp-json\/wp\/v2\/media?parent=2293"}],"wp:term":[{"taxonomy":"product_cat","embeddable":true,"href":"https:\/\/www.magnolioworld.com\/green-ch\/wp-json\/wp\/v2\/product_cat?post=2293"},{"taxonomy":"product_tag","embeddable":true,"href":"https:\/\/www.magnolioworld.com\/green-ch\/wp-json\/wp\/v2\/product_tag?post=2293"}],"curies":[{"name":"wp","href":"https:\/\/api.w.org\/{rel}","templated":true}]}}