{"id":2289,"date":"2020-09-14T12:16:49","date_gmt":"2020-09-14T10:16:49","guid":{"rendered":"https:\/\/ch.magnolio.shop\/?post_type=product&#038;p=2289"},"modified":"2025-11-17T13:54:46","modified_gmt":"2025-11-17T12:54:46","slug":"doterra-adaptiv-touch","status":"publish","type":"product","link":"https:\/\/www.magnolioworld.com\/green-ch\/doterra-adaptiv-touch\/","title":{"rendered":"doTERRA Adaptiv Touch"},"content":{"rendered":"<p><strong>doTERRA Adaptiv Touch\u00a0<\/strong> &#8211; Wunderbar beruhigende Duftmischung, die geradezu ideal in diesen turbulenten und stressigen Zeiten ist.<\/p>\n<p>Aufgrund ihrer ausgewogenen Zusammensetzung wirkt<strong> doTERRA Adaptiv Touch<\/strong> erdend, beruhigend und ausgleichend. Gerade auch \u00c4ngste und Panik k\u00f6nnen mit Hilfe dieser Mischung gemildert und oft auch vollst\u00e4ndig aufgel\u00f6st werden. Da K\u00f6rper und Geist beruhigt werden, kann die Mischung auch bei nerv\u00f6ser Unruhe und mentaler Ersch\u00f6pfung eingesetzt werden. So kann Adaptiv auch die Basis f\u00fcr einen ausgewogenen und ruhigen Schlaf schaffen ohne tags\u00fcber m\u00fcde zu machen. Aber auch unkontrollierten Emotionen wie Wut, Aggression und Frustration kann diese ausgleichende Mischung entgegenwirken. Ideal auch bei unruhigen und nerv\u00f6sen Kindern.<\/p>\n<p>Die Duftmischung doTERRA Adaptiv wird auch als \u00d6l des Anpassungsf\u00e4higkeit bezeichnet Es begleitet uns ruhig und gelassen durch diese anspruchsvollen und schnell ver\u00e4ndernden Zeiten.<\/p>\n<p>Folgende \u00d6le im doTERRA Adaptiv Touch unterst\u00fctzen dich dabei:<\/p>\n<ul>\n<li>Das aus den Bl\u00fctenspitzen des Lavendel gewonnene Lavender hat eine besonders beruhigende und entspannende Wirkung und wirkt als \u00d6l der Kommunikation auch ausgleichend und f\u00f6rdernd auf die zwischenmenschliche Verst\u00e4ndigung.<\/li>\n<li>Das aus den Schalen der Wilden Orange schonend kaltgepresste \u00e4therische Wild Orange hilft die Stimmung zu heben und hat ein positives Energie steigerndes Aroma.<\/li>\n<li>Rosemary ist ebenfalls stark Energie steigernd und hilft mit seinem krautigen Duft als \u00d6l des \u00dcbergangs gerade in ver\u00e4nderlichen Zeiten in Balance zu bleiben.<\/li>\n<li>Das aus den Bl\u00e4ttern gewonnene Spearmint wirkt erfrischend und belebend, verschafft neuen Fokus und bringt ein Gef\u00fchl von positiver Stimmung.<\/li>\n<li>Neroli ist ein wunderbar bet\u00f6render Bl\u00fctenduft, der verzaubert und das Herz w\u00e4rmt und ber\u00fchrt. Deshalb wird es auch oft als \u00d6l der Partnerschaft und gemeinsamer Ziele bezeichnet.<\/li>\n<li>Das aus dem Copaiba-Baum gewonnene Copaiba schenkt Urkraft und Vertrauen und hilft dadurch, \u00e4ngstliche Gef\u00fchle zu beruhigen und zu mildern.<\/li>\n<li>Als s\u00fc\u00dfe und weiche Abrundung der Duftkomposition sorgt Magnolia mit seinem unvergleichlichen Bl\u00fctenduft f\u00fcr Herz\u00f6ffnung und W\u00e4rme und macht seinem Namen als \u00d6l des Mitgef\u00fchls alle Ehre.<\/li>\n<\/ul>\n<p>\nG\u00f6nne dir diese unvergleichlich ausgewogene Duftmischung im Alltag und gestalte das Leben in leichter Balance. Hier als gebrauchsfertiger Touch to go.<\/p>\n<p><strong>Empfehlung<\/strong><br \/>\nAromatisch: F\u00fcr eine optimale emotionale Wirkung die Mischung auf die Pulspunkte auftragen und inhalieren. Morgens auf die Fuss-Sohlen geben und den ganzen Tag in Ruhe und Konzentration verbringen.<br \/>\nTopisch: Auf den Nacken oder als Parf\u00fcm auftragen.Auf H\u00e4nde und Handfl\u00e4chen verreiben.<\/p>\n<p><strong>Sichere Verwendung<\/strong><br \/>\nHautreizungen m\u00f6glich. Au\u00dferhalb der Reichweite von Kindern aufbewahren. Wenn du schwanger bist oder in \u00e4rztlicher Behandlung stehst, konsultiere bitte den Arzt. Kontakt mit Augen, Innenohren, Gesicht, empfindlichen Stellen und Schleimh\u00e4uten vermeiden. Mindestens 12 Stunden nach dem Auftragen Sonnenlicht und UV-Strahlen meiden. Nur zur \u00e4u\u00dferlichen Anwendung.<\/p>\n","protected":false},"excerpt":{"rendered":"<h2 style=\"font-size: 28px;\">Beruhigende Mischung Roll-On &#8211; Das \u00d6l der Anpassungsf\u00e4higkeit<\/h2>\n<p>doTERRA Adaptiv Touch &#8211; ist eine wunderbar beruhigende Duftmischung, die geradezu ideal in diesen turbulenten und stressigen Zeiten ist. Geniesse diese unvergleichlich Mischung im Alltag und gestalte dein Leben in leichter Balance. Ideal als Touch f\u00fcr unterwegs.<\/p>\n","protected":false},"featured_media":3164,"template":"","meta":{"_et_pb_use_builder":"","_et_pb_old_content":"","_et_gb_content_width":""},"product_cat":[51,15],"product_tag":[],"_links":{"self":[{"href":"https:\/\/www.magnolioworld.com\/green-ch\/wp-json\/wp\/v2\/product\/2289"}],"collection":[{"href":"https:\/\/www.magnolioworld.com\/green-ch\/wp-json\/wp\/v2\/product"}],"about":[{"href":"https:\/\/www.magnolioworld.com\/green-ch\/wp-json\/wp\/v2\/types\/product"}],"wp:featuredmedia":[{"embeddable":true,"href":"https:\/\/www.magnolioworld.com\/green-ch\/wp-json\/wp\/v2\/media\/3164"}],"wp:attachment":[{"href":"https:\/\/www.magnolioworld.com\/green-ch\/wp-json\/wp\/v2\/media?parent=2289"}],"wp:term":[{"taxonomy":"product_cat","embeddable":true,"href":"https:\/\/www.magnolioworld.com\/green-ch\/wp-json\/wp\/v2\/product_cat?post=2289"},{"taxonomy":"product_tag","embeddable":true,"href":"https:\/\/www.magnolioworld.com\/green-ch\/wp-json\/wp\/v2\/product_tag?post=2289"}],"curies":[{"name":"wp","href":"https:\/\/api.w.org\/{rel}","templated":true}]}}