{"id":2287,"date":"2020-09-14T12:06:28","date_gmt":"2020-09-14T10:06:28","guid":{"rendered":"https:\/\/ch.magnolio.shop\/?post_type=product&#038;p=2287"},"modified":"2025-11-17T13:53:14","modified_gmt":"2025-11-17T12:53:14","slug":"doterra-adaptiv","status":"publish","type":"product","link":"https:\/\/www.magnolioworld.com\/green-ch\/doterra-adaptiv\/","title":{"rendered":"doTERRA Adaptiv"},"content":{"rendered":"<p><strong>doTERRA Adaptiv<\/strong> &#8211; Wunderbar beruhigende Duftmischung, die geradezu ideal in diesen turbulenten und stressigen Zeiten ist.<\/p>\n<p>Aufgrund ihrer ausgewogenen Zusammensetzung wirkt doTERRA Adaptiv erdend, beruhigend und ausgleichend. Gerade auch \u00c4ngste und Panik k\u00f6nnen mit Hilfe dieser Mischung gemildert und oft auch vollst\u00e4ndig aufgel\u00f6st werden. Da K\u00f6rper und Geist beruhigt werden, kann die Mischung auch bei nerv\u00f6ser Unruhe und mentaler Ersch\u00f6pfung eingesetzt werden. So kann Adaptiv auch die Basis f\u00fcr einen ausgewogenen und ruhigen Schlaf schaffen ohne tags\u00fcber m\u00fcde zu machen. Aber auch unkontrollierten Emotionen wie Wut, Aggression und Frustration kann diese ausgleichende Mischung entgegenwirken. Ideal auch bei unruhigen und nerv\u00f6sen Kindern.<\/p>\n<p>Die Duftmischung doTERRA Adaptiv wird auch als \u00d6l des Anpassungsf\u00e4higkeit bezeichnet Es begleitet uns ruhig und gelassen durch diese anspruchsvollen und schnell ver\u00e4ndernden Zeiten.<\/p>\n<p>Folgende \u00d6le unterst\u00fctzen dich dabei:<\/p>\n<ul>\n<li>Das aus den Bl\u00fctenspitzen des Lavendel gewonnene Lavender hat eine besonders beruhigende und entspannende Wirkung und wirkt als \u00d6l der Kommunikation auch ausgleichend und f\u00f6rdernd auf die zwischenmenschliche Verst\u00e4ndigung.<\/li>\n<li>Das aus den Schalen der Wilden Orange schonend kaltgepresste \u00e4therische Wild Orange hilft die Stimmung zu heben und hat ein positives Energie steigerndes Aroma.<\/li>\n<li>Rosemary ist ebenfalls stark Energie steigernd und hilft mit seinem krautigen Duft als \u00d6l des \u00dcbergangs gerade in ver\u00e4nderlichen Zeiten in Balance zu bleiben.<\/li>\n<li>Das aus den Bl\u00e4ttern gewonnene Spearmint wirkt erfrischend und belebend, verschafft neuen Fokus und bringt ein Gef\u00fchl von positiver Stimmung.<\/li>\n<li>Neroli ist ein wunderbar bet\u00f6render Bl\u00fctenduft, der verzaubert und das Herz w\u00e4rmt und ber\u00fchrt. Deshalb wird es auch oft als \u00d6l der Partnerschaft und gemeinsamer Ziele bezeichnet.<\/li>\n<li>Das aus dem Copaiba-Baum gewonnene Copaiba schenkt Urkraft und Vertrauen und hilft dadurch, \u00e4ngstliche Gef\u00fchle zu beruhigen und zu mildern.<\/li>\n<li>Als s\u00fc\u00dfe und weiche Abrundung der Duftkomposition sorgt Magnolia mit seinem unvergleichlichen Bl\u00fctenduft f\u00fcr Herz\u00f6ffnung und W\u00e4rme und macht seinem Namen als \u00d6l des Mitgef\u00fchls alle Ehre.<\/li>\n<\/ul>\n<p>\nG\u00f6nne dir diese unvergleichlich ausgewogene Duftmischung im Alltag und gestalte das Leben in leichter Balance.<br \/>\nIdealerweise wird die Mischung doTERRA Adaptiv morgens mit Tr\u00e4ger\u00f6l auf die Fuss-Sohlen aufgetragen, \u00fcber die Handgelenke inhaliert oder im Diffusor vernebelt. Es wird auch gerne als Parf\u00fcm verwendet.<\/p>\n<p><strong>Empfehlung<\/strong><br \/>\nAromatisch: 3\u20134 Tropfen im Diffuser vernebeln. F\u00fcr eine optimale emotionale Wirkung 1-2 Tropfen \u00fcber die Pulspunkte oder die Handfl\u00e4chen tief inhalieren.<br \/>\nTopisch: F\u00fcr Massagen 5 Tropfen mit 10 ml Tr\u00e4ger\u00f6l mischen. Als Badezusatz 5 Tropfen mit 5 ml Tr\u00e4ger\u00f6l mischen. Zum Parf\u00fcmieren 1 Tropfen mit 10 Tropfen Tr\u00e4ger\u00f6l mischen.<\/p>\n<p><strong>Sichere Verwendung<\/strong><br \/>\nHautreizungen m\u00f6glich. Au\u00dferhalb der Reichweite von Kindern aufbewahren. Wenn du schwanger bist oder in \u00e4rztlicher Behandlung stehst, konsultiere bitte den Arzt. Kontakt mit Augen, Innenohren, Gesicht, empfindlichen Stellen und Schleimh\u00e4uten vermeiden. Mindestens 12 Stunden nach dem Auftragen Sonnenlicht und UV-Strahlen meiden. Nur zur \u00e4u\u00dferlichen Anwendung.<\/p>\n","protected":false},"excerpt":{"rendered":"<h2 style=\"font-size: 28px;\">Beruhigende Mischung &#8211; Das \u00d6l der Anpassungsf\u00e4higkeit<\/h2>\n<p>doTERRA Adaptiv &#8211; Ist eine wunderbar beruhigende Duftmischung, die geradezu ideal in diesen turbulenten und stressigen Zeiten ist. G\u00f6nnen Sie sich diese unvergleichlich ausgewogene Duftmischung im Alltag und gestalten sie das Leben in leichter Balance.<\/p>\n","protected":false},"featured_media":3163,"template":"","meta":{"_et_pb_use_builder":"","_et_pb_old_content":"","_et_gb_content_width":""},"product_cat":[51,15],"product_tag":[],"_links":{"self":[{"href":"https:\/\/www.magnolioworld.com\/green-ch\/wp-json\/wp\/v2\/product\/2287"}],"collection":[{"href":"https:\/\/www.magnolioworld.com\/green-ch\/wp-json\/wp\/v2\/product"}],"about":[{"href":"https:\/\/www.magnolioworld.com\/green-ch\/wp-json\/wp\/v2\/types\/product"}],"wp:featuredmedia":[{"embeddable":true,"href":"https:\/\/www.magnolioworld.com\/green-ch\/wp-json\/wp\/v2\/media\/3163"}],"wp:attachment":[{"href":"https:\/\/www.magnolioworld.com\/green-ch\/wp-json\/wp\/v2\/media?parent=2287"}],"wp:term":[{"taxonomy":"product_cat","embeddable":true,"href":"https:\/\/www.magnolioworld.com\/green-ch\/wp-json\/wp\/v2\/product_cat?post=2287"},{"taxonomy":"product_tag","embeddable":true,"href":"https:\/\/www.magnolioworld.com\/green-ch\/wp-json\/wp\/v2\/product_tag?post=2287"}],"curies":[{"name":"wp","href":"https:\/\/api.w.org\/{rel}","templated":true}]}}