{"id":2282,"date":"2020-09-14T10:16:54","date_gmt":"2020-09-14T08:16:54","guid":{"rendered":"https:\/\/ch.magnolio.shop\/?post_type=product&#038;p=2282"},"modified":"2025-11-17T18:35:49","modified_gmt":"2025-11-17T17:35:49","slug":"rosenoel-doterra-rose","status":"publish","type":"product","link":"https:\/\/www.magnolioworld.com\/green-ch\/rosenoel-doterra-rose\/","title":{"rendered":"Rosen\u00f6l &#8211; doTERRA Rose"},"content":{"rendered":"<p><strong>doTERRA Rose<\/strong> &#8211; Die K\u00f6nigin der \u00d6le<\/p>\n<p>Die Damaszener-Rose ist eine schon in der Antike in Kleinasien kultivierte Rosenart, die mit den Kreuzrittern nach Europa kam. Die leicht kletterrosenartige Pflanze mit rosa Bl\u00fcten hat einen floral s\u00fcssen und bet\u00f6renden Duft, der stimulierende und anregende Eigenschaften hat. Im weltweit gr\u00f6\u00dften Anbaugebiet in Bulgarien werden j\u00e4hrlich rund 1,5 Tonnen \u00e4therisches Rosen\u00f6l destilliert und finden von dort den Weg in die Parf\u00fcmerie und biologische Medizin.<\/p>\n<p>Die Bl\u00e4tter von ausgesuchten bulgarischen Damaszener-Rosenbl\u00e4ttern (22.000) schaffen ein unglaubliche Geruchsexplosion. So ist das <strong>doTERRA Rose<\/strong> die K\u00f6nigin unter den \u00d6len. Sie z\u00e4hlt zu den \u00d6len mit den h\u00f6chsten Frequenzen und schwingt uns in andere Sph\u00e4ren. Diese Wirkung kann wunderbar beim Coaching sowie der spirituellen und therapeutischen Arbeit eingesetzt werden.<\/p>\n<p>Idealerweise wird Rosen\u00f6l als exklusive Bereicherung f\u00fcr die Gesichtspflege, den Spa-Bereich oder einfach nur f\u00fcr das Wohlbefinden eingesetzt. Rose ist ein wundervolles \u00d6l, das das Herz zum Schwingen bringt.<\/p>\n<p>doTERRA Rose &#8211; Ein besonderes Geschenk f\u00fcr besondere Menschen.<\/p>\n<p><strong>Empfehlung<\/strong><br \/>\nAromatisch: Vernebele 2-3 Tropfen f\u00fcr eine liebevolle Wohlf\u00fchlatmosph\u00e4re im Diffuser. F\u00fcr eine optimale emotionale Wirkung das \u00d6l \u00fcber die Handgelenke oder Handfl\u00e4chen inhalieren.<br \/>\nTopisch: Verwende Rosen\u00f6l f\u00fcr einen ebenm\u00e4\u00dfigen Teint, gegen Pigmentflecke und Hautunreinheiten in deiner Gesichtspflege. Mische 1 -2 Tropfen in deine abendliche Hautpflegeroutine, um den Feuchtigkeitshaushalt optimal auszugleichen und dich die Nacht mit blumigem Duft zu begleiten.<br \/>\nF\u00fcr eine entspannende Massage nach einem langen Tag 5 Tropfen mit 10 ml Tr\u00e4ger\u00f6l mischen und geniessen. Als wohltuendes Wellness-Bad 2-3 Tropfen mit 5 ml Tr\u00e4ger\u00f6l bzw. Mandelmilch oder Sahne mischen.<br \/>\nDuft: F\u00fcr einen unverwechselbaren s\u00fc\u00dfen und blumigen Duft auf Hals und Handgelenke auftragen.<\/p>\n<p><strong>Sichere Verwendung<\/strong><br \/>\nKann Hautreizungen verursachen. Au\u00dferhalb der Reichweite von Kindern aufbewahren. Wenn du schwanger bist oder in \u00e4rztlicher Behandlung stehst, konsultiere bitte deinen Arzt. Kontakt mit Augen, Innenohren, Gesicht, empfindlichen Stellen und Schleimh\u00e4uten vermeiden. Topisch bitte die \u00d6le stets mit Tr\u00e4ger\u00f6l (z.B. fraktioniertem Kokos\u00f6l) verd\u00fcnnen.<\/p>\n","protected":false},"excerpt":{"rendered":"<h2 style=\"font-size: 28px;\">Die K\u00f6nigin der \u00d6le<\/h2>\n<p>doTERRA Rose &#8211; Die Bl\u00e4tter von ausgesuchten bulgarischen Damaszener-Rosenbl\u00e4ttern (22.000) schaffen ein unglaubliche Geruchs-Explosion. Idealerweise wird Rosen\u00f6l als exklusive Bereicherung f\u00fcr die Gesichtspflege, den Spa-Bereich oder einfach nur f\u00fcr das Wohlbefinden eingesetzt. Rose ist ein wundervolles \u00d6l, das das Herz zum Schwingen bringt. Ein besonderes Geschenk f\u00fcr besondere Menschen.<\/p>\n","protected":false},"featured_media":3152,"template":"","meta":{"_et_pb_use_builder":"","_et_pb_old_content":"","_et_gb_content_width":""},"product_cat":[50,15,42,1939,1941,1968],"product_tag":[],"_links":{"self":[{"href":"https:\/\/www.magnolioworld.com\/green-ch\/wp-json\/wp\/v2\/product\/2282"}],"collection":[{"href":"https:\/\/www.magnolioworld.com\/green-ch\/wp-json\/wp\/v2\/product"}],"about":[{"href":"https:\/\/www.magnolioworld.com\/green-ch\/wp-json\/wp\/v2\/types\/product"}],"wp:featuredmedia":[{"embeddable":true,"href":"https:\/\/www.magnolioworld.com\/green-ch\/wp-json\/wp\/v2\/media\/3152"}],"wp:attachment":[{"href":"https:\/\/www.magnolioworld.com\/green-ch\/wp-json\/wp\/v2\/media?parent=2282"}],"wp:term":[{"taxonomy":"product_cat","embeddable":true,"href":"https:\/\/www.magnolioworld.com\/green-ch\/wp-json\/wp\/v2\/product_cat?post=2282"},{"taxonomy":"product_tag","embeddable":true,"href":"https:\/\/www.magnolioworld.com\/green-ch\/wp-json\/wp\/v2\/product_tag?post=2282"}],"curies":[{"name":"wp","href":"https:\/\/api.w.org\/{rel}","templated":true}]}}