{"id":2280,"date":"2020-09-14T10:07:33","date_gmt":"2020-09-14T08:07:33","guid":{"rendered":"https:\/\/ch.magnolio.shop\/?post_type=product&#038;p=2280"},"modified":"2025-11-17T17:00:41","modified_gmt":"2025-11-17T16:00:41","slug":"zitroneneukalyptusoell-doterra-lemon-eucalyptus","status":"publish","type":"product","link":"https:\/\/www.magnolioworld.com\/green-ch\/zitroneneukalyptusoell-doterra-lemon-eucalyptus\/","title":{"rendered":"Zitroneneukalyptus\u00f6l &#8211; doTERRA Lemon Eucalyptus"},"content":{"rendered":"<p><strong>doTERRA Lemon Eucalyptus<\/strong> &#8211; F\u00fcr eine belebende Umgebung in einem gesch\u00fctzten Raum<\/p>\n<p>Zitroneneukalyptus\u00f6l wird in sanfter Dampfdestillation aus den Bl\u00e4ttern der Zitronen-Eucalyptus-Pflanze gewonnen. Das \u00d6l hat vielf\u00e4ltige Vorteile und unterst\u00fctzt die Haut auf kraftvolle Art und Weise. Da es kein Zitrus\u00f6l ist, kann es unbedenklich auch unter Sonneneinstrahlung verwendet werden.<\/p>\n<p>Durch seinen besonders erfrischendes Aroma belebt es auf sanfte Art und Weise. Au\u00dferdem wirkt es emotional als stark sch\u00fctzend und energetisch abgrenzend, Das schafft es negative und sch\u00e4digende \u00e4u\u00dfere Einfl\u00fcsse &#8211; sowohl k\u00f6rperlich als auch emotionaler Art &#8211; nicht auf sich einwirken zu lassen.<\/p>\n<p>Das doTERRA Lemon Eucalyptus wird idealerweise im Diffusor verwendet. Es kann aber auch verd\u00fcnnt auf die Pulspunkte aufgetragen und mehrmals t\u00e4glich mit 4-5 tiefen Atemz\u00fcgen inhaliert werden.Zum energetischen Schutz kann es in einer \u00d6l-Wasser-Mischung um den K\u00f6rper gespr\u00fcht und somit die Aura gesch\u00fctzt werden.<\/p>\n<p>doTERRA Lemon Eucalyptus hat eine einzigartiges Aroma, das wunderbar vor Umwelteinfl\u00fcssen sch\u00fctzt und uns stark und sicher durch bewegte Zeiten tr\u00e4gt.<\/p>\n<p><strong>Empfehlung<\/strong><br \/>\nAromatisch: Zur Belebung und Reinigung des Raumklimas 3-4 Tropfen im Diffuser vernebeln. F\u00fcr eine intensive emotionale Wirkung das \u00d6l \u00fcber die Pulspunkte bzw. Handfl\u00e4chen tief inhalieren.<br \/>\nTopisch: F\u00fcr die Belebung und Reinigung der Haut 1-2 Tropfen in den Gesichtstoner geben. Als eine wohltuend belebende Massage 5 Tropfen mit 10 ml Tr\u00e4ger\u00f6l mischen und genie\u00dfen. <br \/>\nAls Badezusatz 5 Tropfen mit 5 ml Tr\u00e4ger\u00f6l bzw. Mandelmilch oder Sahne mischen.\u00a0 <br \/>\nAls Parf\u00fcm: 1 Tropfen mit 10 Tropfen Tr\u00e4ger\u00f6l mischen.\u00a0 <\/p>\n<p><strong>Sichere Anwendung<\/strong><br \/>\nKann Hautreizungen verursachen. Au\u00dferhalb der Reichweite von Kindern aufbewahren. Wenn Du schwanger bist oder in \u00e4rztlicher Behandlung stehst, konsultiere bitte Deinen Arzt. Kontakt mit Augen, Innenohren, Gesicht, empfindlichen Stellen und Schleimh\u00e4uten vermeiden. Topisch bitte die \u00d6le stets mit Tr\u00e4ger\u00f6l (z.B. fraktioniertem Kokos\u00f6l) verd\u00fcnnen.<\/p>\n","protected":false},"excerpt":{"rendered":"<h2 style=\"font-size: 28px;\">Das \u00d6l des Schutzes<\/h2>\n<p>doTERRA Lemon Eucalyptus &#8211; Schafft eine belebende Umgebung in einem gesch\u00fctzten Raum. Zitroneneukalyptus\u00f6l besitzt ein einzigartiges Aroma, das wunderbar vor Umwelteinfl\u00fcssen sch\u00fctzt und uns stark und sicher durch bewegte Zeiten tr\u00e4gt.<\/p>\n","protected":false},"featured_media":3146,"template":"","meta":{"_et_pb_use_builder":"","_et_pb_old_content":"","_et_gb_content_width":""},"product_cat":[50,15],"product_tag":[],"_links":{"self":[{"href":"https:\/\/www.magnolioworld.com\/green-ch\/wp-json\/wp\/v2\/product\/2280"}],"collection":[{"href":"https:\/\/www.magnolioworld.com\/green-ch\/wp-json\/wp\/v2\/product"}],"about":[{"href":"https:\/\/www.magnolioworld.com\/green-ch\/wp-json\/wp\/v2\/types\/product"}],"wp:featuredmedia":[{"embeddable":true,"href":"https:\/\/www.magnolioworld.com\/green-ch\/wp-json\/wp\/v2\/media\/3146"}],"wp:attachment":[{"href":"https:\/\/www.magnolioworld.com\/green-ch\/wp-json\/wp\/v2\/media?parent=2280"}],"wp:term":[{"taxonomy":"product_cat","embeddable":true,"href":"https:\/\/www.magnolioworld.com\/green-ch\/wp-json\/wp\/v2\/product_cat?post=2280"},{"taxonomy":"product_tag","embeddable":true,"href":"https:\/\/www.magnolioworld.com\/green-ch\/wp-json\/wp\/v2\/product_tag?post=2280"}],"curies":[{"name":"wp","href":"https:\/\/api.w.org\/{rel}","templated":true}]}}