{"id":2278,"date":"2020-09-14T10:04:55","date_gmt":"2020-09-14T08:04:55","guid":{"rendered":"https:\/\/ch.magnolio.shop\/?post_type=product&#038;p=2278"},"modified":"2025-11-17T17:47:16","modified_gmt":"2025-11-17T16:47:16","slug":"zitronellaoel-doterra-citronella","status":"publish","type":"product","link":"https:\/\/www.magnolioworld.com\/green-ch\/zitronellaoel-doterra-citronella\/","title":{"rendered":"Zitronella\u00f6l &#8211; doTERRA Citronella"},"content":{"rendered":"<p style=\"text-align: left;\"><strong>doTERRA Citronella<\/strong> &#8211; Der ideale Begleiter f\u00fcr einen unbeschwerten Aufenthalt in der Natur<\/p>\n<p>Zitronella\u00f6ll wird in schonender Dampfdestillation aus einem hohen in Asien beheimateten Gras gewonnen. Es ist also nicht, wie der Name vermuten l\u00e4sst, ein Zitrus\u00f6l. Deshalb ist es auch nicht photosensitiv und kann unbesorgt verd\u00fcnnt in der Sonne aufgetragen werden.<br \/>\ndoTERRA Citronella hat einen kr\u00e4ftigen und gleichzeitig frischen Duft. Dieser ist wunderbar geeignet, den Outdoor-Aufenthalt beim Camping, Sport oder anderen Aussen-Aktivit\u00e4ten so angenehm als m\u00f6glich zu gestalten.<\/p>\n<p>Hierf\u00fcr einfach das \u00d6l verd\u00fcnnt (siehe Empfehlung unten) auf die Haut auftragen oder in einen Diffusor geben. Da hochwertige \u00e4therische \u00d6le keine Flecken auf der Kleidung hinterlassen, kann auch eine \u00d6l-Wasser-Mischung um den K\u00f6rper gespr\u00fcht werden.<\/p>\n<p>Ausserdem wirkt die Mischung extrem beruhigend auf Haut und Kopfhaut und kann verd\u00fcnnt auf die entsprechenden Stellen aufgetragen werden. Als wunderbarer Nebeneffekt erh\u00e4ltst du eine klare und reine Haut.<\/p>\n<p>doTERRA Citronellal besitzt auch eine wunderbare emotionale Wirkung. So ist es das \u00d6l der Sichtver\u00e4nderung und unterst\u00fctzt uns, Dinge aus anderen Perspektiven zu betrachten. Was gerade in der aktuellen Transformation ungeheuer wichtig ist. Es hilft auch gegen Gereiztheit und aggressiver Stimmung. Au\u00dferdem kann es uns aus Phasen der Demotivation und Stagnation befreien und negative Emotionen wie Stress, Traurigkeit und \u00c4ngste lindern.<\/p>\n<p>Geben Sie dazu das Zitronella\u00f6l einfach in den Diffusor oder tragen es verd\u00fcnnt auf die Handgelenke auf und inhalieren dort mit 4-5 tiefen Atemz\u00fcgen mehrmals am Tag.<\/p>\n<p>Citronella, das \u00d6l f\u00fcr naturverliebte Genie\u00dfer.<\/p>\n<p><strong>Empfehlung<br \/>\n<\/strong>Aromatisch: F\u00fcr einen frischen und ungest\u00f6rten Outdoor bzw. Indoor-Aufenthalt\u00a0 einfach\u00a0 2-3 Tropfen in den Diffuser geben. Kann auch ideal mit der Mischung Terrashield verwendet werden.<br \/>\nTopisch: Zur Verst\u00e4rkung des Reinigungseffektes 1-2 Tropfen in das Shampoo oder Conditioner geben. Mit Tr\u00e4ger\u00f6l verd\u00fcnnt beim Outdoor-Aufenthalt auf die gew\u00fcnschten Hautstellen auftragen (5 Tropfen mit 10 ml Tr\u00e4ger\u00f6l mischen).\u00a0 <\/p>\n<p><strong>Sichere Verwendung<\/strong><br \/>\nAu\u00dferhalb der Reichweite von Kindern aufbewahren. Wenn Du schwanger bist oder in \u00e4rztlicher Behandlung stehst. konsultiere bitte Deinen Arzt. Kontakt mit Augen, Innenohren, Gesicht, empfindlichen Stellen und Schleimh\u00e4uten vermeiden. \u00c4u\u00dferlich angewendet sollte das \u00d6l stets (z.B. fraktioniertem Kokos\u00f6l) verd\u00fcnnt werden.<\/p>\n","protected":false},"excerpt":{"rendered":"<h2 style=\"font-size: 28px;\">Das \u00d6l der Abgrenzung<\/h2>\n<p>doTERRA Citronella ist der ideale Begleiter f\u00fcr einen unbeschwerten Aufenthalt in der Natur. Citronella, das \u00d6l f\u00fcr naturverliebte Genie\u00dfer. Mit seinem frischen klaren Duft einfach unverzichtbar. Emotional schafft es k\u00f6rperliche und emotionale Abgrenzung.<\/p>\n","protected":false},"featured_media":3140,"template":"","meta":{"_et_pb_use_builder":"","_et_pb_old_content":"","_et_gb_content_width":""},"product_cat":[50,15],"product_tag":[],"_links":{"self":[{"href":"https:\/\/www.magnolioworld.com\/green-ch\/wp-json\/wp\/v2\/product\/2278"}],"collection":[{"href":"https:\/\/www.magnolioworld.com\/green-ch\/wp-json\/wp\/v2\/product"}],"about":[{"href":"https:\/\/www.magnolioworld.com\/green-ch\/wp-json\/wp\/v2\/types\/product"}],"wp:featuredmedia":[{"embeddable":true,"href":"https:\/\/www.magnolioworld.com\/green-ch\/wp-json\/wp\/v2\/media\/3140"}],"wp:attachment":[{"href":"https:\/\/www.magnolioworld.com\/green-ch\/wp-json\/wp\/v2\/media?parent=2278"}],"wp:term":[{"taxonomy":"product_cat","embeddable":true,"href":"https:\/\/www.magnolioworld.com\/green-ch\/wp-json\/wp\/v2\/product_cat?post=2278"},{"taxonomy":"product_tag","embeddable":true,"href":"https:\/\/www.magnolioworld.com\/green-ch\/wp-json\/wp\/v2\/product_tag?post=2278"}],"curies":[{"name":"wp","href":"https:\/\/api.w.org\/{rel}","templated":true}]}}