{"id":16937,"date":"2025-10-15T15:16:38","date_gmt":"2025-10-15T13:16:38","guid":{"rendered":"https:\/\/www.magnolioworld.com\/green-ch\/?post_type=product&#038;p=16937"},"modified":"2025-10-15T18:33:35","modified_gmt":"2025-10-15T16:33:35","slug":"doterra-frankincense-mikroperlen-kapseln","status":"publish","type":"product","link":"https:\/\/www.magnolioworld.com\/green-ch\/doterra-frankincense-mikroperlen-kapseln\/","title":{"rendered":"doTERRA Frankincense Mikroperlen-Kapseln"},"content":{"rendered":"<p><strong>doTERRA Frankincense Mikroperlen-Kapseln <\/strong>&#8211; Erfahre die Kraft von Weihrauch wie nie zuvor.<\/p>\n<p>In den innovativen fl\u00fcssigkeitsbasierten K\u00fcgelchen wird das antike Wissen \u00fcber \u00e4therisches Weihrauch\u00f6l und Weihrauchharz in einer besonders kraftvollen und wirkungsvollen Weise kombiniert. Mit einer besonders hohen 60 %-Konzentration von AKBA (Acetyl-11-Keto-beta-Boswellias\u00e4ure) aus Boswellia-Harz ist es besonders intensiv in der Anwendung.<\/p>\n<p>Weihrauch wird oft auch als K\u00f6nig der \u00e4therischen \u00d6le bezeichnet, denn er ist aufgrund seines reichhaltigen Aromas eines der wertvollsten und kostbarsten \u00d6le. Bereits die alten \u00c4gypter verwendeten Weihrauchharz in vielf\u00e4ltiger Weise, zum Beispiel f\u00fcr Parf\u00fcms und Salben. Seine beruhigenden undversch\u00f6nernden Eigenschaften k\u00f6nnen die Haut verj\u00fcngen und das Auftreten von Unreinheiten bei topischerAnwendung reduzieren. Ausserdem wirkt es stark regenerierend und kann besonders in der Anti-Aging Pflege verwendet werden.<\/p>\n<p>Die komplett neuartigen doTERRA Frankincense Mikroperlen-Kapseln bieten dir eine praktische und einfach einnehmbare Dosis, die problemlos in jede Wellness-Routine integriert werden kann.<\/p>\n<p>Nutze den K\u00f6nig der \u00d6le f\u00fcr dein umfassendes Wohlbefinden.<\/p>\n<p><strong>Empfehlung<\/strong><br \/>\nT\u00e4glich 1 Kapsel zu einer Mahlzeit einnehmen.<\/p>\n<p><strong>Sichere Verwendung<\/strong><br \/>\nAu\u00dferhalb der Reichweite von Kindern aufbewahren. Achte darauf, die empfohlene t\u00e4gliche Dosis nicht zu \u00fcberschreiten. Bitte beachte, dass Nahrungserg\u00e4nzungen eine vollwertige und ausgeglichene Ern\u00e4hrung sowie einen gesunden Lebensstil nicht ersetzen k\u00f6nnen. Schwangere und Stillende sowie Menschen mit bekannten gesundheitlichen Schwierigkeiten vor der Einnahme \u00e4rztlichen Rat einholen. Aufbewahrung an einem k\u00fchlen, trockenen Ort. Dabei bitte das Mindesthaltbarkeitsdatum (siehe Flaschenboden) beachten.<\/p>\n","protected":false},"excerpt":{"rendered":"<h2 style=\"font-size: 28px;\">Frankincense Kapseln &#8211; Die Kraft der 2<\/h2>\n<p>doTERRA Frankincense Mikroperlen-Kapseln &#8211; Die Kraft von Weihrauch wie nie zuvor. In den innovativen fl\u00fcssigkeitsbasierten K\u00fcgelchen wird das antike Wissen \u00fcber \u00e4therisches Weihrauch\u00f6l und Weihrauchharz in einer besonders kraftvollen und wirkungsvollen Weise kombiniert. Nutze den K\u00f6nig der \u00d6le f\u00fcr dein umfassendes Wohlbefinden und binde es auf einfache Art in deine t\u00e4gliche Wohlf\u00fchl-Routine ein.<\/p>\n","protected":false},"featured_media":16941,"template":"","meta":{"_et_pb_use_builder":"","_et_pb_old_content":"","_et_gb_content_width":""},"product_cat":[15,1918,50,52],"product_tag":[269,268],"_links":{"self":[{"href":"https:\/\/www.magnolioworld.com\/green-ch\/wp-json\/wp\/v2\/product\/16937"}],"collection":[{"href":"https:\/\/www.magnolioworld.com\/green-ch\/wp-json\/wp\/v2\/product"}],"about":[{"href":"https:\/\/www.magnolioworld.com\/green-ch\/wp-json\/wp\/v2\/types\/product"}],"wp:featuredmedia":[{"embeddable":true,"href":"https:\/\/www.magnolioworld.com\/green-ch\/wp-json\/wp\/v2\/media\/16941"}],"wp:attachment":[{"href":"https:\/\/www.magnolioworld.com\/green-ch\/wp-json\/wp\/v2\/media?parent=16937"}],"wp:term":[{"taxonomy":"product_cat","embeddable":true,"href":"https:\/\/www.magnolioworld.com\/green-ch\/wp-json\/wp\/v2\/product_cat?post=16937"},{"taxonomy":"product_tag","embeddable":true,"href":"https:\/\/www.magnolioworld.com\/green-ch\/wp-json\/wp\/v2\/product_tag?post=16937"}],"curies":[{"name":"wp","href":"https:\/\/api.w.org\/{rel}","templated":true}]}}