{"id":16749,"date":"2025-06-04T13:29:02","date_gmt":"2025-06-04T11:29:02","guid":{"rendered":"https:\/\/www.magnolioworld.com\/green-ch\/?post_type=product&#038;p=16749"},"modified":"2025-06-05T14:26:14","modified_gmt":"2025-06-05T12:26:14","slug":"doterra-bundle-wohlbefinden","status":"publish","type":"product","link":"https:\/\/www.magnolioworld.com\/green-ch\/doterra-bundle-wohlbefinden\/","title":{"rendered":"doTERRA Bundle Wohlbefinden"},"content":{"rendered":"<p><strong>doTERRA Bundle Wohlbefinden &#8211;<\/strong> Wellness darf ganz einfach sein<\/p>\n<p>Genau dabei unterst\u00fctzt dich dieses kosteng\u00fcnstige Bundle. Alle L\u00f6sungen f\u00fcr dein Wohlbefinden kommen in diesem Bundle ganz ohne Tabletten aus. Sie bieten dir mit diesen T\u00fctchen effiziente und komfortable M\u00f6glichkeiten zum Aufbau eines gesunden Lebensstils gerade auch unterwegs ganz ohne Schnick Schnack.<br \/>\nMit VMG+\u2122, EO Mega\u2122+ und PB Assist+\u2122 in Form von T\u00fctchen (Sachets) hast Du alle wertvollen und essentiellen N\u00e4hrstoffe, Vitamine und essentielle Fetts\u00e4uren stets griffbereit. Damit kannst du die t\u00e4gliche N\u00e4hrstoff-Routine einfach und mit wenig Aufwand in deinen Tagesablauf integrieren.\u00a0\u00a0<\/p>\n<p><strong>doTERRA Bundle Wohlbefinden<\/strong> &#8211; Einfaches und schnelles Wohlbefinden.\u00a0<\/p>\n<p>Produkte de Bundles:<\/p>\n<ul>\n<li>VMG+\u2122: Die revolution\u00e4re N\u00e4hrstoffl\u00f6sung aus 75 qualitativ hochwertigen und wissenschaftlich fundierten Inhaltsstoffe. Dazu geh\u00f6ren vollwertige Vitamine, Gem\u00fcse, Obst, Verdauungsenzyme, Mineralstoffe, Probiotika, \u00e4therische \u00d6le und andere wertvolle N\u00e4hrstoffe. Sie sind durch ein innovatives Herstellungsverfahren in hohem Ma\u00dfe bioverf\u00fcgbar.<\/li>\n<li>EO Mega\u2122: Bestes Premium-Fisch\u00f6l aus Norwegen, angereichert mit hochwertigem Lemon\u00f6l und nativem \u00d6liven\u00f6l aus von C\u014d-Impact Sourcing\u2122 Partner aus Griechenland. Jede Portion liefert \u00fcber 5.000 mg Fisch\u00f6l mit mehr als 1.000 mg essentiellen Omega-3-Fetts\u00e4uren, darunter EPA (Eicosapentaens\u00e4ure) und DHA (Docosahexaens\u00e4ure).<\/li>\n<li>PB Assist+\u2122: Hochwertiges Pro-und Pr\u00e4biotika. Es enth\u00e4lt ProBiome in einer einzigartigen Mischung aus verschiedenen Gattungen, Arten und St\u00e4mmen von Pr\u00e4- und Probiotika. Mit der Kombination aus 13 Probiotikst\u00e4mmen und einem pr\u00e4biotischen Ballaststoff \u2013 Fructo-Oligosaccharid (FOS) \u2013 unterst\u00fctzt PB Assist+ die Kolonisation von Mikroorganismen, die zu einem gesunden Darm verhelfen.<\/li>\n<\/ul>\n<div class=\"product-whats-inside__tab-wrap\">\n<div class=\"product-whats-inside__content\">\n<p><strong>Wohlbefinden kann so einfach sein &#8211; mit diesem doTERRA Bundle Wohlbefinden einfach das Beste f\u00fcr deinen gesunden Lebensstil.<\/strong><\/p>\n<\/div>\n<\/div>\n<p><strong>Empfehlung<\/strong><br \/>\nSiehe Empfehlungen zu den Einzelprodukten<\/p>\n<p><strong>Sichere Verwendung<\/strong><br \/>\nAu\u00dferhalb der Reichweite von Kindern aufbewahren. Achte darauf, die empfohlene t\u00e4gliche Dosis nicht zu \u00fcberschreiten. Lese vor Gebrauch alle Empfehlungen und Sicherheitshinweise. Bitte beachte, dass Nahrungserg\u00e4nzungen eine vollwertige und ausgeglichene Ern\u00e4hrung sowie einen gesunden Lebensstil nicht ersetzen k\u00f6nnen. Schwangere und Stillende sowie Menschen mit bekannten gesundheitlichen Schwierigkeiten vor der Einnahme \u00e4rztlichen Rat einholen. Aufbewahrung an einem k\u00fchlen, trockenen Ort. Dabei bitte das Mindesthaltbarkeitsdatum beachten. VMG + ist f\u00fcr Kinder nicht empfohlen.<\/p>\n","protected":false},"excerpt":{"rendered":"<h2 style=\"font-size: 28px;\">Wohlbefinden kann ganz einfach sein<\/h2>\n<p><strong>doTERRA Bundle Wohlbefinden &#8211;<\/strong> Genau dabei unterst\u00fctzt dich dieses kosteng\u00fcnstige Bundle. Alle L\u00f6sungen f\u00fcr dein Wohlbefinden kommen in diesem Bundle ganz ohne Tabletten aus. Sie bieten dir mit diesen T\u00fctchen effiziente und komfortable M\u00f6glichkeiten zum Aufbau eines gesunden Lebensstils gerade auch unterwegs ganz ohne Schnick Schnack. Mit VMG+\u2122, EO Mega\u2122+ (Sachets) und PB Assist+\u2122 hast du alle wertvollen und essentiellen N\u00e4hrstoffe, Vitamine und essentielle Fetts\u00e4uren stets griffbereit. Die Revolution in der N\u00e4hrstoffversorgung.<br \/>\nWohlbefinden kann so einfach sein &#8211; mit diesem Bundle einfach das Beste f\u00fcr deinen gesunden Lebensstil.<\/p>\n","protected":false},"featured_media":16760,"template":"","meta":{"_et_pb_use_builder":"","_et_pb_old_content":"","_et_gb_content_width":""},"product_cat":[15,1918,52,1943,1947,1972,2004,1989],"product_tag":[581],"_links":{"self":[{"href":"https:\/\/www.magnolioworld.com\/green-ch\/wp-json\/wp\/v2\/product\/16749"}],"collection":[{"href":"https:\/\/www.magnolioworld.com\/green-ch\/wp-json\/wp\/v2\/product"}],"about":[{"href":"https:\/\/www.magnolioworld.com\/green-ch\/wp-json\/wp\/v2\/types\/product"}],"wp:featuredmedia":[{"embeddable":true,"href":"https:\/\/www.magnolioworld.com\/green-ch\/wp-json\/wp\/v2\/media\/16760"}],"wp:attachment":[{"href":"https:\/\/www.magnolioworld.com\/green-ch\/wp-json\/wp\/v2\/media?parent=16749"}],"wp:term":[{"taxonomy":"product_cat","embeddable":true,"href":"https:\/\/www.magnolioworld.com\/green-ch\/wp-json\/wp\/v2\/product_cat?post=16749"},{"taxonomy":"product_tag","embeddable":true,"href":"https:\/\/www.magnolioworld.com\/green-ch\/wp-json\/wp\/v2\/product_tag?post=16749"}],"curies":[{"name":"wp","href":"https:\/\/api.w.org\/{rel}","templated":true}]}}