{"id":16747,"date":"2025-06-04T12:34:46","date_gmt":"2025-06-04T10:34:46","guid":{"rendered":"https:\/\/www.magnolioworld.com\/green-ch\/?post_type=product&#038;p=16747"},"modified":"2025-06-05T13:52:20","modified_gmt":"2025-06-05T11:52:20","slug":"doterra-eo-mega-softgels","status":"publish","type":"product","link":"https:\/\/www.magnolioworld.com\/green-ch\/doterra-eo-mega-softgels\/","title":{"rendered":"doTERRA EO Mega+ Softgels"},"content":{"rendered":"<p><strong>doTERRA EO Mega+ Softgels &#8211; <\/strong>Die Premium-Versorgung mit Omega-Fetts\u00e4uren von im Nordmeer gefangenem Wildfisch.<\/p>\n<p>Die optimale N\u00e4hrstoffversorgung darf einfach sein. Mit diesem Produkt revolutioniert doTERRA die Anwendung und Einnahme der optimalen N\u00e4hrstoffversorgung mit Omega-Fetts\u00e4uren. Dieses wohlschmeckende Produkt wird mit hochwertigstes Wildorangen\u00f6l von C\u014d-Impact Sourcing\u2122 Partnern angereichert. F\u00fcr die Gewinnung des hochwertigen Fisch\u00f6ls wird zusammen mit einer Co-Partnerschaft aus Norwegen traditionelles Wissen mit moderner Technologie vereint. Dank dieses Fachwissens wird sauberstes, reinstes und am besten nachweisbares Fisch\u00f6l gewonnen.<\/p>\n<p>Die Premium-Qualit\u00e4t ist gerade f\u00fcr essentielle Fetts\u00e4uren so wichtig, da sie lebensnotwendige N\u00e4hrstoffe mit au\u00dfergew\u00f6hnlichen Vorz\u00fcgen sind. Da diese unser K\u00f6rper nicht selbst produzieren kann, m\u00fcssen sie durch Nahrung oder Nahrungserg\u00e4nzungsmittel zugef\u00fchrt werden. <br \/>\ndoTERRA EO Mega+ Softgels f\u00fcllen diese N\u00e4hrstoffl\u00fccke, da sie eine praktische Quelle f\u00fcr essentielle Fetts\u00e4uren bietet.\u00a0<\/p>\n<p><strong>doTERRA EO Mega+ Softgels &#8211; <\/strong>alle wichtigen essentiellen Fetts\u00e4uren in nur einem T\u00fctchen t\u00e4glich.\u00a0<\/p>\n<p>EO Mega+ Softgels bieten folgende Vorteile:<\/p>\n<div class=\"product-whats-inside__tab-wrap\">\n<div class=\"product-whats-inside__content\">\n<ul class=\"product-whats-inside__info-list custom-list\">\n<li>Eine k\u00f6stliche und wohlschmeckende Rezeptur von Omega-Fetts\u00e4uren aus reinstem Premium-Fisch\u00f6l des Nordmeers.\u00a0<\/li>\n<li>Das Nordmeer garantiert als n\u00e4hrsroffreichste Wassermasse der Welt die reinste und sauberste Qualit\u00e4t von Fisch\u00f6l aus wild gefangenem Fisch.<\/li>\n<li>Angereichert mit \u00e4therischem Wildorangen\u00f6l, das durch eine C\u014d-Impact Sourcing Initiative bezogen wird und reich an Limonen ist.<\/li>\n<li><span data-teams=\"true\">Jede Portion<\/span> liefert \u00fcber 2.000 mg Fisch\u00f6l mit mehr als 900 mg essentiellen Omega-3-Fetts\u00e4uren, darunter 800 mg EPA (Eicosapentaens\u00e4ure) und DHA (Docosahexaens\u00e4ure). EPA und DHA tragen zu einer normalen Herzfunktion bei. DHA zur Erhaltung der normalen Sehkraft und normalen Gehirnfunktion.<\/li>\n<li>Praktische Tapioka-Softgels zur einfachen Einnahme.<\/li>\n<li>Frei von genetisch ver\u00e4nderten Organismen (GVO), Milchprodukten, Soja und Gluten<\/li>\n<\/ul>\n<p>\n<strong>doTERRA EO Mega+ <\/strong>Softgels sind mehr als eine Omega-Quelle, sie sind eine vollst\u00e4ndige Wellnessl\u00f6sung. G\u00f6nne dir diese Basis f\u00fcr optimales Wohlbefinden.<strong><\/p>\n<p><\/strong>Ideal zusammen mit VMO+\u2122 und d\u014dTERRA PB Assist+ bzw. PB Restore\u2122 als eine praktische Multifunktionsl\u00f6sung f\u00fcr dein Wohlbefinden. Als preisg\u00fcnstige Sets doTERRA Bundle Wohlbefinden (Sachets) und doTERRA Bundle Wohlbefinden Klassisch (Tabletten) verf\u00fcgbar<strong>.<\/strong><\/p>\n<\/div>\n<\/div>\n<p><strong>Empfehlung<\/strong><br \/>\nT\u00e4glich 3 Softgels zusammen mit einer Mahlzeit einnehmen.<\/p>\n<p><strong>Sichere Verwendung<\/strong><br \/>\nAu\u00dferhalb der Reichweite von Kindern aufbewahren. Achte darauf, die empfohlene t\u00e4gliche Dosis nicht zu \u00fcberschreiten. Lese vor Gebrauch alle Empfehlungen und Sicherheitshinweise. Bitte beachte, dass Nahrungserg\u00e4nzungen eine vollwertige und ausgeglichene Ern\u00e4hrung sowie einen gesunden Lebensstil nicht ersetzen k\u00f6nnen. Schwangere und Stillende sowie Menschen mit bekannten gesundheitlichen Schwierigkeiten vor der Einnahme \u00e4rztlichen Rat einholen. Aufbewahrung an einem k\u00fchlen, trockenen Ort. Dabei bitte das Mindesthaltbarkeitsdatum beachten.<\/p>\n","protected":false},"excerpt":{"rendered":"<h2 style=\"font-size: 28px;\">Die Premium-Versorgung mit Omega-Fetts\u00e4ure<\/h2>\n<p><strong>doTERRA EO Mega+ Softgels &#8211;<\/strong> Die Premium-Versorgung mit Omega-Fetts\u00e4uren von im Nordmeer gefangenem Wildfisch. Angereichert mit Wildorangen\u00f6l eine k\u00f6stliche und wohlschmeckende Rezeptur von Omega-Fetts\u00e4uren gewonnen aus reinstem Premium-Fisch\u00f6l des Nordmeers. Jede Portion liefert \u00fcber 2.000 mg Fisch\u00f6l mit mehr als 900 mg essentiellen Omega-3-Fetts\u00e4uren, darunter EPA (Eicosapentaens\u00e4ure) und DHA (Docosahexaens\u00e4ure). EPA und DHA tragen zu einer normalen Herzfunktion bei. DHA zur Erhaltung der normalen Sehkraft und normalen Gehirnfunktion.\u00a0<br \/>\nG\u00f6nne dir das Beste aus der Natur f\u00fcr dein optimales Wohlbefinden.<\/p>\n","protected":false},"featured_media":16759,"template":"","meta":{"_et_pb_use_builder":"","_et_pb_old_content":"","_et_gb_content_width":""},"product_cat":[15,1918,52,1943,1947,1972,2004,1989],"product_tag":[581],"_links":{"self":[{"href":"https:\/\/www.magnolioworld.com\/green-ch\/wp-json\/wp\/v2\/product\/16747"}],"collection":[{"href":"https:\/\/www.magnolioworld.com\/green-ch\/wp-json\/wp\/v2\/product"}],"about":[{"href":"https:\/\/www.magnolioworld.com\/green-ch\/wp-json\/wp\/v2\/types\/product"}],"wp:featuredmedia":[{"embeddable":true,"href":"https:\/\/www.magnolioworld.com\/green-ch\/wp-json\/wp\/v2\/media\/16759"}],"wp:attachment":[{"href":"https:\/\/www.magnolioworld.com\/green-ch\/wp-json\/wp\/v2\/media?parent=16747"}],"wp:term":[{"taxonomy":"product_cat","embeddable":true,"href":"https:\/\/www.magnolioworld.com\/green-ch\/wp-json\/wp\/v2\/product_cat?post=16747"},{"taxonomy":"product_tag","embeddable":true,"href":"https:\/\/www.magnolioworld.com\/green-ch\/wp-json\/wp\/v2\/product_tag?post=16747"}],"curies":[{"name":"wp","href":"https:\/\/api.w.org\/{rel}","templated":true}]}}