{"id":15961,"date":"2025-02-08T17:14:02","date_gmt":"2025-02-08T16:14:02","guid":{"rendered":"https:\/\/www.magnolioworld.com\/green-ch\/?post_type=product&#038;p=15961"},"modified":"2025-02-08T18:24:21","modified_gmt":"2025-02-08T17:24:21","slug":"metapwr-recharge","status":"publish","type":"product","link":"https:\/\/www.magnolioworld.com\/green-ch\/metapwr-recharge\/","title":{"rendered":"MetaPWR Recharge"},"content":{"rendered":"<p><strong>MetaPWR Recharge &#8211;<\/strong> Die tiefenwirksame Kombination f\u00fcr einen optimalen Fl\u00fcssigkeitshaushalt<\/p>\n<p>Mit dieser einzigartigen Mischung werden Elektrolyte, Pflanzenextrakte und Mineralstoffe f\u00fcr eine anhaltende Fl\u00fcssigkeitszufuhr kombiniert. Damit wird eine essentielle Unterst\u00fctzung f\u00fcr tiefgreifende Fl\u00fcssigkeitszufuhr auf zellularer Ebene erzeugt. In der Kombination sind 74 Mineralstoffe und 3 Arten von Magnesium enthalten.<\/p>\n<p>In <strong>MetaPWR Recharge<\/strong> befindet sich Ginseng in Verbindung mit einem einzigartigen marinen Mineralien-Komplex. Es wird aus seltenen wertvollen Rotalgen gewonnen, die nur in Island und Irland zu finden sind. Sie liefern in diesem\u00a0 Komplex essentielle Spurenelemente, die die Algen w\u00e4hrend der Wachstumsphase aus dem Meer absorbieren.<br \/>\nSo wird eine optimale Zusammenarbeit zwischen Wasser und Zellen erm\u00f6glicht und eine effektive Feuchtigkeitszufuhr gew\u00e4hrleistet.<\/p>\n<p>Das alles in einem praktischen, fl\u00fcssigen und schnelll\u00f6slichen Format f\u00fcr die t\u00e4gliche Einnahme, um deine Routine rund ums MetaPWR\u2122 System zu verbessern.<\/p>\n<p>Zusammen mit MetaPWR Advantage und PBAssist+ als schneller Shake f\u00fcr eine umfassende Versorgung deines K\u00f6rpers mit hochwertigen Elektrolyten, Kollagen und Pro- sowie Pr\u00e4biotika. Ideal f\u00fcr das Wohlbefinden von Muskeln und Gelenken, Herz- und Kreislauf, die Verdauung sowie eine elastische straffe und jugendliche Haut.<\/p>\n<p>G\u00f6nne Dir diese Basis f\u00fcr optimale Lebensenergie und Vitalit\u00e4t bis ins hohe Alter.<strong><br \/>\n<\/strong><\/p>\n<p><strong>Empfehlung<br \/>\n<\/strong>T\u00e4glich einen Beutel in 470 ml Wasser geben und geniessen. Vorher den Beutel zur Aktivierung sch\u00fctteln.<strong><br \/>\n<\/strong>F\u00fcr optimale Ergebnisse wird eine regelm\u00e4ssige Einnahme empfohlen. Achte zus\u00e4tzliche auf eine vollwertige Ern\u00e4hrung und ausreichende Bewegung<strong>. I<\/strong>dealerweise wird MetaPWR Recharge mit dem vollst\u00e4ndigen MetaPWR\u2122 System erg\u00e4nzt. <br \/>\nVor Gebrauch alle Empfehlungen und Sicherheitshinweise lesen.<\/p>\n<p><strong>Sichere Verwendung<\/strong><br \/>\nAu\u00dferhalb der Reichweite von Kindern aufbewahren. Empfohlene t\u00e4gliche Menge nicht \u00fcberschreiten. Schwangere und Stillende sowie Menschen mit bekannten medizinischen Problemen sollten vor der Einnahme \u00e4rztlichen Rat einholen. An einem k\u00fchlen und trockenen Ort lagern. Nahrungserg\u00e4nzungsmittel sind kein Ersatz f\u00fcr eine abwechslungsreiche und ausgewogene Ern\u00e4hrung oder eine gesunde Lebensweise.<\/p>\n","protected":false},"excerpt":{"rendered":"<h2 style=\"font-size: 28px;\">Die tiefenwirksame Kombination f\u00fcr einen optimalen Fl\u00fcssigkeitshaushalt<\/h2>\n<p><strong>MetaPWR Recharge\u00a0 &#8211;<\/strong> Mit dieser einzigartigen Mischung werden Elektrolyte, Pflanzenextrakte und Mineralstoffe f\u00fcr eine anhaltende Fl\u00fcssigkeitszufuhr kombiniert. Damit wird eine essentielle Unterst\u00fctzung f\u00fcr tiefgreifende Fl\u00fcssigkeitszufuhr auf zellularer Ebene erzeugt. Ideal zusammen mit dem MetaPWR System f\u00fcr eine optimale Versorgung von Muskeln und Gelenken, Herz- und Kreislauf, Stoffwechsel und Verdauung und damit Lebensenergie und Wohlbefinden bis ins hohe Alter.<\/p>\n","protected":false},"featured_media":15963,"template":"","meta":{"_et_pb_use_builder":"","_et_pb_old_content":"","_et_gb_content_width":""},"product_cat":[15,1918,52,1943,1945,2004],"product_tag":[581],"_links":{"self":[{"href":"https:\/\/www.magnolioworld.com\/green-ch\/wp-json\/wp\/v2\/product\/15961"}],"collection":[{"href":"https:\/\/www.magnolioworld.com\/green-ch\/wp-json\/wp\/v2\/product"}],"about":[{"href":"https:\/\/www.magnolioworld.com\/green-ch\/wp-json\/wp\/v2\/types\/product"}],"wp:featuredmedia":[{"embeddable":true,"href":"https:\/\/www.magnolioworld.com\/green-ch\/wp-json\/wp\/v2\/media\/15963"}],"wp:attachment":[{"href":"https:\/\/www.magnolioworld.com\/green-ch\/wp-json\/wp\/v2\/media?parent=15961"}],"wp:term":[{"taxonomy":"product_cat","embeddable":true,"href":"https:\/\/www.magnolioworld.com\/green-ch\/wp-json\/wp\/v2\/product_cat?post=15961"},{"taxonomy":"product_tag","embeddable":true,"href":"https:\/\/www.magnolioworld.com\/green-ch\/wp-json\/wp\/v2\/product_tag?post=15961"}],"curies":[{"name":"wp","href":"https:\/\/api.w.org\/{rel}","templated":true}]}}