{"id":15546,"date":"2024-12-03T19:28:01","date_gmt":"2024-12-03T18:28:01","guid":{"rendered":"https:\/\/www.magnolioworld.com\/green-ch\/?post_type=product&#038;p=15546"},"modified":"2025-10-15T10:59:35","modified_gmt":"2025-10-15T08:59:35","slug":"doterra-serenity-stick","status":"publish","type":"product","link":"https:\/\/www.magnolioworld.com\/green-ch\/doterra-serenity-stick\/","title":{"rendered":"doTERRA Serenity Stick"},"content":{"rendered":"<p><strong>doTERRA Serenity Stick<\/strong> &#8211;\u00a0 Die sanfte Umarmung f\u00fcr eine erholsame Nacht &#8211; mit Baldrian<\/p>\n<p>Du leidest unter Spannungsgef\u00fchlen, bist unruhig und kommst nicht richtig zur Ruhe? Dann ist die beruhigende Mischung <strong>im doTERRA Serenity Stick<\/strong> mit Baldrian dein idealer Wegbegleiter.<\/p>\n<p>Die \u00d6lmischung hat ein beruhigendes und entspannendes Aroma, das dir die Anspannung nimmt und zur wohlverdienten Ruhe kommen l\u00e4sst. Sie unterst\u00fctzt auch in besonderer Weise einen erholsamen Schlaf und ist eine wunderbare Einschlafhilfe.<\/p>\n<p>Insbesondere die \u00e4therischen \u00d6le Ho-Wood und Vetiver verleihen Serenity ein erdendes Aroma, das den Geist bes\u00e4nftigt und die Sinne beruhigt. Ausserdem sorgen die ausgleichenden \u00e4therischen \u00d6le wie Cedarwood, Lavender, Ylang Ylang, Marjoram, Roman Chamomile, Hawaiian Sandalwood sowie Vanilla Beans (Vanilleschoten) f\u00fcr eine optimale Entspannung.<\/p>\n<p><strong>Empfehlung<\/strong><br \/>\nTopisch: doTERRA Serenity Stick vor dem Schlafengehen auf die Innenseiten der Handgelenke, in den Nacken, auf die Brust oder Fu\u00dfsohlen auftragen.\u00a0<\/p>\n<p><strong>Sichere Verwendung<\/strong><br \/>\nKontakt mit den Augen vermeiden. Nur zur \u00e4u\u00dferlichen Anwendung. Nicht im Gesicht verwenden. Falls Irritationen auftreten, die Anwendung beenden. Au\u00dferhalb der Reichweite von Kindern aufbewahren, au\u00dfer bei Aufsicht durch Erwachsene. Nicht zur Anwendung bei Kindern unter 1 Jahr geeignet.<\/p>\n","protected":false},"excerpt":{"rendered":"<h2 style=\"font-size: 28px;\">Erholsamer Stift<\/h2>\n<p><strong>doTERRA Serenity Stick<\/strong> &#8211;\u00a0 Die Kombination der besonderen \u00d6lmischung doTERRA Sernity und Baldrian verhilft zu einer erholsamen Nachtruhe und wirkt wie eine sanfte Umarmung f\u00fcr die Nacht. Die neue Rezeptur zieht sofort ein und kann auch wunderbar zwischendurch oder auf Reisen, am Arbeitsplatz oder beim Sport aufgetragen werden.<\/p>\n","protected":false},"featured_media":15555,"template":"","meta":{"_et_pb_use_builder":"","_et_pb_old_content":"","_et_gb_content_width":""},"product_cat":[15,51,39,48,54,1963,1983],"product_tag":[],"_links":{"self":[{"href":"https:\/\/www.magnolioworld.com\/green-ch\/wp-json\/wp\/v2\/product\/15546"}],"collection":[{"href":"https:\/\/www.magnolioworld.com\/green-ch\/wp-json\/wp\/v2\/product"}],"about":[{"href":"https:\/\/www.magnolioworld.com\/green-ch\/wp-json\/wp\/v2\/types\/product"}],"wp:featuredmedia":[{"embeddable":true,"href":"https:\/\/www.magnolioworld.com\/green-ch\/wp-json\/wp\/v2\/media\/15555"}],"wp:attachment":[{"href":"https:\/\/www.magnolioworld.com\/green-ch\/wp-json\/wp\/v2\/media?parent=15546"}],"wp:term":[{"taxonomy":"product_cat","embeddable":true,"href":"https:\/\/www.magnolioworld.com\/green-ch\/wp-json\/wp\/v2\/product_cat?post=15546"},{"taxonomy":"product_tag","embeddable":true,"href":"https:\/\/www.magnolioworld.com\/green-ch\/wp-json\/wp\/v2\/product_tag?post=15546"}],"curies":[{"name":"wp","href":"https:\/\/api.w.org\/{rel}","templated":true}]}}