{"id":15328,"date":"2024-11-05T19:31:27","date_gmt":"2024-11-05T18:31:27","guid":{"rendered":"https:\/\/www.magnolioworld.com\/green-ch\/?post_type=product&#038;p=15328"},"modified":"2025-08-04T13:25:40","modified_gmt":"2025-08-04T11:25:40","slug":"doterra-yule-log","status":"publish","type":"product","link":"https:\/\/www.magnolioworld.com\/green-ch\/doterra-yule-log\/","title":{"rendered":"doTERRA Yule Log"},"content":{"rendered":"<p><strong>doTERRA Yule Log &#8211; Einladende Mischung<\/p>\n<p><\/strong>Mache dir es mit der Yule Log Mischung gem\u00fctlich. Eine reichhaltige, erdige Mischung aus holzigen Extrakten und \u00e4therischen \u00d6len verbreitet die Sehnsucht nach einer winterlichen Atmosph\u00e4re und schafft Gem\u00fctlichkeit.<\/p>\n<p>Cedarwood (Zeder), Siamholz, Sandalwood (Sandelholz), Nootka und Cistus (Zitrose) erinnern in Verbindung mit Kokosnuss und Ambrettesamen an das Aroma eines knisternden Feuers und den herrlichen Glanz der Glut, der seit Jahrhunderten die heimischen Kamine erf\u00fcllt. Lassen Sie die Yule Log Mischung Ihre Abende mit Freude f\u00fcllen, wenn Sie mit Freundinnen und Freunden und Ihrer Familie die zeitlose Magie der Saison feiern.<\/p>\n<p><strong>Empfehlung<\/strong><br \/>\nMische f\u00fcr eine Massage 5 Tropfen mit ca.10 ml Tr\u00e4ger\u00f6l. F\u00fcr ein Bad mische 5 Tropfen mit ca. 5 ml Tr\u00e4ger\u00f6l. Als Parf\u00fcm mische 1 Tropfen mit 10 Tropfen Tr\u00e4ger\u00f6l. Nur zur \u00e4u\u00dferlichen Anwendung.<\/p>\n<p><strong>Sichere Anwendung<br \/>\n<\/strong>Hautreizungen sind m\u00f6glich. Au\u00dferhalb der Reichweite von Kindern aufbewahren. Sollten Sie schwanger oder unter \u00e4rztlicher Behandlung sein, konsultieren Sie bitte Ihren Arzt oder Ihre \u00c4rztin. Nicht mit den Augen, Innenohren, dem Gesicht oder anderen empfindlichen Stellen in Ber\u00fchrung bringen.<\/p>\n","protected":false},"excerpt":{"rendered":"<h2 style=\"font-size: 28px;\"><strong>doTERRA Yule Log &#8211; Einladende Mischung<\/strong><\/h2>\n<p>doTERRA Yule Log &#8211; Mache dir es sich mit der Yule Log Mischung gem\u00fctlich. Eine reichhaltige, erdige Mischung aus holzigen Extrakten und \u00e4therischen \u00d6len verbreitet die Sehnsucht nach einer winterlichen Atmosph\u00e4re und schafft Gem\u00fctlichkeit.<\/p>\n","protected":false},"featured_media":15339,"template":"","meta":{"_et_pb_use_builder":"","_et_pb_old_content":"","_et_gb_content_width":""},"product_cat":[15,1918],"product_tag":[411],"_links":{"self":[{"href":"https:\/\/www.magnolioworld.com\/green-ch\/wp-json\/wp\/v2\/product\/15328"}],"collection":[{"href":"https:\/\/www.magnolioworld.com\/green-ch\/wp-json\/wp\/v2\/product"}],"about":[{"href":"https:\/\/www.magnolioworld.com\/green-ch\/wp-json\/wp\/v2\/types\/product"}],"wp:featuredmedia":[{"embeddable":true,"href":"https:\/\/www.magnolioworld.com\/green-ch\/wp-json\/wp\/v2\/media\/15339"}],"wp:attachment":[{"href":"https:\/\/www.magnolioworld.com\/green-ch\/wp-json\/wp\/v2\/media?parent=15328"}],"wp:term":[{"taxonomy":"product_cat","embeddable":true,"href":"https:\/\/www.magnolioworld.com\/green-ch\/wp-json\/wp\/v2\/product_cat?post=15328"},{"taxonomy":"product_tag","embeddable":true,"href":"https:\/\/www.magnolioworld.com\/green-ch\/wp-json\/wp\/v2\/product_tag?post=15328"}],"curies":[{"name":"wp","href":"https:\/\/api.w.org\/{rel}","templated":true}]}}