{"id":15324,"date":"2024-11-05T18:23:29","date_gmt":"2024-11-05T17:23:29","guid":{"rendered":"https:\/\/www.magnolioworld.com\/green-ch\/?post_type=product&#038;p=15324"},"modified":"2025-10-15T18:46:58","modified_gmt":"2025-10-15T16:46:58","slug":"doterra-wohlfuehltrio","status":"publish","type":"product","link":"https:\/\/www.magnolioworld.com\/green-ch\/doterra-wohlfuehltrio\/","title":{"rendered":"doTERRA Wohlf\u00fchltrio"},"content":{"rendered":"<p><strong>doTERRA Wohlf\u00fchltrio<\/strong> <\/p>\n<p>S\u00fc\u00dfe Orange, frische Minze und warme Vanilleschoten vereinen sich und kreieren die perfekte Stimmung f\u00fcr die besonderen Momente des Lebens. Pr\u00e4sentiert in einer Geschenkbox mit d\u014dTERRA-Logo!<br \/>\nEin ideales Geschenk f\u00fcr \u00d6le-Einsteiger oder als duftende Beigabe.<\/p>\n<p>F\u00fcr entspannende Momente des Lebens.<\/p>\n<p>Die Geschenkbox besteht aus je 5 ml Peppermint, Wild Orange und Madagaskar Vanilla.<\/p>\n<p><strong>Empfehlung<\/strong><br \/>\nBeachte die Empfehlungen bei den einzelnen Produkten.<\/p>\n<p><strong>Sichere Anwendung<br \/>\n<\/strong>Nur verd\u00fcnnt verwenden. Nicht mehr als einen Tropfen pro Tag verwenden. Au\u00dferhalb der Reichweite von Kindern aufbewahren. Wenn du schwanger bist oder unter \u00e4rztlicher Aufsicht stehst, konsultiere bitte deinen Arzt. Kontakt mit Augen, Innenohren, Gesicht, empfindlichen Stellen und Schleimh\u00e4uten vermeiden.<\/p>\n","protected":false},"excerpt":{"rendered":"<h2 style=\"font-size: 28px;\">doTERRA Wohlf\u00fchltrio<\/h2>\n<p>Das doTERRA Wohlf\u00fchltrio ist ein wundervolles entspannendes Geschenk.. Mit je 5 ml Peppermint, Wild Orange und Madagaskar Vanilla werden S\u00fc\u00dfe Orange, frische Minze und warme Vanilleschoten vereint und kreieren die perfekte Stimmung f\u00fcr die besonderen Momente des Lebens.<\/p>\n","protected":false},"featured_media":15340,"template":"","meta":{"_et_pb_use_builder":"","_et_pb_old_content":"","_et_gb_content_width":""},"product_cat":[15,1957],"product_tag":[411],"_links":{"self":[{"href":"https:\/\/www.magnolioworld.com\/green-ch\/wp-json\/wp\/v2\/product\/15324"}],"collection":[{"href":"https:\/\/www.magnolioworld.com\/green-ch\/wp-json\/wp\/v2\/product"}],"about":[{"href":"https:\/\/www.magnolioworld.com\/green-ch\/wp-json\/wp\/v2\/types\/product"}],"wp:featuredmedia":[{"embeddable":true,"href":"https:\/\/www.magnolioworld.com\/green-ch\/wp-json\/wp\/v2\/media\/15340"}],"wp:attachment":[{"href":"https:\/\/www.magnolioworld.com\/green-ch\/wp-json\/wp\/v2\/media?parent=15324"}],"wp:term":[{"taxonomy":"product_cat","embeddable":true,"href":"https:\/\/www.magnolioworld.com\/green-ch\/wp-json\/wp\/v2\/product_cat?post=15324"},{"taxonomy":"product_tag","embeddable":true,"href":"https:\/\/www.magnolioworld.com\/green-ch\/wp-json\/wp\/v2\/product_tag?post=15324"}],"curies":[{"name":"wp","href":"https:\/\/api.w.org\/{rel}","templated":true}]}}