{"id":14707,"date":"2024-08-08T15:57:42","date_gmt":"2024-08-08T13:57:42","guid":{"rendered":"https:\/\/www.magnolioworld.com\/green-ch\/?post_type=product&#038;p=14707"},"modified":"2025-10-15T18:46:53","modified_gmt":"2025-10-15T16:46:53","slug":"doterra-shinrin-yoku","status":"publish","type":"product","link":"https:\/\/www.magnolioworld.com\/green-ch\/doterra-shinrin-yoku\/","title":{"rendered":"doTERRA Shinrin-Yoku"},"content":{"rendered":"<p><strong>doTERRA Shinrin-Yoku <\/strong>&#8211; Entspanntes Waldbaden im Alltag<\/p>\n<p>Wolltest Du schon immer den Duft, die Ruhe und einzigartige Energie des Waldes in deinen Alltag integrieren? Dann bist du mit dieser wundervollen Waldbaden-Mischung bestens versorgt. Sie f\u00f6rdert mit ihrem erfrischenden und inspirierend belebenden und zugleich ausgleichenden Duft eine erdende und naturverbundene Umgebung &#8211; egal, wo du dich gerade befindest.<br \/>\nDiese Mischung wurde inspiriert von der anerkannten japanischen Wohlf\u00fchlmethode des Waldbadens Shinrin-Yoku. Sie entstand in den 1980er Jahren in Japan und ihre Vorteile und wohltuende Wirkung wurde dort durch jahrzehntelange Forschung best\u00e4tigt.<\/p>\n<p>Der verf\u00fchrerische Duft der \u00e4therischen \u00d6lmischung <strong>doTERRA Shinrin-Yoku <\/strong>aus Lemon, Patchouli, Magnolia und Siberian Fir vermittelt einzigartige Ruhe und Entspannung. Diese \u00e4therischen \u00d6le sind reich an Terpenen und Phytonziden, die mit den positiven Auswirkungen des Aufenthaltes in der Natur in Verbindung gebracht werden.<\/p>\n<p>So kannst du dir \u00fcberall und jederzeit im Alltag eine kleine Auszeit und Wellnessoase schaffen. Nat\u00fcrlich ist diese Mischung auch ideal f\u00fcr alle Entspannungs\u00fcbungen, Meditationen, Yoga oder Wellnessanwendungen geeignet.<\/p>\n<p>doTERRA Shinrin-Yoku f\u00fcr die kleine Waldbaden-Auszeit im Alltag.<br \/>\n<strong><br \/>\nEmpfehlung<\/strong><br \/>\nAromatisch: F\u00fcr eine Umgebung in Ruhe und Entspannung und als Lufterfrischer 3\u20134 Tropfen im Diffuser vernebeln. Ideal auch beim Meditieren oder der Yoga-Praxis sowie vor dem Zubettgehen.<br \/>\nTopisch: Am Morgen f\u00fcr einen ausgeglichenen Tag auf die Fuss-Sohlen auftragen. Zur Entschleunigung, Ruhe und Konzentration im Alltag bzw. beim Yoga einfach 1 Tropfen auf die Pulspunkte auftragen und tief inhalieren.<br \/>\nVor dem Schlafengehen verd\u00fcnnt auf die Haut auftragen, um zur Ruhe zu finden und sch\u00f6ne Tr\u00e4ume anzuregen.<br \/>\nF\u00fcr Massagen: 5 Tropfen mit 10 ml Tr\u00e4ger\u00f6l mischen. Zusammen mit Meersalz oder Sahne 5 Tropfen als Entspannungsbad nach einem langen Tag. Als Parf\u00fcm 1 Tropfen mit 10 Tropfen Tr\u00e4ger\u00f6l mischen und auf die Pulspunkte auftragen.<\/p>\n<p><strong>Sichere Verwendung<\/strong><br \/>\nHautreizungen m\u00f6glich. Au\u00dferhalb der Reichweite von Kindern aufbewahren. Wenn du schwanger bist oder in \u00e4rztlicher Behandlung stehst, konsultiere bitte den Arzt. Kontakt mit Augen, Innenohren, Gesicht, empfindlichen Stellen und Schleimh\u00e4uten vermeiden. Nur zur \u00e4u\u00dferlichen Anwendung. Mindestens 12 Stunden nach dem Auftragen des Produkts Sonnenlicht und UV-Strahlen meiden.<\/p>\n","protected":false},"excerpt":{"rendered":"<h2 style=\"font-size: 28px;\">Die Waldbaden &#8211; Mischung<\/h2>\n<p>doTERRA Shinrin-Yoku &#8211; Entspanntes Waldbaden im Alltag. Sie f\u00f6rdert mit ihrem erfrischenden und inspirierend belebenden und zugleich ausgleichenden Duft eine erdende und naturverbundene Umgebung &#8211; egal, wo du dich gerade befindest. Inspiriert von der wohltuenden japanischen Waldbaden-Methode Shinrin-Yoku.<\/p>\n","protected":false},"featured_media":14729,"template":"","meta":{"_et_pb_use_builder":"","_et_pb_old_content":"","_et_gb_content_width":""},"product_cat":[15,51,36,38,41,45,1942,1948,1960,1985],"product_tag":[282,283],"_links":{"self":[{"href":"https:\/\/www.magnolioworld.com\/green-ch\/wp-json\/wp\/v2\/product\/14707"}],"collection":[{"href":"https:\/\/www.magnolioworld.com\/green-ch\/wp-json\/wp\/v2\/product"}],"about":[{"href":"https:\/\/www.magnolioworld.com\/green-ch\/wp-json\/wp\/v2\/types\/product"}],"wp:featuredmedia":[{"embeddable":true,"href":"https:\/\/www.magnolioworld.com\/green-ch\/wp-json\/wp\/v2\/media\/14729"}],"wp:attachment":[{"href":"https:\/\/www.magnolioworld.com\/green-ch\/wp-json\/wp\/v2\/media?parent=14707"}],"wp:term":[{"taxonomy":"product_cat","embeddable":true,"href":"https:\/\/www.magnolioworld.com\/green-ch\/wp-json\/wp\/v2\/product_cat?post=14707"},{"taxonomy":"product_tag","embeddable":true,"href":"https:\/\/www.magnolioworld.com\/green-ch\/wp-json\/wp\/v2\/product_tag?post=14707"}],"curies":[{"name":"wp","href":"https:\/\/api.w.org\/{rel}","templated":true}]}}